{"id":220521,"date":"2024-10-14T11:17:12","date_gmt":"2024-10-14T09:17:12","guid":{"rendered":"https:\/\/digalco.com\/tienda\/hp-elite-x2-1012-g2-12-recondicionado-core-i5-25ghz-8-gb-ram-256-gb-ssd-m2-2736x1824-pt-9035\/"},"modified":"2026-04-15T16:52:30","modified_gmt":"2026-04-15T14:52:30","slug":"hp-elite-x2-1012-g2-12-recondicionado-core-i5-25ghz-8-gb-ram-256-gb-ssd-m2-2736x1824-pt-9035","status":"publish","type":"product","link":"https:\/\/digalco.com\/pt-pt\/produto\/hp-elite-x2-1012-g2-12-recondicionado-core-i5-25ghz-8-gb-ram-256-gb-ssd-m2-2736x1824-pt-9035\/","title":{"rendered":"HP Elite X2 1012 G2 12&#8221; | Recondicionado | Core i5 2.5GHz | 8 GB RAM | 256 GB SSD M2 2736&#215;1824"},"content":{"rendered":"<p><strong>Processador<\/strong><br \/>Intel Core i5 7200U 2.5 GHz.<br \/><strong>Mem\u00f3ria RAM<\/strong><br \/>8 Gb. SO-DDR3 RAM<br \/><strong>Disco r\u00edgido<\/strong><br \/>256 Gb. SSD M2<br \/><strong>Cart\u00f5es<\/strong><br \/>Placa gr\u00e1fica: Intel HD 620<br \/>Som: Audio Bang &amp; Olufsen<br \/><strong>Sistema operativo<\/strong><br \/>Windows 10 Pro<br \/><strong>Portos<\/strong><br \/>USB 3.0<br \/>USB-C<br \/><strong>Tela<\/strong><br \/>T\u00e1til 12 &#8221; 2K 16:10  \u00b7 Resolu\u00e7\u00e3o 2736&#215;1824<br \/><strong>Multim\u00eddia<\/strong><br \/>Webcam<br \/>Leitor SD<br \/>C\u00e2mera traseira<br \/>C\u00e2mera frontal<br \/><strong>Conectividade<\/strong><br \/>WIFI<br \/>Bluetooth<br \/>4G<br \/><strong>Outros<\/strong><br \/>hR embalagens<br \/><strong>Dimens\u00f5es<\/strong><br \/>30x21x1 cm.<br \/><strong>Peso<\/strong><br \/>1.25 Kg.<br \/><strong>Especifica\u00e7\u00f5es adicionais<\/strong><br \/>Bom estado est\u00e9tico. Ele vem com um teclado inclu\u00eddo que o torna um laptop. Computador ideal para solu\u00e7\u00f5es que exigem mobilidade. Procure em &#8220;+ Fotos&#8221; e &#8220;V\u00eddeo&#8221; e se tiver alguma d\u00favida ligue para n\u00f3s ou use nosso chat para obter mais informa\u00e7\u00f5es ou para solicitar mais detalhes.<br \/><strong>Coment\u00e1rios<\/strong><br \/><u>Teclado Espanhol (adesivos Portugueses)<\/u><\/p>\n","protected":false},"excerpt":{"rendered":"<p>Intel Core i5 7200U 2.5 GHz. \u00b7 8 Gb. SO-DDR3 RAM \u00b7 256 Gb. SSD M2 \u00b7 Windows 10 Pro \u00b7 T\u00e1til 12 &#8221; 2K 16:10  \u00b7 Resolu\u00e7\u00e3o 2736&#215;1824 \u00b7 <u>Teclado Espanhol (adesivos Portugueses)<\/u> [&#8230;]<\/p>\n<p><a class=\"btn btn-secondary understrap-read-more-link\" href=\"https:\/\/digalco.com\/pt-pt\/produto\/hp-elite-x2-1012-g2-12-recondicionado-core-i5-25ghz-8-gb-ram-256-gb-ssd-m2-2736x1824-pt-9035\/\">Continuar a ler&#8230;<span class=\"screen-reader-text\"> from HP Elite X2 1012 G2 12&#8221; | Recondicionado | Core i5 2.5GHz | 8 GB RAM | 256 GB SSD M2 2736&#215;1824<\/span><\/a><\/p>\n","protected":false},"featured_media":220494,"template":"","meta":[],"product_brand":[3854],"product_cat":[3093,1579],"product_tag":[],"class_list":{"0":"post-220521","1":"product","2":"type-product","3":"status-publish","4":"has-post-thumbnail","6":"product_brand-hp","7":"product_cat-tablets-tablets-pt","8":"product_cat-tablets-pt","10":"first","11":"instock","12":"taxable","13":"shipping-taxable","14":"purchasable","15":"product-type-simple"},"bundled_by":[],"bundle_stock_status":"instock","bundle_stock_quantity":1,"bundle_virtual":false,"bundle_layout":"","bundle_add_to_cart_form_location":"","bundle_editable_in_cart":false,"bundle_sold_individually_context":"","bundle_item_grouping":"","bundle_min_size":"","bundle_max_size":"","bundle_price":[],"bundled_items":[],"bundle_sell_ids":[],"exclude_global_add_ons":true,"addons":{"keyboard-iso-upgrades":{"name":"Selecione idioma teclado","type":"multiple_choice","position":0,"required":false,"title_format":"heading","default":"","description_enable":false,"description":"","placeholder_enable":false,"placeholder":"","display":"radiobutton","restrictions_type":"any_text","adjust_price":false,"price":"","price_type":"quantity_based","restrictions":false,"min":"0","max":"0","options":[{"label":"Pegatinas Franc\u00e9s [AMP00084]","price":"0.0000","price_type":"quantity_based","image":0,"visibility":true},{"label":"Pegatinas Portugues [AMP00083]","price":"0.0000","price_type":"quantity_based","image":0,"visibility":true}]},"battery-upgrades":{"name":"Extens\u00e3o bateria","type":"multiple_choice","position":0,"required":false,"title_format":"heading","default":"","description_enable":false,"description":"","placeholder_enable":false,"placeholder":"","display":"radiobutton","restrictions_type":"any_text","adjust_price":false,"price":"","price_type":"quantity_based","restrictions":false,"min":"0","max":"0","options":[{"label":"Mude para uma nova bateria compat\u00edvel [AMP00036]","price":"40.0000","price_type":"quantity_based","image":0,"visibility":true}]},"pencil-upgrades":{"name":"Extens\u00e3o L\u00e1pis","type":"multiple_choice","position":0,"required":false,"title_format":"heading","default":"","description_enable":false,"description":"","placeholder_enable":false,"placeholder":"","display":"radiobutton","restrictions_type":"any_text","adjust_price":false,"price":"","price_type":"quantity_based","restrictions":false,"min":"0","max":"0","options":[{"label":"HP Elite X2 Active Pen [AMP00092]","price":"35.0000","price_type":"quantity_based","image":0,"visibility":true}]}},"df_price":264,"df_sale_price":"","df_regular_price":264,"df_image_link":"https:\/\/digalco.com\/wp-content\/uploads\/images\/product\/9035\/hp01628_02-300x225.jpg","_links":{"self":[{"href":"https:\/\/digalco.com\/pt-pt\/wp-json\/wp\/v2\/product\/220521","targetHints":{"allow":["GET"]}}],"collection":[{"href":"https:\/\/digalco.com\/pt-pt\/wp-json\/wp\/v2\/product"}],"about":[{"href":"https:\/\/digalco.com\/pt-pt\/wp-json\/wp\/v2\/types\/product"}],"wp:featuredmedia":[{"embeddable":true,"href":"https:\/\/digalco.com\/pt-pt\/wp-json\/wp\/v2\/media\/220494"}],"wp:attachment":[{"href":"https:\/\/digalco.com\/pt-pt\/wp-json\/wp\/v2\/media?parent=220521"}],"wp:term":[{"taxonomy":"product_brand","embeddable":true,"href":"https:\/\/digalco.com\/pt-pt\/wp-json\/wp\/v2\/product_brand?post=220521"},{"taxonomy":"product_cat","embeddable":true,"href":"https:\/\/digalco.com\/pt-pt\/wp-json\/wp\/v2\/product_cat?post=220521"},{"taxonomy":"product_tag","embeddable":true,"href":"https:\/\/digalco.com\/pt-pt\/wp-json\/wp\/v2\/product_tag?post=220521"}],"curies":[{"name":"wp","href":"https:\/\/api.w.org\/{rel}","templated":true}]}}