{"id":220557,"date":"2024-10-14T11:40:49","date_gmt":"2024-10-14T09:40:49","guid":{"rendered":"https:\/\/digalco.com\/tienda\/dell-poweredge-r810-rack-recondicionado-xeon-octa-core-187ghz-128-gb-ram-300-gb-sas-pt-12795\/"},"modified":"2026-04-14T11:53:13","modified_gmt":"2026-04-14T09:53:13","slug":"dell-poweredge-r810-rack-recondicionado-xeon-octa-core-187ghz-128-gb-ram-300-gb-sas-pt-12795","status":"publish","type":"product","link":"https:\/\/digalco.com\/pt-pt\/produto\/dell-poweredge-r810-rack-recondicionado-xeon-octa-core-187ghz-128-gb-ram-300-gb-sas-pt-12795\/","title":{"rendered":"Dell PowerEdge R810 Rack | Recondicionado | Xeon Octa Core 1.87GHz | 128 GB RAM | 300 GB SAS"},"content":{"rendered":"<p><strong>Processador<\/strong><br \/>4x Intel Xeon Octa Core L7555 1.87 GHz.<br \/><strong>Fator de forma<\/strong><br \/>Rack  (2U)<br \/><strong>Mem\u00f3ria RAM<\/strong><br \/>128 Gb. DDR3 ECC RAM<br \/>32 ba\u00edas  (0 vazio )<br \/><strong>Disco r\u00edgido<\/strong><br \/>6x 300 Gb. SAS 2.5&#8221; 10000rpm<br \/>6 ba\u00edas  (0 vazio )<br \/><strong>Cart\u00f5es<\/strong><br \/>Placa gr\u00e1fica: G200EW WPCM450<br \/>Network: BROADCOM BCM5709 GIGABIT<br \/><strong>Sistema operativo<\/strong><br \/>&#8211; Sem sistema operativo &#8211;<br \/><strong>Portos<\/strong><br \/>1x S\u00e9rie<br \/>4x USB 2.0<br \/><strong>Conectividade<\/strong><br \/>6x RJ-45<br \/><strong>Alimenta\u00e7\u00e3o<\/strong><br \/>2x Fontes de alimenta\u00e7\u00e3o (Hotplug)<br \/><strong>Dimens\u00f5es<\/strong><br \/>76.5&#215;48.5&#215;8.5 cm.<br \/><strong>Peso<\/strong><br \/>23.50 Kg.<br \/><strong>Especifica\u00e7\u00f5es adicionais<\/strong><br \/>Servidor projetado para ambientes de alta demanda que exigem poder de processamento e grande capacidade de armazenamento. Equipado com 4 processadores Intel Xeon Octa Core L7555 e 128 GB de RAM DDR3 ECC, oferece desempenho excepcional para lidar com cargas de trabalho cr\u00edticas e virtualiza\u00e7\u00e3o avan\u00e7ada. Seus 32 compartimentos, com 6 unidades SAS de 300 GB a 10.000 RPM, garantem capacidade de armazenamento r\u00e1pida e robusta.<br \/>Gra\u00e7as ao controlador RAID PERC H700 e aos m\u00faltiplos slots PCIe para expans\u00e3o, este servidor est\u00e1 preparado para atender \u00e0s necessidades de grandes infraestruturas de TI e centros de dados. O Dell PowerEdge R810 \u00e9 a solu\u00e7\u00e3o perfeita para empresas que buscam escalabilidade, confiabilidade e alto desempenho em suas opera\u00e7\u00f5es.<br \/>Boa apar\u00eancia externa. Se voc\u00ea tiver alguma d\u00favida, ligue para n\u00f3s ou use nosso chat para mais informa\u00e7\u00f5es ou para solicitar mais detalhes.<\/p>\n<p><strong>Coment\u00e1rios<\/strong><br \/><u>Controlador RAID PERC H700 &#8211; 5xPCIe X8 \/ 1xPCIe X4<\/u><\/p>\n","protected":false},"excerpt":{"rendered":"<p>4x Intel Xeon Octa Core L7555 1.87 GHz. \u00b7 128 Gb. DDR3 ECC RAM \u00b7 32 ba\u00edas  (0 vazio ) \u00b7 6x 300 Gb. SAS 2.5&#8221; 10000rpm \u00b7 6 ba\u00edas  (0 vazio ) \u00b7 <u>Controlador RAID PERC H700 &#8211; 5xPCIe X8 \/ 1xPCIe X4<\/u> [&#8230;]<\/p>\n<p><a class=\"btn btn-secondary understrap-read-more-link\" href=\"https:\/\/digalco.com\/pt-pt\/produto\/dell-poweredge-r810-rack-recondicionado-xeon-octa-core-187ghz-128-gb-ram-300-gb-sas-pt-12795\/\">Continuar a ler&#8230;<span class=\"screen-reader-text\"> from Dell PowerEdge R810 Rack | Recondicionado | Xeon Octa Core 1.87GHz | 128 GB RAM | 300 GB SAS<\/span><\/a><\/p>\n","protected":false},"featured_media":220545,"template":"","meta":[],"product_brand":[3852],"product_cat":[1631,1639],"product_tag":[],"class_list":{"0":"post-220557","1":"product","2":"type-product","3":"status-publish","4":"has-post-thumbnail","6":"product_brand-dell","7":"product_cat-servidores-pt","8":"product_cat-servidores-rack-pt","10":"first","11":"instock","12":"taxable","13":"shipping-taxable","14":"purchasable","15":"product-type-simple"},"bundled_by":[],"bundle_stock_status":"instock","bundle_stock_quantity":3,"bundle_virtual":false,"bundle_layout":"","bundle_add_to_cart_form_location":"","bundle_editable_in_cart":false,"bundle_sold_individually_context":"","bundle_item_grouping":"","bundle_min_size":"","bundle_max_size":"","bundle_price":[],"bundled_items":[],"bundle_sell_ids":[],"exclude_global_add_ons":[],"addons":[],"df_price":1123,"df_sale_price":"","df_regular_price":1123,"df_image_link":"https:\/\/digalco.com\/wp-content\/uploads\/images\/product\/12795\/dell01330_01-300x225.jpg","_links":{"self":[{"href":"https:\/\/digalco.com\/pt-pt\/wp-json\/wp\/v2\/product\/220557","targetHints":{"allow":["GET"]}}],"collection":[{"href":"https:\/\/digalco.com\/pt-pt\/wp-json\/wp\/v2\/product"}],"about":[{"href":"https:\/\/digalco.com\/pt-pt\/wp-json\/wp\/v2\/types\/product"}],"wp:featuredmedia":[{"embeddable":true,"href":"https:\/\/digalco.com\/pt-pt\/wp-json\/wp\/v2\/media\/220545"}],"wp:attachment":[{"href":"https:\/\/digalco.com\/pt-pt\/wp-json\/wp\/v2\/media?parent=220557"}],"wp:term":[{"taxonomy":"product_brand","embeddable":true,"href":"https:\/\/digalco.com\/pt-pt\/wp-json\/wp\/v2\/product_brand?post=220557"},{"taxonomy":"product_cat","embeddable":true,"href":"https:\/\/digalco.com\/pt-pt\/wp-json\/wp\/v2\/product_cat?post=220557"},{"taxonomy":"product_tag","embeddable":true,"href":"https:\/\/digalco.com\/pt-pt\/wp-json\/wp\/v2\/product_tag?post=220557"}],"curies":[{"name":"wp","href":"https:\/\/api.w.org\/{rel}","templated":true}]}}