{"id":226743,"date":"2024-11-13T13:15:32","date_gmt":"2024-11-13T12:15:32","guid":{"rendered":"https:\/\/digalco.com\/tienda\/switch-huawei-s6700-24-ei-recondicionado-pt-12951\/"},"modified":"2024-12-11T09:34:30","modified_gmt":"2024-12-11T08:34:30","slug":"switch-huawei-s6700-24-ei-recondicionado-pt-12951","status":"publish","type":"product","link":"https:\/\/digalco.com\/pt-pt\/produto\/switch-huawei-s6700-24-ei-recondicionado-pt-12951\/","title":{"rendered":"Switch HUAWEI S6700-24-EI | Recondicionado"},"content":{"rendered":"<p><strong>Geral impressora<\/strong><br \/>Switch<br \/><strong>Portos de rede<\/strong><br \/>24x Fibra 1000 Mbps.<br \/><strong>Outros<\/strong><br \/>hR embalagens<br \/><strong>Dimens\u00f5es<\/strong><br \/>44x42x4.5 cm.<br \/><strong>Peso<\/strong><br \/>4.50 Kg.<br \/><strong>Especifica\u00e7\u00f5es adicionais<\/strong><br \/>Boa apar\u00eancia exterior. Se voc\u00ea tiver alguma d\u00favida, ligue para n\u00f3s ou utilize nosso chat para mais informa\u00e7\u00f5es ou para solicitar mais detalhes.<\/p>\n","protected":false},"excerpt":{"rendered":"<p>Switch \u00b7 24x Fibra 1000 Mbps. \u00b7 Rackmount [&#8230;]<\/p>\n<p><a class=\"btn btn-secondary understrap-read-more-link\" href=\"https:\/\/digalco.com\/pt-pt\/produto\/switch-huawei-s6700-24-ei-recondicionado-pt-12951\/\">Continuar a ler&#8230;<span class=\"screen-reader-text\"> from Switch HUAWEI S6700-24-EI | Recondicionado<\/span><\/a><\/p>\n","protected":false},"featured_media":226742,"template":"","meta":[],"product_brand":[3931],"product_cat":[3785,1663],"product_tag":[],"class_list":{"0":"post-226743","1":"product","2":"type-product","3":"status-publish","4":"has-post-thumbnail","6":"product_brand-huawei","7":"product_cat-networking-switches-pt","8":"product_cat-networking-pt","10":"first","11":"instock","12":"taxable","13":"shipping-taxable","14":"purchasable","15":"product-type-simple"},"bundled_by":[],"bundle_stock_status":"instock","bundle_stock_quantity":3,"bundle_virtual":false,"bundle_layout":"","bundle_add_to_cart_form_location":"","bundle_editable_in_cart":false,"bundle_sold_individually_context":"","bundle_item_grouping":"","bundle_min_size":"","bundle_max_size":"","bundle_price":[],"bundled_items":[],"bundle_sell_ids":[],"exclude_global_add_ons":[],"addons":[],"df_price":235,"df_sale_price":"","df_regular_price":235,"df_image_link":"https:\/\/digalco.com\/wp-content\/uploads\/images\/product\/12951\/hua00003_01-300x225.jpg","_links":{"self":[{"href":"https:\/\/digalco.com\/pt-pt\/wp-json\/wp\/v2\/product\/226743","targetHints":{"allow":["GET"]}}],"collection":[{"href":"https:\/\/digalco.com\/pt-pt\/wp-json\/wp\/v2\/product"}],"about":[{"href":"https:\/\/digalco.com\/pt-pt\/wp-json\/wp\/v2\/types\/product"}],"wp:featuredmedia":[{"embeddable":true,"href":"https:\/\/digalco.com\/pt-pt\/wp-json\/wp\/v2\/media\/226742"}],"wp:attachment":[{"href":"https:\/\/digalco.com\/pt-pt\/wp-json\/wp\/v2\/media?parent=226743"}],"wp:term":[{"taxonomy":"product_brand","embeddable":true,"href":"https:\/\/digalco.com\/pt-pt\/wp-json\/wp\/v2\/product_brand?post=226743"},{"taxonomy":"product_cat","embeddable":true,"href":"https:\/\/digalco.com\/pt-pt\/wp-json\/wp\/v2\/product_cat?post=226743"},{"taxonomy":"product_tag","embeddable":true,"href":"https:\/\/digalco.com\/pt-pt\/wp-json\/wp\/v2\/product_tag?post=226743"}],"curies":[{"name":"wp","href":"https:\/\/api.w.org\/{rel}","templated":true}]}}