{"id":227365,"date":"2024-11-15T10:32:55","date_gmt":"2024-11-15T09:32:55","guid":{"rendered":"https:\/\/digalco.com\/tienda\/dell-poweredge-r200-rack-recondicionado-xeon-quad-core-316ghz-4-gb-ram-150-gb-sas-pt-10339\/"},"modified":"2025-11-07T19:20:51","modified_gmt":"2025-11-07T18:20:51","slug":"dell-poweredge-r200-rack-recondicionado-xeon-quad-core-316ghz-4-gb-ram-150-gb-sas-pt-10339","status":"publish","type":"product","link":"https:\/\/digalco.com\/pt-pt\/produto\/dell-poweredge-r200-rack-recondicionado-xeon-quad-core-316ghz-4-gb-ram-150-gb-sas-pt-10339\/","title":{"rendered":"Dell PowerEdge R200 Rack | Recondicionado | Xeon Quad Core 3.16GHz | 4 GB RAM | 150 GB SAS"},"content":{"rendered":"<p><strong>Processador<\/strong><br \/>Intel Xeon Quad Core E3120 3.16 GHz.<br \/><strong>Fator de forma<\/strong><br \/>Rack  (1U)<br \/><strong>Mem\u00f3ria RAM<\/strong><br \/>4 Gb. DDR3 ECC RAM<br \/><strong>Disco r\u00edgido<\/strong><br \/>150 Gb. SAS 3.5&#8221; 15000rpm<br \/>2 ba\u00edas (1 vazio )<br \/><strong>Drive \u00f3ptico<\/strong><br \/>DVD-RW<br \/><strong>Cart\u00f5es<\/strong><br \/>Placa gr\u00e1fica: AMD ES1000<br \/>Network: Gigabit B5709C<br \/><strong>Sistema operativo<\/strong><br \/>&#8211; Sem sistema operativo &#8211;<br \/><strong>Portos<\/strong><br \/>S\u00e9rie<br \/>4x USB 2.0<br \/>2x PS2<br \/><strong>Conectividade<\/strong><br \/>2x RJ-45<br \/><strong>Alimenta\u00e7\u00e3o<\/strong><br \/>Fontes de alimenta\u00e7\u00e3o<br \/><strong>Dimens\u00f5es<\/strong><br \/>54.5x48x4.5 cm.<br \/><strong>Peso<\/strong><br \/>10.00 Kg.<br \/><strong>Especifica\u00e7\u00f5es adicionais<\/strong><br \/>O DELL PowerEdge R200 \u00e9 um servidor compacto projetado para pequenas empresas que precisam de desempenho eficiente e armazenamento seguro. Com um processador Intel Xeon Quad Core, RAM DDR3 ECC e armazenamento SAS de 15.000 rpm, oferece velocidade e confiabilidade para tarefas essenciais. Al\u00e9m disso, sua configura\u00e7\u00e3o RAID melhora a prote\u00e7\u00e3o dos dados. Servidor compacto ideal para pequenas empresas, com desempenho confi\u00e1vel e armazenamento SAS de alta velocidade. Inclui configura\u00e7\u00e3o RAID para prote\u00e7\u00e3o de dados e 1 ano de garantia.<br \/>Boa apar\u00eancia exterior. Se voc\u00ea tiver alguma d\u00favida, ligue para n\u00f3s ou use nosso chat para mais informa\u00e7\u00f5es ou para solicitar mais detalhes.<\/p>\n<p><strong>Coment\u00e1rios<\/strong><br \/><u>RAID SAS6 UCS-61<\/u><\/p>\n","protected":false},"excerpt":{"rendered":"<p>Intel Xeon Quad Core E3120 3.16 GHz. \u00b7 4 Gb. DDR3 ECC RAM \u00b7 150 Gb. SAS 3.5&#8221; 15000rpm \u00b7 2 ba\u00edas (1 vazio ) \u00b7 DVD-RW \u00b7 <u>RAID SAS6 UCS-61<\/u> [&#8230;]<\/p>\n<p><a class=\"btn btn-secondary understrap-read-more-link\" href=\"https:\/\/digalco.com\/pt-pt\/produto\/dell-poweredge-r200-rack-recondicionado-xeon-quad-core-316ghz-4-gb-ram-150-gb-sas-pt-10339\/\">Continuar a ler&#8230;<span class=\"screen-reader-text\"> from Dell PowerEdge R200 Rack | Recondicionado | Xeon Quad Core 3.16GHz | 4 GB RAM | 150 GB SAS<\/span><\/a><\/p>\n","protected":false},"featured_media":227359,"template":"","meta":[],"product_brand":[3852],"product_cat":[1631,1639],"product_tag":[],"class_list":{"0":"post-227365","1":"product","2":"type-product","3":"status-publish","4":"has-post-thumbnail","6":"product_brand-dell","7":"product_cat-servidores-pt","8":"product_cat-servidores-rack-pt","10":"first","11":"instock","12":"taxable","13":"shipping-taxable","14":"purchasable","15":"product-type-simple"},"bundled_by":[],"bundle_stock_status":"instock","bundle_stock_quantity":3,"bundle_virtual":false,"bundle_layout":"","bundle_add_to_cart_form_location":"","bundle_editable_in_cart":false,"bundle_sold_individually_context":"","bundle_item_grouping":"","bundle_min_size":"","bundle_max_size":"","bundle_price":[],"bundled_items":[],"bundle_sell_ids":[],"exclude_global_add_ons":[],"addons":[],"df_price":102,"df_sale_price":"","df_regular_price":102,"df_image_link":"https:\/\/digalco.com\/wp-content\/uploads\/images\/product\/10339\/dell01029_01-300x225.jpg","_links":{"self":[{"href":"https:\/\/digalco.com\/pt-pt\/wp-json\/wp\/v2\/product\/227365","targetHints":{"allow":["GET"]}}],"collection":[{"href":"https:\/\/digalco.com\/pt-pt\/wp-json\/wp\/v2\/product"}],"about":[{"href":"https:\/\/digalco.com\/pt-pt\/wp-json\/wp\/v2\/types\/product"}],"wp:featuredmedia":[{"embeddable":true,"href":"https:\/\/digalco.com\/pt-pt\/wp-json\/wp\/v2\/media\/227359"}],"wp:attachment":[{"href":"https:\/\/digalco.com\/pt-pt\/wp-json\/wp\/v2\/media?parent=227365"}],"wp:term":[{"taxonomy":"product_brand","embeddable":true,"href":"https:\/\/digalco.com\/pt-pt\/wp-json\/wp\/v2\/product_brand?post=227365"},{"taxonomy":"product_cat","embeddable":true,"href":"https:\/\/digalco.com\/pt-pt\/wp-json\/wp\/v2\/product_cat?post=227365"},{"taxonomy":"product_tag","embeddable":true,"href":"https:\/\/digalco.com\/pt-pt\/wp-json\/wp\/v2\/product_tag?post=227365"}],"curies":[{"name":"wp","href":"https:\/\/api.w.org\/{rel}","templated":true}]}}