{"id":230541,"date":"2024-11-28T13:20:15","date_gmt":"2024-11-28T12:20:15","guid":{"rendered":"https:\/\/digalco.com\/tienda\/dell-u2413f-24-ips-169-recondicionado-1920x1200-pt-13074\/"},"modified":"2026-03-30T16:20:06","modified_gmt":"2026-03-30T14:20:06","slug":"dell-u2413f-24-ips-169-recondicionado-1920x1200-pt-13074","status":"publish","type":"product","link":"https:\/\/digalco.com\/pt-pt\/produto\/dell-u2413f-24-ips-169-recondicionado-1920x1200-pt-13074\/","title":{"rendered":"Dell U2413f 24&#8221; IPS 16:9 | Recondicionado | 1920&#215;1200"},"content":{"rendered":"<p><strong>Tela<\/strong><br \/>IPS 24 &#8221; FullHD com Alto-falantes \u00b7  16:9  \u00b7 Resolu\u00e7\u00e3o 1920&#215;1200<br \/>Dot pitch 0.277 mm<br \/>Resposta 8 ms<br \/>Contraste 1000:1<br \/>Brilho 350 cd\/m2<br \/>\u00c2ngulo vis\u00e3o 178\u00b0v\/178\u00b0h<br \/><strong>Portas de v\u00eddeo<\/strong><br \/>HDMI<br \/>2x Display Port<br \/>Mini Display Port<br \/>DVI<br \/><strong>Espec\u00edfico tela<\/strong><br \/>Apoio VESA<br \/>Pedestal<br \/>Regul\u00e1vel em altura<br \/><strong>Outros<\/strong><br \/>hR embalagens<br \/><strong>Dimens\u00f5es<\/strong><br \/>55.5&#215;36.7&#215;19 cm.<br \/><strong>Peso<\/strong><br \/>6.85 Kg.<br \/><strong>Especifica\u00e7\u00f5es adicionais<\/strong><br \/>O Dell U2413f \u00e9 um monitor de 24 polegadas projetado para profissionais que buscam precis\u00e3o de cores e desempenho superior. Equipado com painel IPS e resolu\u00e7\u00e3o de 1920&#215;1200 (propor\u00e7\u00e3o 16:10), oferece imagens n\u00edtidas com reprodu\u00e7\u00e3o de cores excepcional, ideal para design gr\u00e1fico, fotografia e tarefas exigentes.<br \/>Gra\u00e7as \u00e0 tecnologia PremierColor, o U2413f cobre 99% de espa\u00e7o Adobe RGB e 100% de sRGB, garantindo cores precisas desde o primeiro uso. Al\u00e9m disso, possui calibra\u00e7\u00e3o de f\u00e1brica e suporte para calibradores externos para gerenciamento avan\u00e7ado de cores: inclui HDMI, DisplayPort, DVI-D e um hub USB 3.0. Seu design ergon\u00f4mico permite ajustar altura, inclina\u00e7\u00e3o, rota\u00e7\u00e3o e rota\u00e7\u00e3o, garantindo conforto durante longos dias de trabalho.<br \/>Um monitor robusto e confi\u00e1vel, perfeito para quem procura qualidade profissional em cada pixel.<br \/>Boa apar\u00eancia exterior. Pode apresentar ligeiros sinais de uso na caixa. Se voc\u00ea tiver alguma d\u00favida, ligue para n\u00f3s ou utilize nosso chat para mais informa\u00e7\u00f5es ou para solicitar mais detalhes.<\/p>\n<p><strong>Coment\u00e1rios<\/strong><br \/><u>Cabo de alimenta\u00e7\u00e3o e DisplayPort inclu\u00eddos &#8211; 4x USB 3.0<\/u><\/p>\n","protected":false},"excerpt":{"rendered":"<p>IPS 24 &#8221; FullHD com Alto-falantes \u00b7  16:9  \u00b7 Resolu\u00e7\u00e3o 1920&#215;1200 \u00b7 Dot pitch 0.277 mm \u00b7 Resposta 8 ms \u00b7 Contraste 1000:1 \u00b7 Brilho 350 cd\/m2 \u00b7 \u00c2ngulo vis\u00e3o 178\u00b0v\/178\u00b0h \u00b7 HDMI \u00b7 2x Display Port \u00b7 Mini Display Port \u00b7 DVI \u00b7 <u>Cabo de alimenta\u00e7\u00e3o e DisplayPort inclu\u00eddos &#8211; 4x USB 3.0<\/u> [&#8230;]<\/p>\n<p><a class=\"btn btn-secondary understrap-read-more-link\" href=\"https:\/\/digalco.com\/pt-pt\/produto\/dell-u2413f-24-ips-169-recondicionado-1920x1200-pt-13074\/\">Continuar a ler&#8230;<span class=\"screen-reader-text\"> from Dell U2413f 24&#8221; IPS 16:9 | Recondicionado | 1920&#215;1200<\/span><\/a><\/p>\n","protected":false},"featured_media":230520,"template":"","meta":[],"product_brand":[3852],"product_cat":[1491,2389],"product_tag":[],"class_list":{"0":"post-230541","1":"product","2":"type-product","3":"status-publish","4":"has-post-thumbnail","6":"product_brand-dell","7":"product_cat-monitores-pt","8":"product_cat-monitores-24-pt","10":"first","11":"instock","12":"taxable","13":"shipping-taxable","14":"purchasable","15":"product-type-simple"},"bundled_by":[],"bundle_stock_status":"instock","bundle_stock_quantity":2,"bundle_virtual":false,"bundle_layout":"","bundle_add_to_cart_form_location":"","bundle_editable_in_cart":false,"bundle_sold_individually_context":"","bundle_item_grouping":"","bundle_min_size":"","bundle_max_size":"","bundle_price":[],"bundled_items":[],"bundle_sell_ids":[],"exclude_global_add_ons":true,"addons":{"hdmi-upgrades":{"name":"Extens\u00e3o cabo","type":"multiple_choice","position":0,"required":false,"title_format":"heading","default":"","description_enable":false,"description":"","placeholder_enable":false,"placeholder":"","display":"radiobutton","restrictions_type":"any_text","adjust_price":false,"price":"","price_type":"quantity_based","restrictions":false,"min":"0","max":"0","options":[{"label":"Cabo HDMI 2 mts. [AMP00104]","price":"6.0000","price_type":"quantity_based","image":0,"visibility":true},{"label":"Cabo DVI-D M \/ M Dual Link 1,8 mts. [AMP00102]","price":"2.0000","price_type":"quantity_based","image":0,"visibility":true}]}},"df_price":100,"df_sale_price":"","df_regular_price":100,"df_image_link":"https:\/\/digalco.com\/wp-content\/uploads\/images\/product\/13074\/dell01391_01-300x225.jpg","_links":{"self":[{"href":"https:\/\/digalco.com\/pt-pt\/wp-json\/wp\/v2\/product\/230541","targetHints":{"allow":["GET"]}}],"collection":[{"href":"https:\/\/digalco.com\/pt-pt\/wp-json\/wp\/v2\/product"}],"about":[{"href":"https:\/\/digalco.com\/pt-pt\/wp-json\/wp\/v2\/types\/product"}],"wp:featuredmedia":[{"embeddable":true,"href":"https:\/\/digalco.com\/pt-pt\/wp-json\/wp\/v2\/media\/230520"}],"wp:attachment":[{"href":"https:\/\/digalco.com\/pt-pt\/wp-json\/wp\/v2\/media?parent=230541"}],"wp:term":[{"taxonomy":"product_brand","embeddable":true,"href":"https:\/\/digalco.com\/pt-pt\/wp-json\/wp\/v2\/product_brand?post=230541"},{"taxonomy":"product_cat","embeddable":true,"href":"https:\/\/digalco.com\/pt-pt\/wp-json\/wp\/v2\/product_cat?post=230541"},{"taxonomy":"product_tag","embeddable":true,"href":"https:\/\/digalco.com\/pt-pt\/wp-json\/wp\/v2\/product_tag?post=230541"}],"curies":[{"name":"wp","href":"https:\/\/api.w.org\/{rel}","templated":true}]}}