{"id":230926,"date":"2024-12-02T12:09:06","date_gmt":"2024-12-02T11:09:06","guid":{"rendered":"https:\/\/digalco.com\/tienda\/hp-e23-g4-23-ips-169-recondicionado-1920x1080-pt-12995\/"},"modified":"2026-03-18T16:39:33","modified_gmt":"2026-03-18T15:39:33","slug":"hp-e23-g4-23-ips-169-recondicionado-1920x1080-pt-12995","status":"publish","type":"product","link":"https:\/\/digalco.com\/pt-pt\/produto\/hp-e23-g4-23-ips-169-recondicionado-1920x1080-pt-12995\/","title":{"rendered":"HP E23 G4 23&#8221; IPS 16:9 | Recondicionado | 1920&#215;1080"},"content":{"rendered":"<p><strong>Tela<\/strong><br \/>IPS 23 &#8221; FullHD 16:9  \u00b7 Resolu\u00e7\u00e3o 1920&#215;1080<br \/>Dot pitch 0.265 mm<br \/>Resposta 5 ms<br \/>Contraste 1000:1<br \/>Brilho 250 cd\/m2<br \/>\u00c2ngulo vis\u00e3o 178\u00b0v\/178\u00b0h<br \/><strong>Portas de v\u00eddeo<\/strong><br \/>VGA<br \/>HDMI<br \/>Display Port<br \/><strong>Espec\u00edfico tela<\/strong><br \/>Apoio VESA<br \/>Pedestal<br \/>Regul\u00e1vel em altura<br \/><strong>Outros<\/strong><br \/>hR embalagens<br \/><strong>Dimens\u00f5es<\/strong><br \/>52x35x21 cm.<br \/><strong>Peso<\/strong><br \/>5.40 Kg.<br \/><strong>Especifica\u00e7\u00f5es adicionais<\/strong><br \/>O HP E23 G4 \u00e9 um monitor de 23 polegadas com resolu\u00e7\u00e3o Full HD (1920&#215;1080), projetado para oferecer imagens n\u00edtidas e uma experi\u00eancia de visualiza\u00e7\u00e3o confort\u00e1vel em qualquer ambiente de trabalho. Seu painel IPS garante cores precisas e consistentes, com amplos \u00e2ngulos de vis\u00e3o de 178\u00b0 tanto vertical quanto horizontalmente.<br \/>Com tempo de resposta de 5 ms e contraste est\u00e1tico de 1000:1, este monitor fornece imagens n\u00edtidas e detalhadas, enquanto seu O brilho de 250 cd\/m\u00b2 garante uma visualiza\u00e7\u00e3o ideal mesmo em condi\u00e7\u00f5es de ilumina\u00e7\u00e3o vari\u00e1veis.<br \/>Inclui conectividade total com portas VGA, HDMI, DisplayPort e um hub USB 2.0 de 4 portas, facilitando a conex\u00e3o de v\u00e1rios dispositivos. Al\u00e9m disso, ele vem com cabos de alimenta\u00e7\u00e3o e VGA inclu\u00eddos.<br \/>O filtro HP Eye Ease reduz a emiss\u00e3o de luz azul sem afetar a precis\u00e3o das cores, ajudando a prevenir o cansa\u00e7o visual durante longas sess\u00f5es de tela.<br \/>Um monitor vers\u00e1til, ergon\u00f4mico e eficiente, ideal para ambientes de escrit\u00f3rio ou uso profissional.<br \/>Boa apar\u00eancia exterior. Se voc\u00ea tiver alguma d\u00favida, ligue para n\u00f3s ou use nosso chat para mais informa\u00e7\u00f5es ou para solicitar mais detalhes.<\/p>\n<p><strong>Coment\u00e1rios<\/strong><br \/><u>Cabo de alimenta\u00e7\u00e3o e VGA inclu\u00eddos &#8211; 4xUSB 2.0 &#8211; Filtro HP Eye Ease<\/u><\/p>\n","protected":false},"excerpt":{"rendered":"<p>IPS 23 &#8221; FullHD 16:9 \u00b7 Dot pitch 0.265 mm \u00b7 Resposta 5 ms \u00b7 Contraste 1000:1 \u00b7 Brilho 250 cd\/m2 \u00b7 VGA \u00b7 HDMI \u00b7 Display Port \u00b7<br \/>\n<u>Cabo de alimenta\u00e7\u00e3o e VGA inclu\u00eddos &#8211; 4xUSB 2.0 &#8211; Filtro HP Eye Ease<\/u> [&#8230;]<\/p>\n<p><a class=\"btn btn-secondary understrap-read-more-link\" href=\"https:\/\/digalco.com\/pt-pt\/produto\/hp-e23-g4-23-ips-169-recondicionado-1920x1080-pt-12995\/\">Continuar a ler&#8230;<span class=\"screen-reader-text\"> from HP E23 G4 23&#8221; IPS 16:9 | Recondicionado | 1920&#215;1080<\/span><\/a><\/p>\n","protected":false},"featured_media":230890,"template":"","meta":[],"product_brand":[3854],"product_cat":[2385,1491],"product_tag":[],"class_list":{"0":"post-230926","1":"product","2":"type-product","3":"status-publish","4":"has-post-thumbnail","6":"product_brand-hp","7":"product_cat-monitores-23-pt","8":"product_cat-monitores-pt","10":"first","11":"instock","12":"taxable","13":"shipping-taxable","14":"purchasable","15":"product-type-simple"},"bundled_by":[],"bundle_stock_status":"instock","bundle_stock_quantity":9,"bundle_virtual":false,"bundle_layout":"","bundle_add_to_cart_form_location":"","bundle_editable_in_cart":false,"bundle_sold_individually_context":"","bundle_item_grouping":"","bundle_min_size":"","bundle_max_size":"","bundle_price":[],"bundled_items":[],"bundle_sell_ids":[],"exclude_global_add_ons":true,"addons":{"hdmi-upgrades":{"name":"Extens\u00e3o cabo","type":"multiple_choice","position":0,"required":false,"title_format":"heading","default":"","description_enable":false,"description":"","placeholder_enable":false,"placeholder":"","display":"radiobutton","restrictions_type":"any_text","adjust_price":false,"price":"","price_type":"quantity_based","restrictions":false,"min":"0","max":"0","options":[{"label":"Cabo HDMI 2 mts. [AMP00104]","price":"6.0000","price_type":"quantity_based","image":0,"visibility":true},{"label":"DisplayPort para cabo DisplayPort 1,8 mts. [AMP00103]","price":"8.0000","price_type":"quantity_based","image":0,"visibility":true}]}},"df_price":97,"df_sale_price":"","df_regular_price":97,"df_image_link":"https:\/\/digalco.com\/wp-content\/uploads\/images\/product\/12995\/hp02791_01-300x225.jpg","_links":{"self":[{"href":"https:\/\/digalco.com\/pt-pt\/wp-json\/wp\/v2\/product\/230926","targetHints":{"allow":["GET"]}}],"collection":[{"href":"https:\/\/digalco.com\/pt-pt\/wp-json\/wp\/v2\/product"}],"about":[{"href":"https:\/\/digalco.com\/pt-pt\/wp-json\/wp\/v2\/types\/product"}],"wp:featuredmedia":[{"embeddable":true,"href":"https:\/\/digalco.com\/pt-pt\/wp-json\/wp\/v2\/media\/230890"}],"wp:attachment":[{"href":"https:\/\/digalco.com\/pt-pt\/wp-json\/wp\/v2\/media?parent=230926"}],"wp:term":[{"taxonomy":"product_brand","embeddable":true,"href":"https:\/\/digalco.com\/pt-pt\/wp-json\/wp\/v2\/product_brand?post=230926"},{"taxonomy":"product_cat","embeddable":true,"href":"https:\/\/digalco.com\/pt-pt\/wp-json\/wp\/v2\/product_cat?post=230926"},{"taxonomy":"product_tag","embeddable":true,"href":"https:\/\/digalco.com\/pt-pt\/wp-json\/wp\/v2\/product_tag?post=230926"}],"curies":[{"name":"wp","href":"https:\/\/api.w.org\/{rel}","templated":true}]}}