{"id":231121,"date":"2024-12-02T13:27:47","date_gmt":"2024-12-02T12:27:47","guid":{"rendered":"https:\/\/digalco.com\/tienda\/hp-z2-g4-workstation-impecable-torre-recondicionado-core-i7-37ghz-64-gb-ram-1024-gb-ssd-m2-pt-13003\/"},"modified":"2026-02-12T13:30:00","modified_gmt":"2026-02-12T12:30:00","slug":"hp-z2-g4-workstation-impecable-torre-recondicionado-core-i7-37ghz-64-gb-ram-1024-gb-ssd-m2-pt-13003","status":"publish","type":"product","link":"https:\/\/digalco.com\/pt-pt\/produto\/hp-z2-g4-workstation-impecable-torre-recondicionado-core-i7-37ghz-64-gb-ram-1024-gb-ssd-m2-pt-13003\/","title":{"rendered":"HP Z2 G4 WorkStation-Impecable Torre | Recondicionado | Core i7 3.7GHz | 64 GB RAM | 1024 GB SSD M2"},"content":{"rendered":"<p><strong>Processador<\/strong><br \/>Intel Core i7 8700K 3.7 GHz.<br \/><strong>Fator de forma<\/strong><br \/>Torre<br \/><strong>Mem\u00f3ria RAM<\/strong><br \/>64 Gb. DDR4 ECC RAM<br \/><strong>Disco r\u00edgido<\/strong><br \/>1.00 Tb. SSD M2<br \/><strong>Cart\u00f5es<\/strong><br \/>Placa gr\u00e1fica: nVidia Quadro RTX 5000 16 GB GDDR6<br \/>Som: Nvidia HDA<br \/>Network: Intel I219-LM<br \/><strong>Sistema operativo<\/strong><br \/>Windows 11 Pro<br \/><strong>Portos<\/strong><br \/>2x USB 2.0<br \/>6x USB 3.0<br \/>USB-C<br \/><strong>Portas de v\u00eddeo<\/strong><br \/>4x Display Port<br \/><strong>Conectividade<\/strong><br \/>RJ-45<br \/><strong>Outros<\/strong><br \/>hR embalagens<br \/><strong>Dimens\u00f5es<\/strong><br \/>35.5x17x43.5 cm.<br \/><strong>Peso<\/strong><br \/>8.30 Kg.<br \/><strong>Especifica\u00e7\u00f5es adicionais<\/strong><br \/>A esta\u00e7\u00e3o de trabalho HP Z2 G4 \u00e9 uma solu\u00e7\u00e3o de alto desempenho projetada para profissionais que precisam de pot\u00eancia gr\u00e1fica m\u00e1xima. Com um processador Intel Core i7-8700K de 3,7 GHz, 64 GB de RAM ECC e um SSD M.2 de 1 TB, oferece velocidade e estabilidade excepcionais. Sua placa gr\u00e1fica NVIDIA Quadro RTX 5000 16GB GDDR6 oferece desempenho superior para renderiza\u00e7\u00e3o avan\u00e7ada, simula\u00e7\u00f5es complexas e realidade virtual. Com Windows 11 Pro e seguran\u00e7a avan\u00e7ada atrav\u00e9s do TPM 2.0, esta esta\u00e7\u00e3o de trabalho \u00e9 ideal para ambientes que exigem desempenho extremo, gr\u00e1ficos profissionais e expans\u00e3o flex\u00edvel.<br \/>Desempenho extremo e pot\u00eancia gr\u00e1fica para os projetos mais exigentes.<br \/><b>Apar\u00eancia exterior impec\u00e1vel<\/b>. Procure em &#8220;+ Fotos\u201d e &#8220;V\u00eddeo\u201d e caso tenha alguma d\u00favida, ligue ou utilize nosso chat para mais informa\u00e7\u00f5es ou para solicitar mais detalhes.<\/p>\n<p><strong>Coment\u00e1rios<\/strong><br \/><u>nVidia Quadro RTX 5000 16 Gb GDDR6 &#8211; 1xM.2 2280 para armazenamento dispon\u00edvel &#8211; 2xPCIe X16 \/ 2xPCIe X4<\/u><\/p>\n","protected":false},"excerpt":{"rendered":"<p>Intel Core i7 8700K 3.7 GHz. \u00b7 64 Gb. DDR4 ECC RAM \u00b7 1.00 Tb. SSD M2 \u00b7 <strong>Windows 11 Pro \u00b7<br \/>\nnVidia Quadro RTX 5000 16 Gb GDDR6<\/strong> &#8211; <u>1xM.2 2280 para armazenamento dispon\u00edvel &#8211; 2xPCIe X16 \/ 2xPCIe X4<br \/>\n<\/u> [&#8230;]<\/p>\n<p><a class=\"btn btn-secondary understrap-read-more-link\" href=\"https:\/\/digalco.com\/pt-pt\/produto\/hp-z2-g4-workstation-impecable-torre-recondicionado-core-i7-37ghz-64-gb-ram-1024-gb-ssd-m2-pt-13003\/\">Continuar a ler&#8230;<span class=\"screen-reader-text\"> from HP Z2 G4 WorkStation-Impecable Torre | Recondicionado | Core i7 3.7GHz | 64 GB RAM | 1024 GB SSD M2<\/span><\/a><\/p>\n","protected":false},"featured_media":231095,"template":"","meta":[],"product_brand":[3854],"product_cat":[1467,2421,1471],"product_tag":[],"class_list":{"0":"post-231121","1":"product","2":"type-product","3":"status-publish","4":"has-post-thumbnail","6":"product_brand-hp","7":"product_cat-computadores-pt","8":"product_cat-computadores-intel-core-i7-pt","9":"product_cat-computadores-workstations-pt","11":"first","12":"outofstock","13":"taxable","14":"shipping-taxable","15":"purchasable","16":"product-type-simple"},"bundled_by":[],"bundle_stock_status":"outofstock","bundle_stock_quantity":0,"bundle_virtual":false,"bundle_layout":"","bundle_add_to_cart_form_location":"","bundle_editable_in_cart":false,"bundle_sold_individually_context":"","bundle_item_grouping":"","bundle_min_size":"","bundle_max_size":"","bundle_price":[],"bundled_items":[],"bundle_sell_ids":[],"exclude_global_add_ons":true,"addons":{"webcam-upgrades":{"name":"Extens\u00e3o Webcam","type":"multiple_choice","position":0,"required":false,"title_format":"heading","default":"","description_enable":false,"description":"","placeholder_enable":false,"placeholder":"","display":"radiobutton","restrictions_type":"any_text","adjust_price":false,"price":"","price_type":"quantity_based","restrictions":false,"min":"0","max":"0","options":[{"label":"Conceptronic AMDIS FullHD [AMP00085]","price":"29.0000","price_type":"quantity_based","image":0,"visibility":true}]},"hdd-upgrades":{"name":"Extens\u00e3o disco r\u00edgido","type":"multiple_choice","position":0,"required":false,"title_format":"heading","default":"","description_enable":false,"description":"","placeholder_enable":false,"placeholder":"","display":"radiobutton","restrictions_type":"any_text","adjust_price":false,"price":"","price_type":"quantity_based","restrictions":false,"min":"0","max":"0","options":[{"label":"SSD adicional de 500 Gb. M.2 2280 PCIe [AMP00108]","price":"70.0000","price_type":"quantity_based","image":0,"visibility":true},{"label":"Disco SSD de 1 TB. M.2 2280 PCIe Adicional [AMP00109]","price":"125.0000","price_type":"quantity_based","image":0,"visibility":true},{"label":"Disco SSD 120 Gb. adicional (S.O.) [AMP00030]","price":"25.0000","price_type":"quantity_based","image":0,"visibility":true},{"label":"Disco SSD 240 Gb. adicional (S.O.) [AMP00031]","price":"35.0000","price_type":"quantity_based","image":0,"visibility":true},{"label":"Disco SSD 480 Gb. adicional (S.O.) [AMP00032]","price":"64.0000","price_type":"quantity_based","image":0,"visibility":true},{"label":"Disco SSD 1 Tb. adicional [AMP00072]","price":"100.0000","price_type":"quantity_based","image":0,"visibility":true}]},"network-card-upgrades":{"name":"Extens\u00e3o WIFI","type":"multiple_choice","position":0,"required":false,"title_format":"heading","default":"","description_enable":false,"description":"","placeholder_enable":false,"placeholder":"","display":"radiobutton","restrictions_type":"any_text","adjust_price":false,"price":"","price_type":"quantity_based","restrictions":false,"min":"0","max":"0","options":[{"label":"Ampliaci\u00f3n a Tarj. Wi-Fi PCI [AMP00017]","price":"15.0000","price_type":"quantity_based","image":0,"visibility":true},{"label":"Ampliaci\u00f3n a Wireless nano USB [AMP00018]","price":"12.0000","price_type":"quantity_based","image":0,"visibility":true}]},"os-upgrades":{"name":"Extens\u00e3o OS","type":"multiple_choice","position":0,"required":false,"title_format":"heading","default":"","description_enable":false,"description":"","placeholder_enable":false,"placeholder":"","display":"radiobutton","restrictions_type":"any_text","adjust_price":false,"price":"","price_type":"quantity_based","restrictions":false,"min":"0","max":"0","options":[{"label":"Alterar idioma para franc\u00eas [AMP00125]","price":"0.0000","price_type":"quantity_based","image":0,"visibility":true},{"label":"Alterar idioma para ingl\u00eas [AMP00008]","price":"0.0000","price_type":"quantity_based","image":0,"visibility":true},{"label":"Alterar idioma para o portugu\u00eas [AMP00009]","price":"0.0000","price_type":"quantity_based","image":0,"visibility":true}]},"keyboard-upgrades":{"name":"Extens\u00e3o teclado","type":"multiple_choice","position":0,"required":false,"title_format":"heading","default":"","description_enable":false,"description":"","placeholder_enable":false,"placeholder":"","display":"radiobutton","restrictions_type":"any_text","adjust_price":false,"price":"","price_type":"quantity_based","restrictions":false,"min":"0","max":"0","options":[{"label":"Teclado e Mouse [AMP00020]","price":"8.0000","price_type":"quantity_based","image":0,"visibility":true},{"label":"Teclado e Mouse Portugu\u00e9s Nuevo [AMP00088]","price":"15.0000","price_type":"quantity_based","image":0,"visibility":true},{"label":"Teclado e mouse USB em espanhol (Novo) [AMP00068]","price":"12.0000","price_type":"quantity_based","image":0,"visibility":true}]}},"df_price":1293,"df_sale_price":"","df_regular_price":1293,"df_image_link":"https:\/\/digalco.com\/wp-content\/uploads\/images\/product\/13003\/hp02798_01-300x225.jpg","_links":{"self":[{"href":"https:\/\/digalco.com\/pt-pt\/wp-json\/wp\/v2\/product\/231121","targetHints":{"allow":["GET"]}}],"collection":[{"href":"https:\/\/digalco.com\/pt-pt\/wp-json\/wp\/v2\/product"}],"about":[{"href":"https:\/\/digalco.com\/pt-pt\/wp-json\/wp\/v2\/types\/product"}],"wp:featuredmedia":[{"embeddable":true,"href":"https:\/\/digalco.com\/pt-pt\/wp-json\/wp\/v2\/media\/231095"}],"wp:attachment":[{"href":"https:\/\/digalco.com\/pt-pt\/wp-json\/wp\/v2\/media?parent=231121"}],"wp:term":[{"taxonomy":"product_brand","embeddable":true,"href":"https:\/\/digalco.com\/pt-pt\/wp-json\/wp\/v2\/product_brand?post=231121"},{"taxonomy":"product_cat","embeddable":true,"href":"https:\/\/digalco.com\/pt-pt\/wp-json\/wp\/v2\/product_cat?post=231121"},{"taxonomy":"product_tag","embeddable":true,"href":"https:\/\/digalco.com\/pt-pt\/wp-json\/wp\/v2\/product_tag?post=231121"}],"curies":[{"name":"wp","href":"https:\/\/api.w.org\/{rel}","templated":true}]}}