{"id":231476,"date":"2024-12-04T09:55:36","date_gmt":"2024-12-04T08:55:36","guid":{"rendered":"https:\/\/digalco.com\/tienda\/panasonic-toughbook-fz-g1-mk5-rugged-101-recondicionado-core-i5-26ghz-8-gb-ram-256-gb-ssd-m2-1920x1200-pt-13031\/"},"modified":"2026-05-07T12:07:29","modified_gmt":"2026-05-07T10:07:29","slug":"panasonic-toughbook-fz-g1-mk5-rugged-101-recondicionado-core-i5-26ghz-8-gb-ram-256-gb-ssd-m2-1920x1200-pt-13031","status":"publish","type":"product","link":"https:\/\/digalco.com\/pt-pt\/produto\/panasonic-toughbook-fz-g1-mk5-rugged-101-recondicionado-core-i5-26ghz-8-gb-ram-256-gb-ssd-m2-1920x1200-pt-13031\/","title":{"rendered":"Panasonic ToughBook FZ-G1 MK5 Rugged 10.1&#8221; | Recondicionado | Core i5 2.6GHz | 8 GB RAM | 256 GB SSD M2 1920&#215;1200"},"content":{"rendered":"<p><strong>Processador<\/strong><br \/>Intel Core i5 7300U 2.6 GHz.<br \/><strong>Mem\u00f3ria RAM<\/strong><br \/>8 Gb. SO-DDR3 RAM<br \/><strong>Disco r\u00edgido<\/strong><br \/>256 Gb. SSD M2<br \/><strong>Cart\u00f5es<\/strong><br \/>Placa gr\u00e1fica: Intel Graphics 620<br \/>Som: Realtek Audio<br \/><strong>Sistema operativo<\/strong><br \/>Windows 10 Pro<br \/><strong>Portos<\/strong><br \/>USB 3.0<br \/><strong>Tela<\/strong><br \/>T\u00e1til 10.1 &#8221; FullHD 16:9  \u00b7 Resolu\u00e7\u00e3o 1920&#215;1200<br \/><strong>Portas de v\u00eddeo<\/strong><br \/>HDMI<br \/><strong>Multim\u00eddia<\/strong><br \/>C\u00e2mera traseira<br \/>C\u00e2mera frontal<br \/><strong>Conectividade<\/strong><br \/>WIFI<br \/>Bluetooth<br \/><strong>Outros<\/strong><br \/>hR embalagens<br \/><strong>Dimens\u00f5es<\/strong><br \/>28x20x4 cm.<br \/><strong>Peso<\/strong><br \/>1.40 Kg.<br \/><strong>Especifica\u00e7\u00f5es adicionais<\/strong><br \/>O Panasonic Toughbook FZ-G1 MK5 \u00e9 um tablet robusto projetado para desempenho e resist\u00eancia em ambientes extremos. \u00c9 ideal para profissionais de setores como defesa, constru\u00e7\u00e3o, log\u00edstica e servi\u00e7os de emerg\u00eancia. Seu design compacto e leve n\u00e3o compromete a robustez, oferecendo uma solu\u00e7\u00e3o m\u00f3vel eficiente em condi\u00e7\u00f5es adversas. <br \/>Equipado com uma tela sens\u00edvel ao toque FullHD de 10,1&#8243;, \u00e9 vis\u00edvel sob luz solar direta e pode ser operado com luvas ou com uma caneta inclu\u00edda. Sua constru\u00e7\u00e3o robusta e TPM 2.0 garantem seguran\u00e7a avan\u00e7ada e prote\u00e7\u00e3o de dados em todos os momentos.<br \/> <b>Robusto caracter\u00edsticas:<\/b><br \/><u>Resist\u00eancia ao impacto:<\/u> Suporta quedas de at\u00e9 1,2 metros, ideal para trabalhos em campo.<br \/><u>Prote\u00e7\u00e3o contra poeira e \u00e1gua:<\/u> Certifica\u00e7\u00e3o IP-65, garantindo prote\u00e7\u00e3o total contra poeira e jatos de \u00e1gua pressurizada.<br \/><u>Faixa de temperatura:<\/u> Operacional em temperaturas de -10\u00b0C a 50\u00b0C, perfeito para ambientes desafiadores.<br \/><u>Tela refor\u00e7ada:<\/u> a tela de 10,1&#8243; \u00e9 sens\u00edvel ao toque, leg\u00edvel \u00e0 luz solar e operada com luvas, melhorando a experi\u00eancia ao ar livre.<br \/><b>Certifica\u00e7\u00f5es robustas:<\/b><br \/><u>MIL-STD-810G:<\/u> Resist\u00eancia a choques, vibra\u00e7\u00f5es, umidade, poeira e temperaturas extremas, em conformidade com os padr\u00f5es militares.<br \/><u>IP-65:<\/u> Prote\u00e7\u00e3o contra poeira e jatos de \u00e1gua de qualquer dire\u00e7\u00e3o.<br \/><u>MIL-STD-461F:<\/u> Garante opera\u00e7\u00e3o sem interfer\u00eancia eletromagn\u00e9tica, essencial em aplica\u00e7\u00f5es industriais e militar.<br \/>Boa apar\u00eancia exterior. Procure em &#8220;+ Fotos\u201d e &#8220;V\u00eddeo\u201d e caso tenha alguma d\u00favida, ligue ou utilize nosso chat para mais informa\u00e7\u00f5es ou para solicitar mais detalhes.<\/p>\n<p><strong>Coment\u00e1rios<\/strong><br \/><u>Bateria de alta capacidade &#8211; Inclui al\u00e7a &#8211; Inclui l\u00e1pis<\/u><\/p>\n","protected":false},"excerpt":{"rendered":"<p>Intel Core i5 7300U 2.6 GHz. \u00b7 8 Gb. SO-DDR3 RAM \u00b7 256 Gb. SSD M2 \u00b7 Windows 10 Pro \u00b7 T\u00e1til 10.1 &#8221; FullHD 16:9 \u00b7<br \/>\n<strong>Bateria de alta capacidade &#8211; Inclui al\u00e7a &#8211; Inclui l\u00e1pis<\/strong> [&#8230;]<\/p>\n<p><a class=\"btn btn-secondary understrap-read-more-link\" href=\"https:\/\/digalco.com\/pt-pt\/produto\/panasonic-toughbook-fz-g1-mk5-rugged-101-recondicionado-core-i5-26ghz-8-gb-ram-256-gb-ssd-m2-1920x1200-pt-13031\/\">Continuar a ler&#8230;<span class=\"screen-reader-text\"> from Panasonic ToughBook FZ-G1 MK5 Rugged 10.1&#8221; | Recondicionado | Core i5 2.6GHz | 8 GB RAM | 256 GB SSD M2 1920&#215;1200<\/span><\/a><\/p>\n","protected":false},"featured_media":231425,"template":"","meta":[],"product_brand":[3873],"product_cat":[1591,3109,1579,3695],"product_tag":[],"class_list":{"0":"post-231476","1":"product","2":"type-product","3":"status-publish","4":"has-post-thumbnail","6":"product_brand-panasonic","7":"product_cat-ruggerized-pt","8":"product_cat-tablets-ruggerized-pt","9":"product_cat-tablets-pt","10":"product_cat-ruggerized-tablets-pt","12":"first","13":"instock","14":"taxable","15":"shipping-taxable","16":"purchasable","17":"product-type-simple"},"bundled_by":[],"bundle_stock_status":"instock","bundle_stock_quantity":2,"bundle_virtual":false,"bundle_layout":"","bundle_add_to_cart_form_location":"","bundle_editable_in_cart":false,"bundle_sold_individually_context":"","bundle_item_grouping":"","bundle_min_size":"","bundle_max_size":"","bundle_price":[],"bundled_items":[],"bundle_sell_ids":[],"exclude_global_add_ons":true,"addons":{"docking-station-upgrades":{"name":"Extens\u00e3o Docking Station","type":"multiple_choice","position":0,"required":false,"title_format":"heading","default":"","description_enable":false,"description":"","placeholder_enable":false,"placeholder":"","display":"radiobutton","restrictions_type":"any_text","adjust_price":false,"price":"","price_type":"quantity_based","restrictions":false,"min":"0","max":"0","options":[{"label":"Panasonic Docking ToughPad FZ-VEBG11 [AMP00128]","price":"100.0000","price_type":"quantity_based","image":0,"visibility":true}]},"os-upgrades":{"name":"Extens\u00e3o OS","type":"multiple_choice","position":0,"required":false,"title_format":"heading","default":"","description_enable":false,"description":"","placeholder_enable":false,"placeholder":"","display":"radiobutton","restrictions_type":"any_text","adjust_price":false,"price":"","price_type":"quantity_based","restrictions":false,"min":"0","max":"0","options":[{"label":"Alterar idioma para franc\u00eas [AMP00125]","price":"0.0000","price_type":"quantity_based","image":0,"visibility":true},{"label":"Alterar idioma para ingl\u00eas [AMP00008]","price":"0.0000","price_type":"quantity_based","image":0,"visibility":true},{"label":"Alterar idioma para o portugu\u00eas [AMP00009]","price":"0.0000","price_type":"quantity_based","image":0,"visibility":true}]}},"df_price":391,"df_sale_price":"","df_regular_price":391,"df_image_link":"https:\/\/digalco.com\/wp-content\/uploads\/images\/product\/13031\/pana00114_01-300x225.jpg","_links":{"self":[{"href":"https:\/\/digalco.com\/pt-pt\/wp-json\/wp\/v2\/product\/231476","targetHints":{"allow":["GET"]}}],"collection":[{"href":"https:\/\/digalco.com\/pt-pt\/wp-json\/wp\/v2\/product"}],"about":[{"href":"https:\/\/digalco.com\/pt-pt\/wp-json\/wp\/v2\/types\/product"}],"wp:featuredmedia":[{"embeddable":true,"href":"https:\/\/digalco.com\/pt-pt\/wp-json\/wp\/v2\/media\/231425"}],"wp:attachment":[{"href":"https:\/\/digalco.com\/pt-pt\/wp-json\/wp\/v2\/media?parent=231476"}],"wp:term":[{"taxonomy":"product_brand","embeddable":true,"href":"https:\/\/digalco.com\/pt-pt\/wp-json\/wp\/v2\/product_brand?post=231476"},{"taxonomy":"product_cat","embeddable":true,"href":"https:\/\/digalco.com\/pt-pt\/wp-json\/wp\/v2\/product_cat?post=231476"},{"taxonomy":"product_tag","embeddable":true,"href":"https:\/\/digalco.com\/pt-pt\/wp-json\/wp\/v2\/product_tag?post=231476"}],"curies":[{"name":"wp","href":"https:\/\/api.w.org\/{rel}","templated":true}]}}