{"id":231566,"date":"2024-12-05T09:59:36","date_gmt":"2024-12-05T08:59:36","guid":{"rendered":"https:\/\/digalco.com\/tienda\/router-cisco-881-router-recondicionado-pt-12524\/"},"modified":"2024-12-10T17:42:39","modified_gmt":"2024-12-10T16:42:39","slug":"router-cisco-881-router-recondicionado-pt-12524","status":"publish","type":"product","link":"https:\/\/digalco.com\/pt-pt\/produto\/router-cisco-881-router-recondicionado-pt-12524\/","title":{"rendered":"Router CISCO 881 Router | Recondicionado"},"content":{"rendered":"<p><strong>Geral impressora<\/strong><br \/>Router<br \/><strong>Portos de rede<\/strong><br \/>4x Ethernet 100 Mbps.<br \/>WAN 100 Mbps.<br \/><strong>Dimens\u00f5es<\/strong><br \/>32.5x25x4.5 cm.<br \/><strong>Peso<\/strong><br \/>1.00 Kg.<br \/><strong>Especifica\u00e7\u00f5es adicionais<\/strong><br \/>O Roteador de Servi\u00e7os Integrados Cisco 881 (ISR) \u00e9 uma solu\u00e7\u00e3o robusta projetada para pequenos escrit\u00f3rios e filiais, oferecendo uma combina\u00e7\u00e3o de conectividade segura, desempenho e funcionalidade avan\u00e7ada. Seus recursos mais not\u00e1veis \u200b\u200bincluem:<br \/><b>Especifica\u00e7\u00f5es principais:<\/b><br \/><u>Conectividade WAN:<\/u> 1 porta Ethernet 10\/100 Mbps para conex\u00e3o \u00e0 Internet ou redes WAN.<br \/><u>Conectividade LAN:<\/u> Switch integrado com 4 portas Ethernet 10\/100 Mbps.<br \/><u>Seguran\u00e7a:<\/u> Suporte para VPNs IPsec (at\u00e9 20 t\u00faneis), firewall integrado e op\u00e7\u00f5es de conte\u00fado filtrado licenciado.<br \/><u>Wi-Fi integrado (opcional):<\/u> suporte para padr\u00f5es 802.11n (2,4 GHz) com antenas internas.<br \/><u>suporte para VoIP:<\/u> at\u00e9 at\u00e9 4 portas FXS para conex\u00f5es de voz (dependendo do modelo SRST).<br \/><u>Protocolo de roteamento:<\/u> Compat\u00edvel com RIPv1, RIPv2, BGP, OSPF e EIGRP.<br \/><u>Alto desempenho:<\/u> Capacidade de processamento de at\u00e9 15 Mbps de tr\u00e1fego VPN criptografado\u200b<\/p>\n","protected":false},"excerpt":{"rendered":"<p>Router \u00b7 4x Ethernet 100 Mbps. \u00b7 WAN 100 Mbps. \u00b7 PoE [&#8230;]<\/p>\n<p><a class=\"btn btn-secondary understrap-read-more-link\" href=\"https:\/\/digalco.com\/pt-pt\/produto\/router-cisco-881-router-recondicionado-pt-12524\/\">Continuar a ler&#8230;<span class=\"screen-reader-text\"> from Router CISCO 881 Router | Recondicionado<\/span><\/a><\/p>\n","protected":false},"featured_media":231560,"template":"","meta":[],"product_brand":[3882],"product_cat":[1663,3789],"product_tag":[],"class_list":{"0":"post-231566","1":"product","2":"type-product","3":"status-publish","4":"has-post-thumbnail","6":"product_brand-cisco","7":"product_cat-networking-pt","8":"product_cat-networking-routers-pt","10":"first","11":"instock","12":"taxable","13":"shipping-taxable","14":"purchasable","15":"product-type-simple"},"bundled_by":[],"bundle_stock_status":"instock","bundle_stock_quantity":3,"bundle_virtual":false,"bundle_layout":"","bundle_add_to_cart_form_location":"","bundle_editable_in_cart":false,"bundle_sold_individually_context":"","bundle_item_grouping":"","bundle_min_size":"","bundle_max_size":"","bundle_price":[],"bundled_items":[],"bundle_sell_ids":[],"exclude_global_add_ons":[],"addons":[],"df_price":102,"df_sale_price":"","df_regular_price":102,"df_image_link":"https:\/\/digalco.com\/wp-content\/uploads\/images\/product\/12524\/cisc00098_01-300x225.jpg","_links":{"self":[{"href":"https:\/\/digalco.com\/pt-pt\/wp-json\/wp\/v2\/product\/231566","targetHints":{"allow":["GET"]}}],"collection":[{"href":"https:\/\/digalco.com\/pt-pt\/wp-json\/wp\/v2\/product"}],"about":[{"href":"https:\/\/digalco.com\/pt-pt\/wp-json\/wp\/v2\/types\/product"}],"wp:featuredmedia":[{"embeddable":true,"href":"https:\/\/digalco.com\/pt-pt\/wp-json\/wp\/v2\/media\/231560"}],"wp:attachment":[{"href":"https:\/\/digalco.com\/pt-pt\/wp-json\/wp\/v2\/media?parent=231566"}],"wp:term":[{"taxonomy":"product_brand","embeddable":true,"href":"https:\/\/digalco.com\/pt-pt\/wp-json\/wp\/v2\/product_brand?post=231566"},{"taxonomy":"product_cat","embeddable":true,"href":"https:\/\/digalco.com\/pt-pt\/wp-json\/wp\/v2\/product_cat?post=231566"},{"taxonomy":"product_tag","embeddable":true,"href":"https:\/\/digalco.com\/pt-pt\/wp-json\/wp\/v2\/product_tag?post=231566"}],"curies":[{"name":"wp","href":"https:\/\/api.w.org\/{rel}","templated":true}]}}