{"id":231582,"date":"2024-12-05T10:14:20","date_gmt":"2024-12-05T09:14:20","guid":{"rendered":"https:\/\/digalco.com\/tienda\/ponto-de-acesso-cisco-air-ap3802e-e-k9-v05-recondicionado-pt-12462\/"},"modified":"2024-12-10T17:41:38","modified_gmt":"2024-12-10T16:41:38","slug":"ponto-de-acesso-cisco-air-ap3802e-e-k9-v05-recondicionado-pt-12462","status":"publish","type":"product","link":"https:\/\/digalco.com\/pt-pt\/produto\/ponto-de-acesso-cisco-air-ap3802e-e-k9-v05-recondicionado-pt-12462\/","title":{"rendered":"Ponto de acesso CISCO AIR-AP3802E-E-K9 v05 | Recondicionado"},"content":{"rendered":"<p><strong>Geral impressora<\/strong><br \/>Ponto de acesso<br \/><strong>Portos de rede<\/strong><br \/>Ethernet 1000 Mbps.<br \/><strong>Dimens\u00f5es<\/strong><br \/>22x22x5.5 cm.<br \/><strong>Peso<\/strong><br \/>1.70 Kg.<br \/><strong>Especifica\u00e7\u00f5es adicionais<\/strong><br \/>O Cisco AIR-AP3802E-E-K9 \u00e9 um ponto de acesso de \u00faltima gera\u00e7\u00e3o projetado para ambientes empresariais exigentes. Oferece suporte para 802.11ac Wave 2 com velocidades de at\u00e9 5,2 Gbps e tecnologia 4&#215;4 MU-MIMO. Incorpora duas portas Ethernet multigigabit (at\u00e9 5 Gbps), conectividade flex\u00edvel e antenas externas para otimizar o desempenho em instala\u00e7\u00f5es complexas. Ideal para redes que exigem alta capacidade e confiabilidade<\/p>\n<p><strong>Coment\u00e1rios<\/strong><br \/><u>2,4\/5 GHz &#8211; PoE &#8211; WiFi &#8211; Sem Antena &#8211; 2&#215;100\/1000\/2500\/5000 Ethernet multigigabit &#8211; 1xRJ-45 Auxiliar<\/u><\/p>\n","protected":false},"excerpt":{"rendered":"<p>Ponto de acesso \u00b7 Ethernet 1000 Mbps. \u00b7 <u>2,4\/5 GHz &#8211; PoE &#8211; WiFi &#8211; Sem Antena &#8211; 2&#215;100\/1000\/2500\/5000 Ethernet multigigabit &#8211; 1xRJ-45 Auxiliar<\/u> [&#8230;]<\/p>\n<p><a class=\"btn btn-secondary understrap-read-more-link\" href=\"https:\/\/digalco.com\/pt-pt\/produto\/ponto-de-acesso-cisco-air-ap3802e-e-k9-v05-recondicionado-pt-12462\/\">Continuar a ler&#8230;<span class=\"screen-reader-text\"> from Ponto de acesso CISCO AIR-AP3802E-E-K9 v05 | Recondicionado<\/span><\/a><\/p>\n","protected":false},"featured_media":231576,"template":"","meta":[],"product_brand":[3882],"product_cat":[1663,3793],"product_tag":[],"class_list":{"0":"post-231582","1":"product","2":"type-product","3":"status-publish","4":"has-post-thumbnail","6":"product_brand-cisco","7":"product_cat-networking-pt","8":"product_cat-networking-wireless-pt","10":"first","11":"instock","12":"taxable","13":"shipping-taxable","14":"purchasable","15":"product-type-simple"},"bundled_by":[],"bundle_stock_status":"instock","bundle_stock_quantity":1,"bundle_virtual":false,"bundle_layout":"","bundle_add_to_cart_form_location":"","bundle_editable_in_cart":false,"bundle_sold_individually_context":"","bundle_item_grouping":"","bundle_min_size":"","bundle_max_size":"","bundle_price":[],"bundled_items":[],"bundle_sell_ids":[],"exclude_global_add_ons":[],"addons":[],"df_price":96,"df_sale_price":"","df_regular_price":96,"df_image_link":"https:\/\/digalco.com\/wp-content\/uploads\/images\/product\/12462\/cisc00069_01-300x225.jpg","_links":{"self":[{"href":"https:\/\/digalco.com\/pt-pt\/wp-json\/wp\/v2\/product\/231582","targetHints":{"allow":["GET"]}}],"collection":[{"href":"https:\/\/digalco.com\/pt-pt\/wp-json\/wp\/v2\/product"}],"about":[{"href":"https:\/\/digalco.com\/pt-pt\/wp-json\/wp\/v2\/types\/product"}],"wp:featuredmedia":[{"embeddable":true,"href":"https:\/\/digalco.com\/pt-pt\/wp-json\/wp\/v2\/media\/231576"}],"wp:attachment":[{"href":"https:\/\/digalco.com\/pt-pt\/wp-json\/wp\/v2\/media?parent=231582"}],"wp:term":[{"taxonomy":"product_brand","embeddable":true,"href":"https:\/\/digalco.com\/pt-pt\/wp-json\/wp\/v2\/product_brand?post=231582"},{"taxonomy":"product_cat","embeddable":true,"href":"https:\/\/digalco.com\/pt-pt\/wp-json\/wp\/v2\/product_cat?post=231582"},{"taxonomy":"product_tag","embeddable":true,"href":"https:\/\/digalco.com\/pt-pt\/wp-json\/wp\/v2\/product_tag?post=231582"}],"curies":[{"name":"wp","href":"https:\/\/api.w.org\/{rel}","templated":true}]}}