{"id":231595,"date":"2024-12-05T10:30:09","date_gmt":"2024-12-05T09:30:09","guid":{"rendered":"https:\/\/digalco.com\/tienda\/switch-cisco-air-ct5760-100-k9-wireless-controller-recondicionado-pt-12482\/"},"modified":"2024-12-10T17:40:29","modified_gmt":"2024-12-10T16:40:29","slug":"switch-cisco-air-ct5760-100-k9-wireless-controller-recondicionado-pt-12482","status":"publish","type":"product","link":"https:\/\/digalco.com\/pt-pt\/produto\/switch-cisco-air-ct5760-100-k9-wireless-controller-recondicionado-pt-12482\/","title":{"rendered":"Switch CISCO AIR-CT5760-100-K9 Wireless Controller | Recondicionado"},"content":{"rendered":"<p><strong>Geral impressora<\/strong><br \/>Switch<br \/><strong>Portos de rede<\/strong><br \/>Ethernet 1000 Mbps.<br \/>6x Fibra 1000 Mbps.<br \/><strong>Outros<\/strong><br \/>hR embalagens<br \/><strong>Dimens\u00f5es<\/strong><br \/>44.5x45x4.5 cm.<br \/><strong>Peso<\/strong><br \/>10.50 Kg.<br \/><strong>Especifica\u00e7\u00f5es adicionais<\/strong><br \/>O Cisco AIR-CT5760-100-K9 \u00e9 um controlador sem fio da s\u00e9rie 5700 projetado para gerenciar at\u00e9 100 pontos de acesso. \u00c9 ideal para redes de m\u00e9dias empresas, fornecendo alta velocidade, escalabilidade e seguran\u00e7a avan\u00e7ada para implanta\u00e7\u00f5es de rede 802.11ac.<br \/><b>Principais recursos:<\/b><br \/><u>Capacidade<\/u>: suporta at\u00e9 100 pontos de acesso Cisco.<br \/><u>Desempenho:<\/u> oferece velocidade em n\u00edvel de fio com um ASIC especializado para otimizar redes Wi-Fi.<br \/><u>Alta disponibilidade:<\/u> permite redund\u00e2ncia via failover com AP Stateful Switchover (SSO).<br \/><u>Seguran\u00e7a avan\u00e7ada:<\/u> suporta criptografia AES, autentica\u00e7\u00e3o 802.1X, RADIUS e muito mais.<br \/><u>Gerenciamento:<\/u> gerenciado por CLI , interface web e suporta SNMP.<br \/><u>QoS:<\/u> Otimiza o tr\u00e1fego de aplica\u00e7\u00f5es cr\u00edticas para garantir desempenho constante.<br \/>Este modelo \u00e9 robusto e eficiente, ideal para garantir conectividade est\u00e1vel em ambientes de neg\u00f3cios.<\/p>\n<p><strong>Coment\u00e1rios<\/strong><br \/><u>At\u00e9 100 pontos de acesso &#8211; 1xRJ45 Management &#8211; 1xGigabit Ethernet &#8211; 1xUSB &#8211; 2xUSB TypeA &#8211; 6 portas de expans\u00e3o SFP<\/u><\/p>\n","protected":false},"excerpt":{"rendered":"<p>Switch \u00b7 Ethernet 1000 Mbps. \u00b7 6x Fibra 1000 Mbps. \u00b7 Rackmount \u00b7 <u>At\u00e9 100 pontos de acesso &#8211; 1xRJ45 Management &#8211; 1xGigabit Ethernet &#8211; 1xUSB &#8211; 2xUSB TypeA &#8211; 6 portas de expans\u00e3o SFP<\/u> [&#8230;]<\/p>\n<p><a class=\"btn btn-secondary understrap-read-more-link\" href=\"https:\/\/digalco.com\/pt-pt\/produto\/switch-cisco-air-ct5760-100-k9-wireless-controller-recondicionado-pt-12482\/\">Continuar a ler&#8230;<span class=\"screen-reader-text\"> from Switch CISCO AIR-CT5760-100-K9 Wireless Controller | Recondicionado<\/span><\/a><\/p>\n","protected":false},"featured_media":231594,"template":"","meta":[],"product_brand":[3882],"product_cat":[1663,3793],"product_tag":[],"class_list":{"0":"post-231595","1":"product","2":"type-product","3":"status-publish","4":"has-post-thumbnail","6":"product_brand-cisco","7":"product_cat-networking-pt","8":"product_cat-networking-wireless-pt","10":"first","11":"instock","12":"taxable","13":"shipping-taxable","14":"purchasable","15":"product-type-simple"},"bundled_by":[],"bundle_stock_status":"instock","bundle_stock_quantity":2,"bundle_virtual":false,"bundle_layout":"","bundle_add_to_cart_form_location":"","bundle_editable_in_cart":false,"bundle_sold_individually_context":"","bundle_item_grouping":"","bundle_min_size":"","bundle_max_size":"","bundle_price":[],"bundled_items":[],"bundle_sell_ids":[],"exclude_global_add_ons":[],"addons":[],"df_price":322,"df_sale_price":"","df_regular_price":322,"df_image_link":"https:\/\/digalco.com\/wp-content\/uploads\/images\/product\/12482\/cisc00084_01-300x225.jpg","_links":{"self":[{"href":"https:\/\/digalco.com\/pt-pt\/wp-json\/wp\/v2\/product\/231595","targetHints":{"allow":["GET"]}}],"collection":[{"href":"https:\/\/digalco.com\/pt-pt\/wp-json\/wp\/v2\/product"}],"about":[{"href":"https:\/\/digalco.com\/pt-pt\/wp-json\/wp\/v2\/types\/product"}],"wp:featuredmedia":[{"embeddable":true,"href":"https:\/\/digalco.com\/pt-pt\/wp-json\/wp\/v2\/media\/231594"}],"wp:attachment":[{"href":"https:\/\/digalco.com\/pt-pt\/wp-json\/wp\/v2\/media?parent=231595"}],"wp:term":[{"taxonomy":"product_brand","embeddable":true,"href":"https:\/\/digalco.com\/pt-pt\/wp-json\/wp\/v2\/product_brand?post=231595"},{"taxonomy":"product_cat","embeddable":true,"href":"https:\/\/digalco.com\/pt-pt\/wp-json\/wp\/v2\/product_cat?post=231595"},{"taxonomy":"product_tag","embeddable":true,"href":"https:\/\/digalco.com\/pt-pt\/wp-json\/wp\/v2\/product_tag?post=231595"}],"curies":[{"name":"wp","href":"https:\/\/api.w.org\/{rel}","templated":true}]}}