{"id":231619,"date":"2024-12-05T11:09:49","date_gmt":"2024-12-05T10:09:49","guid":{"rendered":"https:\/\/digalco.com\/tienda\/ponto-de-acesso-cisco-air-cap3702e-e-k9-v5-recondicionado-pt-12460\/"},"modified":"2025-12-12T09:58:55","modified_gmt":"2025-12-12T08:58:55","slug":"ponto-de-acesso-cisco-air-cap3702e-e-k9-v5-recondicionado-pt-12460","status":"publish","type":"product","link":"https:\/\/digalco.com\/pt-pt\/produto\/ponto-de-acesso-cisco-air-cap3702e-e-k9-v5-recondicionado-pt-12460\/","title":{"rendered":"Ponto de acesso CISCO AIR-CAP3702E-E-K9 V5 | Recondicionado"},"content":{"rendered":"<p><strong>Geral impressora<\/strong><br \/>Ponto de acesso<br \/><strong>Dimens\u00f5es<\/strong><br \/>22x22x6 cm.<br \/><strong>Peso<\/strong><br \/>1.10 Kg.<br \/><strong>Especifica\u00e7\u00f5es adicionais<\/strong><br \/>O Cisco AIR-CAP3702E-E-K9 V5 \u00e9 um ponto de acesso sem fio corporativo que suporta 802.11ac Wave 2, com dois r\u00e1dios (2,4 GHz e 5 GHz) e antenas externas. Oferece velocidades de at\u00e9 1,9 Gbps, com suporte a MU-MIMO, beamforming e alto desempenho em densas concentra\u00e7\u00f5es de clientes. \u00c9 ideal para implanta\u00e7\u00f5es que exigem alta capacidade, seguran\u00e7a avan\u00e7ada e gerenciamento centralizado por meio de controladores Cisco. Oferece Gigabit Ethernet e portas de gerenciamento, al\u00e9m de possuir interface USB para poss\u00edveis usos futuros.<\/p>\n<p><strong>Coment\u00e1rios<\/strong><br \/><u>2,4\/5 GHz &#8211; PoE &#8211; 1xGigabit Ethernet &#8211; Gerenciamento 1&#215;10\/100\/1000 &#8211; Antenas n\u00e3o inclu\u00eddas<\/u><\/p>\n","protected":false},"excerpt":{"rendered":"<p>Ponto de acesso \u00b7 <u>2,4\/5 GHz &#8211; PoE &#8211; 1xGigabit Ethernet &#8211; Gerenciamento 1&#215;10\/100\/1000 &#8211; Antenas n\u00e3o inclu\u00eddas<\/u> [&#8230;]<\/p>\n<p><a class=\"btn btn-secondary understrap-read-more-link\" href=\"https:\/\/digalco.com\/pt-pt\/produto\/ponto-de-acesso-cisco-air-cap3702e-e-k9-v5-recondicionado-pt-12460\/\">Continuar a ler&#8230;<span class=\"screen-reader-text\"> from Ponto de acesso CISCO AIR-CAP3702E-E-K9 V5 | Recondicionado<\/span><\/a><\/p>\n","protected":false},"featured_media":231618,"template":"","meta":[],"product_brand":[3882],"product_cat":[1663,3793],"product_tag":[],"class_list":{"0":"post-231619","1":"product","2":"type-product","3":"status-publish","4":"has-post-thumbnail","6":"product_brand-cisco","7":"product_cat-networking-pt","8":"product_cat-networking-wireless-pt","10":"first","11":"instock","12":"taxable","13":"shipping-taxable","14":"purchasable","15":"product-type-simple"},"bundled_by":[],"bundle_stock_status":"instock","bundle_stock_quantity":14,"bundle_virtual":false,"bundle_layout":"","bundle_add_to_cart_form_location":"","bundle_editable_in_cart":false,"bundle_sold_individually_context":"","bundle_item_grouping":"","bundle_min_size":"","bundle_max_size":"","bundle_price":[],"bundled_items":[],"bundle_sell_ids":[],"exclude_global_add_ons":[],"addons":[],"df_price":35,"df_sale_price":"","df_regular_price":35,"df_image_link":"https:\/\/digalco.com\/wp-content\/uploads\/images\/product\/12460\/cisc00067_01-300x225.jpg","_links":{"self":[{"href":"https:\/\/digalco.com\/pt-pt\/wp-json\/wp\/v2\/product\/231619","targetHints":{"allow":["GET"]}}],"collection":[{"href":"https:\/\/digalco.com\/pt-pt\/wp-json\/wp\/v2\/product"}],"about":[{"href":"https:\/\/digalco.com\/pt-pt\/wp-json\/wp\/v2\/types\/product"}],"wp:featuredmedia":[{"embeddable":true,"href":"https:\/\/digalco.com\/pt-pt\/wp-json\/wp\/v2\/media\/231618"}],"wp:attachment":[{"href":"https:\/\/digalco.com\/pt-pt\/wp-json\/wp\/v2\/media?parent=231619"}],"wp:term":[{"taxonomy":"product_brand","embeddable":true,"href":"https:\/\/digalco.com\/pt-pt\/wp-json\/wp\/v2\/product_brand?post=231619"},{"taxonomy":"product_cat","embeddable":true,"href":"https:\/\/digalco.com\/pt-pt\/wp-json\/wp\/v2\/product_cat?post=231619"},{"taxonomy":"product_tag","embeddable":true,"href":"https:\/\/digalco.com\/pt-pt\/wp-json\/wp\/v2\/product_tag?post=231619"}],"curies":[{"name":"wp","href":"https:\/\/api.w.org\/{rel}","templated":true}]}}