{"id":231700,"date":"2024-12-05T17:17:19","date_gmt":"2024-12-05T16:17:19","guid":{"rendered":"https:\/\/digalco.com\/tienda\/switch-cisco-ws-c3750x-12s-e-recondicionado-pt-12472\/"},"modified":"2024-12-10T17:33:23","modified_gmt":"2024-12-10T16:33:23","slug":"switch-cisco-ws-c3750x-12s-e-recondicionado-pt-12472","status":"publish","type":"product","link":"https:\/\/digalco.com\/pt-pt\/produto\/switch-cisco-ws-c3750x-12s-e-recondicionado-pt-12472\/","title":{"rendered":"Switch CISCO WS-C3750X-12S-E | Recondicionado"},"content":{"rendered":"<p><strong>Geral impressora<\/strong><br \/>Switch<br \/><strong>Portos de rede<\/strong><br \/>Ethernet 100 Mbps.<br \/>12x Fibra 1000 Mbps.<br \/><strong>Outros<\/strong><br \/>hR embalagens<br \/><strong>Dimens\u00f5es<\/strong><br \/>44.5x46x4.5 cm.<br \/><strong>Peso<\/strong><br \/>6.80 Kg.<br \/><strong>Especifica\u00e7\u00f5es adicionais<\/strong><br \/>O Cisco WS-C3750X-12S-E \u00e9 um switch de n\u00edvel empresarial com portas SFP (fibra \u00f3ptica) de 12 Gigabit Ethernet. Oferece recursos avan\u00e7ados de Camada 3, incluindo roteamento, QoS aprimorado, redund\u00e2ncia e alta disponibilidade. Faz parte da s\u00e9rie Catalyst 3750-X, conhecida por sua escalabilidade, com suporte para empilhamento (StackWise Plus) e redund\u00e2ncia com fontes de alimenta\u00e7\u00e3o modulares. Este modelo foi projetado para redes cr\u00edticas, oferecendo seguran\u00e7a avan\u00e7ada, gerenciamento unificado e op\u00e7\u00f5es de expans\u00e3o com m\u00f3dulos adicionais.<\/p>\n","protected":false},"excerpt":{"rendered":"<p>Switch \u00b7 Ethernet 100 Mbps. \u00b7 12x Fibra 1000 Mbps. \u00b7 Rackmount [&#8230;]<\/p>\n<p><a class=\"btn btn-secondary understrap-read-more-link\" href=\"https:\/\/digalco.com\/pt-pt\/produto\/switch-cisco-ws-c3750x-12s-e-recondicionado-pt-12472\/\">Continuar a ler&#8230;<span class=\"screen-reader-text\"> from Switch CISCO WS-C3750X-12S-E | Recondicionado<\/span><\/a><\/p>\n","protected":false},"featured_media":231699,"template":"","meta":[],"product_brand":[3882],"product_cat":[1663,3785],"product_tag":[],"class_list":{"0":"post-231700","1":"product","2":"type-product","3":"status-publish","4":"has-post-thumbnail","6":"product_brand-cisco","7":"product_cat-networking-pt","8":"product_cat-networking-switches-pt","10":"first","11":"instock","12":"taxable","13":"shipping-taxable","14":"purchasable","15":"product-type-simple"},"bundled_by":[],"bundle_stock_status":"instock","bundle_stock_quantity":3,"bundle_virtual":false,"bundle_layout":"","bundle_add_to_cart_form_location":"","bundle_editable_in_cart":false,"bundle_sold_individually_context":"","bundle_item_grouping":"","bundle_min_size":"","bundle_max_size":"","bundle_price":[],"bundled_items":[],"bundle_sell_ids":[],"exclude_global_add_ons":[],"addons":[],"df_price":120,"df_sale_price":"","df_regular_price":120,"df_image_link":"https:\/\/digalco.com\/wp-content\/uploads\/images\/product\/12472\/cisc00079_01-300x225.jpg","_links":{"self":[{"href":"https:\/\/digalco.com\/pt-pt\/wp-json\/wp\/v2\/product\/231700","targetHints":{"allow":["GET"]}}],"collection":[{"href":"https:\/\/digalco.com\/pt-pt\/wp-json\/wp\/v2\/product"}],"about":[{"href":"https:\/\/digalco.com\/pt-pt\/wp-json\/wp\/v2\/types\/product"}],"wp:featuredmedia":[{"embeddable":true,"href":"https:\/\/digalco.com\/pt-pt\/wp-json\/wp\/v2\/media\/231699"}],"wp:attachment":[{"href":"https:\/\/digalco.com\/pt-pt\/wp-json\/wp\/v2\/media?parent=231700"}],"wp:term":[{"taxonomy":"product_brand","embeddable":true,"href":"https:\/\/digalco.com\/pt-pt\/wp-json\/wp\/v2\/product_brand?post=231700"},{"taxonomy":"product_cat","embeddable":true,"href":"https:\/\/digalco.com\/pt-pt\/wp-json\/wp\/v2\/product_cat?post=231700"},{"taxonomy":"product_tag","embeddable":true,"href":"https:\/\/digalco.com\/pt-pt\/wp-json\/wp\/v2\/product_tag?post=231700"}],"curies":[{"name":"wp","href":"https:\/\/api.w.org\/{rel}","templated":true}]}}