{"id":231710,"date":"2024-12-05T17:25:50","date_gmt":"2024-12-05T16:25:50","guid":{"rendered":"https:\/\/digalco.com\/tienda\/ponto-de-acesso-cisco-air-cap2602e-e-k9-v01-recondicionado-pt-12454\/"},"modified":"2024-12-10T17:32:16","modified_gmt":"2024-12-10T16:32:16","slug":"ponto-de-acesso-cisco-air-cap2602e-e-k9-v01-recondicionado-pt-12454","status":"publish","type":"product","link":"https:\/\/digalco.com\/pt-pt\/produto\/ponto-de-acesso-cisco-air-cap2602e-e-k9-v01-recondicionado-pt-12454\/","title":{"rendered":"Ponto de acesso CISCO AIR-CAP2602E-E-K9 v01 | Recondicionado"},"content":{"rendered":"<p><strong>Geral impressora<\/strong><br \/>Ponto de acesso<br \/><strong>Portos de rede<\/strong><br \/>Ethernet 1000 Mbps.<br \/><strong>Dimens\u00f5es<\/strong><br \/>22.5&#215;22.5&#215;5 cm.<br \/><strong>Peso<\/strong><br \/>1.20 Kg.<br \/><strong>Especifica\u00e7\u00f5es adicionais<\/strong><br \/>O Cisco AIR-CAP2602E-E-K9 v01 \u00e9 um ponto de acesso sem fio 802.11n de alto desempenho projetado para ambientes corporativos. Possui r\u00e1dios duplos (2,4 GHz e 5 GHz), suporta MIMO 3&#215;4 e oferece velocidade de at\u00e9 450 Mbps. Use antenas externas para maior flexibilidade e otimiza\u00e7\u00e3o de cobertura. Oferece fun\u00e7\u00f5es avan\u00e7adas como forma\u00e7\u00e3o de feixe, detec\u00e7\u00e3o de interfer\u00eancia e gerenciamento centralizado usando controladores Cisco. \u00c9 ideal para implanta\u00e7\u00f5es de rede com necessidades de alto desempenho e densidade moderada de usu\u00e1rios.<\/p>\n<p><strong>Coment\u00e1rios<\/strong><br \/><u>2,4\/5 GHz &#8211; PoE &#8211; 1xGigabit Ethernet &#8211; WiFi &#8211; Inclui antena<\/u><\/p>\n","protected":false},"excerpt":{"rendered":"<p>Ponto de acesso \u00b7 Ethernet 1000 Mbps. \u00b7 <u>2,4\/5 GHz &#8211; PoE &#8211; 1xGigabit Ethernet &#8211; WiFi &#8211; Inclui antena<\/u> [&#8230;]<\/p>\n<p><a class=\"btn btn-secondary understrap-read-more-link\" href=\"https:\/\/digalco.com\/pt-pt\/produto\/ponto-de-acesso-cisco-air-cap2602e-e-k9-v01-recondicionado-pt-12454\/\">Continuar a ler&#8230;<span class=\"screen-reader-text\"> from Ponto de acesso CISCO AIR-CAP2602E-E-K9 v01 | Recondicionado<\/span><\/a><\/p>\n","protected":false},"featured_media":231709,"template":"","meta":[],"product_brand":[3882],"product_cat":[1663,3793],"product_tag":[],"class_list":{"0":"post-231710","1":"product","2":"type-product","3":"status-publish","4":"has-post-thumbnail","6":"product_brand-cisco","7":"product_cat-networking-pt","8":"product_cat-networking-wireless-pt","10":"first","11":"instock","12":"taxable","13":"shipping-taxable","14":"purchasable","15":"product-type-simple"},"bundled_by":[],"bundle_stock_status":"instock","bundle_stock_quantity":18,"bundle_virtual":false,"bundle_layout":"","bundle_add_to_cart_form_location":"","bundle_editable_in_cart":false,"bundle_sold_individually_context":"","bundle_item_grouping":"","bundle_min_size":"","bundle_max_size":"","bundle_price":[],"bundled_items":[],"bundle_sell_ids":[],"exclude_global_add_ons":[],"addons":[],"df_price":60,"df_sale_price":"","df_regular_price":60,"df_image_link":"https:\/\/digalco.com\/wp-content\/uploads\/images\/product\/12454\/cisc00064_01-300x225.jpg","_links":{"self":[{"href":"https:\/\/digalco.com\/pt-pt\/wp-json\/wp\/v2\/product\/231710","targetHints":{"allow":["GET"]}}],"collection":[{"href":"https:\/\/digalco.com\/pt-pt\/wp-json\/wp\/v2\/product"}],"about":[{"href":"https:\/\/digalco.com\/pt-pt\/wp-json\/wp\/v2\/types\/product"}],"wp:featuredmedia":[{"embeddable":true,"href":"https:\/\/digalco.com\/pt-pt\/wp-json\/wp\/v2\/media\/231709"}],"wp:attachment":[{"href":"https:\/\/digalco.com\/pt-pt\/wp-json\/wp\/v2\/media?parent=231710"}],"wp:term":[{"taxonomy":"product_brand","embeddable":true,"href":"https:\/\/digalco.com\/pt-pt\/wp-json\/wp\/v2\/product_brand?post=231710"},{"taxonomy":"product_cat","embeddable":true,"href":"https:\/\/digalco.com\/pt-pt\/wp-json\/wp\/v2\/product_cat?post=231710"},{"taxonomy":"product_tag","embeddable":true,"href":"https:\/\/digalco.com\/pt-pt\/wp-json\/wp\/v2\/product_tag?post=231710"}],"curies":[{"name":"wp","href":"https:\/\/api.w.org\/{rel}","templated":true}]}}