{"id":231968,"date":"2024-12-09T15:33:18","date_gmt":"2024-12-09T14:33:18","guid":{"rendered":"https:\/\/digalco.com\/tienda\/dell-poweredge-r820-2u-rack-recondicionado-xeon-octa-core-22ghz-192-gb-ram-300-gb-sas-pt-13093\/"},"modified":"2026-04-14T11:49:52","modified_gmt":"2026-04-14T09:49:52","slug":"dell-poweredge-r820-2u-rack-recondicionado-xeon-octa-core-22ghz-192-gb-ram-300-gb-sas-pt-13093","status":"publish","type":"product","link":"https:\/\/digalco.com\/pt-pt\/produto\/dell-poweredge-r820-2u-rack-recondicionado-xeon-octa-core-22ghz-192-gb-ram-300-gb-sas-pt-13093\/","title":{"rendered":"Dell PowerEdge R820 2U Rack | Recondicionado | Xeon Octa Core 2.2GHz | 192 GB RAM | 300 GB SAS"},"content":{"rendered":"<p><strong>Processador<\/strong><br \/>2x Intel Xeon Octa Core E5-4620 2.2 GHz.<br \/><strong>Fator de forma<\/strong><br \/>Rack  (2U)<br \/><strong>Mem\u00f3ria RAM<\/strong><br \/>192 Gb. DDR3 ECC RAM<br \/>48 ba\u00edas (36 vazio )<br \/><strong>Disco r\u00edgido<\/strong><br \/>7x 300 Gb. SAS 2.5&#8221; 10000rpm<br \/>16 ba\u00edas (10 vazio )<br \/><strong>Cart\u00f5es<\/strong><br \/>Placa gr\u00e1fica: G200EW WPCM450<br \/>Network: BROADCOM BCM5709 GIGABIT<br \/><strong>Sistema operativo<\/strong><br \/>&#8211; Sem sistema operativo &#8211;<br \/><strong>Portos<\/strong><br \/>S\u00e9rie<br \/>4x USB 2.0<br \/><strong>Conectividade<\/strong><br \/>6x RJ-45<br \/><strong>Alimenta\u00e7\u00e3o<\/strong><br \/>2x Fontes de alimenta\u00e7\u00e3o (Hotplug)<br \/><strong>Outros<\/strong><br \/>hR embalagens<br \/><strong>Dimens\u00f5es<\/strong><br \/>76.5&#215;48.5&#215;8.5 cm.<br \/><strong>Peso<\/strong><br \/>23.50 Kg.<br \/><strong>Especifica\u00e7\u00f5es adicionais<\/strong><br \/>O Dell PowerEdge R820 \u00e9 um servidor de alto desempenho projetado para lidar com cargas de trabalho intensivas e ambientes empresariais cr\u00edticos. Com quatro processadores Intel Xeon E5-4620 de oito n\u00facleos e 192 GB de mem\u00f3ria DDR3 ECC, oferece pot\u00eancia excepcional para virtualiza\u00e7\u00e3o, bancos de dados e aplicativos de neg\u00f3cios complexos. Sua capacidade de armazenamento inclui drives SAS de 2,5\u201d e 10.000 rpm, combinando velocidade e confiabilidade, com amplas op\u00e7\u00f5es de expans\u00e3o gra\u00e7as aos seus 48 compartimentos, dos quais 36 est\u00e3o dispon\u00edveis.<br \/>O servidor incorpora o poderoso controlador RAID PERC H710, que fornece gerenciamento avan\u00e7ado de dados e op\u00e7\u00f5es de prote\u00e7\u00e3o, otimizando o desempenho e garantindo a continuidade operacional. Com v\u00e1rios slots de expans\u00e3o PCIe x16 e x8, oferece flexibilidade para acomodar futuras necessidades de hardware. Projetado para oferecer escalabilidade, confiabilidade e excelente desempenho, o Dell PowerEdge R820 \u00e9 a solu\u00e7\u00e3o perfeita para empresas que buscam maximizar sua capacidade operacional. ambiente de infraestrutura.<\/p>\n<p><strong>Coment\u00e1rios<\/strong><br \/><u>Controlador RAID PERC H710 &#8211; 2xPCIe X16 \/ 5xPCIe X8<\/u><\/p>\n","protected":false},"excerpt":{"rendered":"<p>2x Intel Xeon Octa Core E5-4620 2.2 GHz. \u00b7 192 Gb. DDR3 ECC RAM \u00b7 48 ba\u00edas (36 vazio ) \u00b7 7x 300 Gb. SAS 2.5&#8221; 10000rpm \u00b7 16 ba\u00edas (10 vazio ) \u00b7 <u>Controlador RAID PERC H710 &#8211; 2xPCIe X16 \/ 5xPCIe X8<\/u> [&#8230;]<\/p>\n<p><a class=\"btn btn-secondary understrap-read-more-link\" href=\"https:\/\/digalco.com\/pt-pt\/produto\/dell-poweredge-r820-2u-rack-recondicionado-xeon-octa-core-22ghz-192-gb-ram-300-gb-sas-pt-13093\/\">Continuar a ler&#8230;<span class=\"screen-reader-text\"> from Dell PowerEdge R820 2U Rack | Recondicionado | Xeon Octa Core 2.2GHz | 192 GB RAM | 300 GB SAS<\/span><\/a><\/p>\n","protected":false},"featured_media":231957,"template":"","meta":[],"product_brand":[3852],"product_cat":[1631,1639],"product_tag":[],"class_list":{"0":"post-231968","1":"product","2":"type-product","3":"status-publish","4":"has-post-thumbnail","6":"product_brand-dell","7":"product_cat-servidores-pt","8":"product_cat-servidores-rack-pt","10":"first","11":"instock","12":"taxable","13":"shipping-taxable","14":"purchasable","15":"product-type-simple"},"bundled_by":[],"bundle_stock_status":"instock","bundle_stock_quantity":1,"bundle_virtual":false,"bundle_layout":"","bundle_add_to_cart_form_location":"","bundle_editable_in_cart":false,"bundle_sold_individually_context":"","bundle_item_grouping":"","bundle_min_size":"","bundle_max_size":"","bundle_price":[],"bundled_items":[],"bundle_sell_ids":[],"exclude_global_add_ons":true,"addons":{"hdd-upgrades":{"name":"Extens\u00e3o disco r\u00edgido","type":"multiple_choice","position":0,"required":false,"title_format":"heading","default":"","description_enable":false,"description":"","placeholder_enable":false,"placeholder":"","display":"radiobutton","restrictions_type":"any_text","adjust_price":false,"price":"","price_type":"quantity_based","restrictions":false,"min":"0","max":"0","options":[{"label":"2x Disco SSD 240 Gb. [AMP00058]","price":"100.0000","price_type":"quantity_based","image":0,"visibility":true},{"label":"2x Disco SSD 480 Gb. [AMP00059]","price":"200.0000","price_type":"quantity_based","image":0,"visibility":true}]}},"df_price":1011,"df_sale_price":"","df_regular_price":1011,"df_image_link":"https:\/\/digalco.com\/wp-content\/uploads\/images\/product\/13093\/dell01392_01-300x225.jpg","_links":{"self":[{"href":"https:\/\/digalco.com\/pt-pt\/wp-json\/wp\/v2\/product\/231968","targetHints":{"allow":["GET"]}}],"collection":[{"href":"https:\/\/digalco.com\/pt-pt\/wp-json\/wp\/v2\/product"}],"about":[{"href":"https:\/\/digalco.com\/pt-pt\/wp-json\/wp\/v2\/types\/product"}],"wp:featuredmedia":[{"embeddable":true,"href":"https:\/\/digalco.com\/pt-pt\/wp-json\/wp\/v2\/media\/231957"}],"wp:attachment":[{"href":"https:\/\/digalco.com\/pt-pt\/wp-json\/wp\/v2\/media?parent=231968"}],"wp:term":[{"taxonomy":"product_brand","embeddable":true,"href":"https:\/\/digalco.com\/pt-pt\/wp-json\/wp\/v2\/product_brand?post=231968"},{"taxonomy":"product_cat","embeddable":true,"href":"https:\/\/digalco.com\/pt-pt\/wp-json\/wp\/v2\/product_cat?post=231968"},{"taxonomy":"product_tag","embeddable":true,"href":"https:\/\/digalco.com\/pt-pt\/wp-json\/wp\/v2\/product_tag?post=231968"}],"curies":[{"name":"wp","href":"https:\/\/api.w.org\/{rel}","templated":true}]}}