{"id":232197,"date":"2024-12-10T10:23:21","date_gmt":"2024-12-10T09:23:21","guid":{"rendered":"https:\/\/digalco.com\/tienda\/opcao-portatil-samsung-docking-station-ativ-xe700t-recondicionado-pt-10696\/"},"modified":"2025-03-19T17:37:36","modified_gmt":"2025-03-19T16:37:36","slug":"opcao-portatil-samsung-docking-station-ativ-xe700t-recondicionado-pt-10696","status":"publish","type":"product","link":"https:\/\/digalco.com\/pt-pt\/produto\/opcao-portatil-samsung-docking-station-ativ-xe700t-recondicionado-pt-10696\/","title":{"rendered":"Op\u00e7\u00e3o port\u00e1til Samsung Docking Station ATIV XE700T | Recondicionado"},"content":{"rendered":"","protected":false},"excerpt":{"rendered":"<p>1xEthernet &#8211; 1xUSB 2.0 &#8211; 1xPower [&#8230;]<\/p>\n<p><a class=\"btn btn-secondary understrap-read-more-link\" href=\"https:\/\/digalco.com\/pt-pt\/produto\/opcao-portatil-samsung-docking-station-ativ-xe700t-recondicionado-pt-10696\/\">Continuar a ler&#8230;<span class=\"screen-reader-text\"> from Op\u00e7\u00e3o port\u00e1til Samsung Docking Station ATIV XE700T | Recondicionado<\/span><\/a><\/p>\n","protected":false},"featured_media":232191,"template":"","meta":[],"product_brand":[3868],"product_cat":[1583,1579],"product_tag":[],"class_list":{"0":"post-232197","1":"product","2":"type-product","3":"status-publish","4":"has-post-thumbnail","6":"product_brand-samsung","7":"product_cat-tablets-opcaos-pt","8":"product_cat-tablets-pt","10":"first","11":"instock","12":"taxable","13":"shipping-taxable","14":"purchasable","15":"product-type-simple"},"bundled_by":[],"bundle_stock_status":"instock","bundle_stock_quantity":66,"bundle_virtual":false,"bundle_layout":"","bundle_add_to_cart_form_location":"","bundle_editable_in_cart":false,"bundle_sold_individually_context":"","bundle_item_grouping":"","bundle_min_size":"","bundle_max_size":"","bundle_price":[],"bundled_items":[],"bundle_sell_ids":[],"exclude_global_add_ons":[],"addons":[],"df_price":20,"df_sale_price":"","df_regular_price":20,"df_image_link":"https:\/\/digalco.com\/wp-content\/uploads\/images\/product\/10696\/sam00108_01-300x225.jpg","_links":{"self":[{"href":"https:\/\/digalco.com\/pt-pt\/wp-json\/wp\/v2\/product\/232197","targetHints":{"allow":["GET"]}}],"collection":[{"href":"https:\/\/digalco.com\/pt-pt\/wp-json\/wp\/v2\/product"}],"about":[{"href":"https:\/\/digalco.com\/pt-pt\/wp-json\/wp\/v2\/types\/product"}],"wp:featuredmedia":[{"embeddable":true,"href":"https:\/\/digalco.com\/pt-pt\/wp-json\/wp\/v2\/media\/232191"}],"wp:attachment":[{"href":"https:\/\/digalco.com\/pt-pt\/wp-json\/wp\/v2\/media?parent=232197"}],"wp:term":[{"taxonomy":"product_brand","embeddable":true,"href":"https:\/\/digalco.com\/pt-pt\/wp-json\/wp\/v2\/product_brand?post=232197"},{"taxonomy":"product_cat","embeddable":true,"href":"https:\/\/digalco.com\/pt-pt\/wp-json\/wp\/v2\/product_cat?post=232197"},{"taxonomy":"product_tag","embeddable":true,"href":"https:\/\/digalco.com\/pt-pt\/wp-json\/wp\/v2\/product_tag?post=232197"}],"curies":[{"name":"wp","href":"https:\/\/api.w.org\/{rel}","templated":true}]}}