{"id":232365,"date":"2024-12-10T13:26:50","date_gmt":"2024-12-10T12:26:50","guid":{"rendered":"https:\/\/digalco.com\/tienda\/panasonic-toughpad-fz-m1-7-recondicionado-core-i5-12ghz-8-gb-ram-256-gb-ssd-m2-1280x800-pt-12905\/"},"modified":"2026-01-07T15:41:30","modified_gmt":"2026-01-07T14:41:30","slug":"panasonic-toughpad-fz-m1-7-recondicionado-core-i5-12ghz-8-gb-ram-256-gb-ssd-m2-1280x800-pt-12905","status":"publish","type":"product","link":"https:\/\/digalco.com\/pt-pt\/produto\/panasonic-toughpad-fz-m1-7-recondicionado-core-i5-12ghz-8-gb-ram-256-gb-ssd-m2-1280x800-pt-12905\/","title":{"rendered":"Panasonic ToughPad FZ-M1 7&#8221; | Recondicionado | Core i5 1.2GHz | 8 GB RAM | 256 GB SSD M2 1280&#215;800"},"content":{"rendered":"<p><strong>Processador<\/strong><br \/>Intel Core i5 7Y57 1.2 GHz.<br \/><strong>Mem\u00f3ria RAM<\/strong><br \/>8 Gb. SO-DDR3 RAM<br \/><strong>Disco r\u00edgido<\/strong><br \/>256 Gb. SSD M2<br \/><strong>Cart\u00f5es<\/strong><br \/>Placa gr\u00e1fica: Intel HD Graphics  615<br \/>Som: HD Audio<br \/><strong>Sistema operativo<\/strong><br \/>Windows 10 Pro<br \/><strong>Portos<\/strong><br \/>USB 3.0<br \/><strong>Tela<\/strong><br \/>T\u00e1til 7 &#8221; HD 16:9  \u00b7 Resolu\u00e7\u00e3o 1280&#215;800<br \/><strong>Multim\u00eddia<\/strong><br \/>Leitor DNI<br \/>C\u00e2mera traseira<br \/>C\u00e2mera frontal<br \/><strong>Conectividade<\/strong><br \/>WIFI<br \/>Bluetooth<br \/>4G<br \/><strong>Outros<\/strong><br \/>hR embalagens<br \/><strong>Dimens\u00f5es<\/strong><br \/>20.3&#215;13.2&#215;1.8 cm.<br \/><strong>Peso<\/strong><br \/>0.50 Kg.<br \/><strong>Especifica\u00e7\u00f5es adicionais<\/strong><br \/>O Panasonic Toughbook FZ-M1 \u00e9 um tablet robusto ultracompacto projetado para profissionais que precisam de durabilidade e mobilidade em ambientes extremos. Seu tamanho port\u00e1til e leveza n\u00e3o comprometem sua resist\u00eancia, tornando-o ideal para setores como log\u00edstica, manufatura, varejo e servi\u00e7os de emerg\u00eancia.<br \/>Equipado com tela sens\u00edvel ao toque HD de 7&#8243; oper\u00e1vel com luvas, oferece uma excelente experi\u00eancia de usu\u00e1rio em Inclui um leitor de c\u00f3digo de barras integrado, tornando-o uma ferramenta vers\u00e1til para leitura r\u00e1pida e precisa em opera\u00e7\u00f5es log\u00edsticas ou comerciais.<br \/><b>Recursos Robustos:<\/b><br \/><u> Resist\u00eancia a impactos:<\/u> Projetado para suportar quedas de at\u00e9 1,5 metros, ideal para trabalhos de campo e transporte.<br \/><u>Prote\u00e7\u00e3o contra poeira e \u00e1gua:<\/u> Certifica\u00e7\u00e3o IP-65, garantindo total prote\u00e7\u00e3o contra poeira e resist\u00eancia a jatos de \u00e1gua pressurizada.<br \/><u>Faixa de temperatura:<\/u> Opera na faixa de -10 \u00b0C a 50 \u00b0C, adaptando-se a climas e ambientes extremos dif\u00edcil.<br \/><u>Tela refor\u00e7ada:<\/u> A tela de 7&#8243; \u00e9 leg\u00edvel \u00e0 luz solar e t\u00e1til, compat\u00edvel com luvas para m\u00e1xima usabilidade em ambientes externos.<br \/><u>Leitura integrada:<\/u> O leitor de c\u00f3digo de barras permite dados captura em tempo real, melhorando a efici\u00eancia operacional.<br \/><b>Certifica\u00e7\u00f5es de rugeriza\u00e7\u00e3o:<\/b><br \/><u>MIL-STD-810G:<\/u> Garante resist\u00eancia a choques, vibra\u00e7\u00f5es, umidade, press\u00e3o e temperaturas extremas, atendendo aos padr\u00f5es militares.<br \/><u>IP-65:<\/u> Prote\u00e7\u00e3o contra poeira e jatos de \u00e1gua de qualquer dire\u00e7\u00e3o.<br \/><u>MIL-STD-461F : <\/u>Funciona em ambientes com interfer\u00eancia eletromagn\u00e9tica, crucial em aplica\u00e7\u00f5es industriais e militares.<br \/>Boa apar\u00eancia exterior. Pode apresentar ligeiros sinais de uso na caixa. Procure em &#8220;+ Fotos\u201d e &#8220;V\u00eddeo\u201d e caso tenha alguma d\u00favida, ligue-nos ou utilize nosso chat para mais informa\u00e7\u00f5es ou para solicitar mais detalhes.<br \/><strong>Coment\u00e1rios<\/strong><br \/><u>Inclui leitor de c\u00f3digo de barras<\/u><\/p>\n","protected":false},"excerpt":{"rendered":"<p>Intel Core i5 7Y57 1.2 GHz. \u00b7 8 Gb. SO-DDR3 RAM \u00b7 256 Gb. SSD M2 \u00b7 Windows 10 Pro \u00b7 T\u00e1til 7 &#8221; HD 16:9  \u00b7 Resolu\u00e7\u00e3o 1280&#215;800 \u00b7 <u>Inclui leitor de c\u00f3digo de barras<\/u> [&#8230;]<\/p>\n<p><a class=\"btn btn-secondary understrap-read-more-link\" href=\"https:\/\/digalco.com\/pt-pt\/produto\/panasonic-toughpad-fz-m1-7-recondicionado-core-i5-12ghz-8-gb-ram-256-gb-ssd-m2-1280x800-pt-12905\/\">Continuar a ler&#8230;<span class=\"screen-reader-text\"> from Panasonic ToughPad FZ-M1 7&#8221; | Recondicionado | Core i5 1.2GHz | 8 GB RAM | 256 GB SSD M2 1280&#215;800<\/span><\/a><\/p>\n","protected":false},"featured_media":232329,"template":"","meta":[],"product_brand":[3873],"product_cat":[3109,1579,1591,3695],"product_tag":[],"class_list":{"0":"post-232365","1":"product","2":"type-product","3":"status-publish","4":"has-post-thumbnail","6":"product_brand-panasonic","7":"product_cat-tablets-ruggerized-pt","8":"product_cat-tablets-pt","9":"product_cat-ruggerized-pt","10":"product_cat-ruggerized-tablets-pt","12":"first","13":"instock","14":"taxable","15":"shipping-taxable","16":"purchasable","17":"product-type-simple"},"bundled_by":[],"bundle_stock_status":"instock","bundle_stock_quantity":3,"bundle_virtual":false,"bundle_layout":"","bundle_add_to_cart_form_location":"","bundle_editable_in_cart":false,"bundle_sold_individually_context":"","bundle_item_grouping":"","bundle_min_size":"","bundle_max_size":"","bundle_price":[],"bundled_items":[],"bundle_sell_ids":[],"exclude_global_add_ons":true,"addons":{"os-upgrades":{"name":"Extens\u00e3o OS","type":"multiple_choice","position":0,"required":false,"title_format":"heading","default":"","description_enable":false,"description":"","placeholder_enable":false,"placeholder":"","display":"radiobutton","restrictions_type":"any_text","adjust_price":false,"price":"","price_type":"quantity_based","restrictions":false,"min":"0","max":"0","options":[{"label":"Alterar idioma para franc\u00eas [AMP00125]","price":"0.0000","price_type":"quantity_based","image":0,"visibility":true},{"label":"Alterar idioma para ingl\u00eas [AMP00008]","price":"0.0000","price_type":"quantity_based","image":0,"visibility":true},{"label":"Alterar idioma para o portugu\u00eas [AMP00009]","price":"0.0000","price_type":"quantity_based","image":0,"visibility":true}]}},"df_price":327,"df_sale_price":"","df_regular_price":327,"df_image_link":"https:\/\/digalco.com\/wp-content\/uploads\/images\/product\/12905\/pana00111_01-300x225.jpg","_links":{"self":[{"href":"https:\/\/digalco.com\/pt-pt\/wp-json\/wp\/v2\/product\/232365","targetHints":{"allow":["GET"]}}],"collection":[{"href":"https:\/\/digalco.com\/pt-pt\/wp-json\/wp\/v2\/product"}],"about":[{"href":"https:\/\/digalco.com\/pt-pt\/wp-json\/wp\/v2\/types\/product"}],"wp:featuredmedia":[{"embeddable":true,"href":"https:\/\/digalco.com\/pt-pt\/wp-json\/wp\/v2\/media\/232329"}],"wp:attachment":[{"href":"https:\/\/digalco.com\/pt-pt\/wp-json\/wp\/v2\/media?parent=232365"}],"wp:term":[{"taxonomy":"product_brand","embeddable":true,"href":"https:\/\/digalco.com\/pt-pt\/wp-json\/wp\/v2\/product_brand?post=232365"},{"taxonomy":"product_cat","embeddable":true,"href":"https:\/\/digalco.com\/pt-pt\/wp-json\/wp\/v2\/product_cat?post=232365"},{"taxonomy":"product_tag","embeddable":true,"href":"https:\/\/digalco.com\/pt-pt\/wp-json\/wp\/v2\/product_tag?post=232365"}],"curies":[{"name":"wp","href":"https:\/\/api.w.org\/{rel}","templated":true}]}}