{"id":232493,"date":"2024-12-11T15:38:49","date_gmt":"2024-12-11T14:38:49","guid":{"rendered":"https:\/\/digalco.com\/tienda\/switch-cisco-air-ct5508-k9-wirelless-controller-recondicionado-pt-12490\/"},"modified":"2024-12-11T15:38:50","modified_gmt":"2024-12-11T14:38:50","slug":"switch-cisco-air-ct5508-k9-wirelless-controller-recondicionado-pt-12490","status":"publish","type":"product","link":"https:\/\/digalco.com\/pt-pt\/produto\/switch-cisco-air-ct5508-k9-wirelless-controller-recondicionado-pt-12490\/","title":{"rendered":"Switch CISCO AIR-CT5508-K9 Wirelless Controller | Recondicionado"},"content":{"rendered":"<p><strong>Geral impressora<\/strong><br \/>Switch<br \/><strong>Portos de rede<\/strong><br \/>Ethernet 1000 Mbps.<br \/>8x Fibra 1000 Mbps.<br \/><strong>Outros<\/strong><br \/>hR embalagens<br \/><strong>Dimens\u00f5es<\/strong><br \/>44.5x54x4.5 cm.<br \/><strong>Peso<\/strong><br \/>11.00 Kg.<br \/><strong>Especifica\u00e7\u00f5es adicionais<\/strong><br \/>O Cisco AIR-CT5508-K9 \u00e9 um controlador sem fio projetado para redes corporativas de grande escala. Suporta at\u00e9 500 pontos de acesso e 7.000 clientes, oferecendo gerenciamento centralizado, alta disponibilidade e recursos avan\u00e7ados de seguran\u00e7a. Possui portas Gigabit Ethernet para conectividade e compatibilidade com os padr\u00f5es 802.11a\/b\/g\/n\/ac. Fornece qualidade de servi\u00e7o (QoS) otimizada para aplicativos cr\u00edticos e permite a integra\u00e7\u00e3o com solu\u00e7\u00f5es de mobilidade da Cisco, garantindo desempenho confi\u00e1vel e escalon\u00e1vel em ambientes de alta densidade.<\/p>\n<p><strong>Coment\u00e1rios<\/strong><br \/><u>At\u00e9 500 pontos de acesso &#8211; compatibilidade com 802.11a\/b\/g\/n\/ac<\/u><\/p>\n","protected":false},"excerpt":{"rendered":"<p>Switch \u00b7 Ethernet 1000 Mbps. \u00b7 8x Fibra 1000 Mbps. \u00b7 Rackmount \u00b7 <u>At\u00e9 500 pontos de acesso &#8211; compatibilidade com 802.11a\/b\/g\/n\/ac<\/u> [&#8230;]<\/p>\n<p><a class=\"btn btn-secondary understrap-read-more-link\" href=\"https:\/\/digalco.com\/pt-pt\/produto\/switch-cisco-air-ct5508-k9-wirelless-controller-recondicionado-pt-12490\/\">Continuar a ler&#8230;<span class=\"screen-reader-text\"> from Switch CISCO AIR-CT5508-K9 Wirelless Controller | Recondicionado<\/span><\/a><\/p>\n","protected":false},"featured_media":232492,"template":"","meta":[],"product_brand":[3882],"product_cat":[1663,3793],"product_tag":[],"class_list":{"0":"post-232493","1":"product","2":"type-product","3":"status-publish","4":"has-post-thumbnail","6":"product_brand-cisco","7":"product_cat-networking-pt","8":"product_cat-networking-wireless-pt","10":"first","11":"instock","12":"taxable","13":"shipping-taxable","14":"purchasable","15":"product-type-simple"},"bundled_by":[],"bundle_stock_status":"instock","bundle_stock_quantity":5,"bundle_virtual":false,"bundle_layout":"","bundle_add_to_cart_form_location":"","bundle_editable_in_cart":false,"bundle_sold_individually_context":"","bundle_item_grouping":"","bundle_min_size":"","bundle_max_size":"","bundle_price":[],"bundled_items":[],"bundle_sell_ids":[],"exclude_global_add_ons":[],"addons":[],"df_price":144,"df_sale_price":"","df_regular_price":144,"df_image_link":"https:\/\/digalco.com\/wp-content\/uploads\/images\/product\/12490\/cisc00092_01-300x225.jpg","_links":{"self":[{"href":"https:\/\/digalco.com\/pt-pt\/wp-json\/wp\/v2\/product\/232493","targetHints":{"allow":["GET"]}}],"collection":[{"href":"https:\/\/digalco.com\/pt-pt\/wp-json\/wp\/v2\/product"}],"about":[{"href":"https:\/\/digalco.com\/pt-pt\/wp-json\/wp\/v2\/types\/product"}],"wp:featuredmedia":[{"embeddable":true,"href":"https:\/\/digalco.com\/pt-pt\/wp-json\/wp\/v2\/media\/232492"}],"wp:attachment":[{"href":"https:\/\/digalco.com\/pt-pt\/wp-json\/wp\/v2\/media?parent=232493"}],"wp:term":[{"taxonomy":"product_brand","embeddable":true,"href":"https:\/\/digalco.com\/pt-pt\/wp-json\/wp\/v2\/product_brand?post=232493"},{"taxonomy":"product_cat","embeddable":true,"href":"https:\/\/digalco.com\/pt-pt\/wp-json\/wp\/v2\/product_cat?post=232493"},{"taxonomy":"product_tag","embeddable":true,"href":"https:\/\/digalco.com\/pt-pt\/wp-json\/wp\/v2\/product_tag?post=232493"}],"curies":[{"name":"wp","href":"https:\/\/api.w.org\/{rel}","templated":true}]}}