{"id":232936,"date":"2024-12-16T16:18:32","date_gmt":"2024-12-16T15:18:32","guid":{"rendered":"https:\/\/digalco.com\/tienda\/hp-proliant-dl320-g5-barebone-rack-recondicionado-xeon-24ghz-7-gb-ram-sas-pt-12560\/"},"modified":"2024-12-16T16:18:35","modified_gmt":"2024-12-16T15:18:35","slug":"hp-proliant-dl320-g5-barebone-rack-recondicionado-xeon-24ghz-7-gb-ram-sas-pt-12560","status":"publish","type":"product","link":"https:\/\/digalco.com\/pt-pt\/produto\/hp-proliant-dl320-g5-barebone-rack-recondicionado-xeon-24ghz-7-gb-ram-sas-pt-12560\/","title":{"rendered":"HP ProLiant DL320 G5 Barebone Rack | Recondicionado | Xeon 2.4GHz | 7 GB RAM | SAS"},"content":{"rendered":"<p><strong>Processador<\/strong><br \/>Intel Xeon 3060 2.4 GHz.<br \/><strong>Fator de forma<\/strong><br \/>Rack  (1U)<br \/><strong>Mem\u00f3ria RAM<\/strong><br \/>7 Gb. DDR2 ECC RAM<br \/>4 ba\u00edas (0 vazio )<br \/><strong>Disco r\u00edgido<\/strong><br \/>SAS 3.5&#8221;<br \/>2 ba\u00edas<br \/><strong>Drive \u00f3ptico<\/strong><br \/>DVD-RW<br \/><strong>Cart\u00f5es<\/strong><br \/>Placa gr\u00e1fica: AMD ES1000<br \/>Network: Ethernet Gigabit<br \/><strong>Sistema operativo<\/strong><br \/>&#8211; Sem sistema operativo &#8211;<br \/><strong>Portos<\/strong><br \/>S\u00e9rie<br \/>2x PS2<br \/>3x USB 3.0<br \/><strong>Conectividade<\/strong><br \/>2x RJ-45<br \/><strong>Alimenta\u00e7\u00e3o<\/strong><br \/>Fontes de alimenta\u00e7\u00e3o<br \/><strong>Outros<\/strong><br \/>hR embalagens<br \/><strong>Dimens\u00f5es<\/strong><br \/>4.5&#215;48.5&#215;68 cm.<br \/><strong>Peso<\/strong><br \/>11.00 Kg.<br \/><strong>Especifica\u00e7\u00f5es adicionais<\/strong><br \/>O HP ProLiant DL320 G5 \u00e9 um servidor compacto e confi\u00e1vel, projetado para pequenas e m\u00e9dias empresas que exigem uma solu\u00e7\u00e3o de alto desempenho e baixo custo. Equipado com Intel de 2,4 GHz Possui 2 compartimentos de unidade SATA\/SAS para configura\u00e7\u00f5es de unidade adicionais, bem como uma unidade de DVD-RW.<br \/>Inclui 2 slots PCI, oferecendo op\u00e7\u00f5es de expans\u00e3o para acomodar futuras necessidades de hardware. Compacto e eficiente, o HP ProLiant DL320 G5 \u00e9 a escolha ideal para empresas que procuram um servidor confi\u00e1vel e escal\u00e1vel sem comprometer o desempenho.<br \/>Exterior bonito. Se voc\u00ea tiver alguma d\u00favida, ligue para n\u00f3s ou utilize nosso chat para mais informa\u00e7\u00f5es ou para solicitar mais detalhes.<\/p>\n<p><strong>Coment\u00e1rios<\/strong><br \/><u>2xPCI<\/u><\/p>\n","protected":false},"excerpt":{"rendered":"<p>Intel Xeon 3060 2.4 GHz. \u00b7 7 Gb. DDR2 ECC RAM \u00b7 4 ba\u00edas (0 vazio ) \u00b7 SAS 3.5&#8221; \u00b7 2 ba\u00edas \u00b7 DVD-RW \u00b7 <u>2xPCI<\/u> [&#8230;]<\/p>\n<p><a class=\"btn btn-secondary understrap-read-more-link\" href=\"https:\/\/digalco.com\/pt-pt\/produto\/hp-proliant-dl320-g5-barebone-rack-recondicionado-xeon-24ghz-7-gb-ram-sas-pt-12560\/\">Continuar a ler&#8230;<span class=\"screen-reader-text\"> from HP ProLiant DL320 G5 Barebone Rack | Recondicionado | Xeon 2.4GHz | 7 GB RAM | SAS<\/span><\/a><\/p>\n","protected":false},"featured_media":232935,"template":"","meta":[],"product_brand":[3854],"product_cat":[3744,1639,1631],"product_tag":[],"class_list":{"0":"post-232936","1":"product","2":"type-product","3":"status-publish","4":"has-post-thumbnail","6":"product_brand-hp","7":"product_cat-barebone-pt","8":"product_cat-servidores-rack-pt","9":"product_cat-servidores-pt","11":"first","12":"instock","13":"taxable","14":"shipping-taxable","15":"purchasable","16":"product-type-simple"},"bundled_by":[],"bundle_stock_status":"instock","bundle_stock_quantity":1,"bundle_virtual":false,"bundle_layout":"","bundle_add_to_cart_form_location":"","bundle_editable_in_cart":false,"bundle_sold_individually_context":"","bundle_item_grouping":"","bundle_min_size":"","bundle_max_size":"","bundle_price":[],"bundled_items":[],"bundle_sell_ids":[],"exclude_global_add_ons":[],"addons":[],"df_price":84,"df_sale_price":"","df_regular_price":84,"df_image_link":"https:\/\/digalco.com\/wp-content\/uploads\/images\/product\/12560\/hp02667_01-300x225.jpg","_links":{"self":[{"href":"https:\/\/digalco.com\/pt-pt\/wp-json\/wp\/v2\/product\/232936","targetHints":{"allow":["GET"]}}],"collection":[{"href":"https:\/\/digalco.com\/pt-pt\/wp-json\/wp\/v2\/product"}],"about":[{"href":"https:\/\/digalco.com\/pt-pt\/wp-json\/wp\/v2\/types\/product"}],"wp:featuredmedia":[{"embeddable":true,"href":"https:\/\/digalco.com\/pt-pt\/wp-json\/wp\/v2\/media\/232935"}],"wp:attachment":[{"href":"https:\/\/digalco.com\/pt-pt\/wp-json\/wp\/v2\/media?parent=232936"}],"wp:term":[{"taxonomy":"product_brand","embeddable":true,"href":"https:\/\/digalco.com\/pt-pt\/wp-json\/wp\/v2\/product_brand?post=232936"},{"taxonomy":"product_cat","embeddable":true,"href":"https:\/\/digalco.com\/pt-pt\/wp-json\/wp\/v2\/product_cat?post=232936"},{"taxonomy":"product_tag","embeddable":true,"href":"https:\/\/digalco.com\/pt-pt\/wp-json\/wp\/v2\/product_tag?post=232936"}],"curies":[{"name":"wp","href":"https:\/\/api.w.org\/{rel}","templated":true}]}}