{"id":237217,"date":"2025-01-20T17:56:46","date_gmt":"2025-01-20T16:56:46","guid":{"rendered":"https:\/\/digalco.com\/tienda\/hp-e190i-19-ips-54-recondicionado-1280x1024-pt-3142\/"},"modified":"2026-04-14T08:40:10","modified_gmt":"2026-04-14T06:40:10","slug":"hp-e190i-19-ips-54-recondicionado-1280x1024-pt-3142","status":"publish","type":"product","link":"https:\/\/digalco.com\/pt-pt\/produto\/hp-e190i-19-ips-54-recondicionado-1280x1024-pt-3142\/","title":{"rendered":"HP E190i 19&#8221; IPS 5:4 | Recondicionado | 1280&#215;1024"},"content":{"rendered":"<p><strong>Tela<\/strong><br \/>IPS 19 &#8221; HD 5:4  \u00b7 Resolu\u00e7\u00e3o 1280&#215;1024<br \/>Dot pitch 0.292 mm<br \/>Resposta 8 ms<br \/>Contraste 1000:1<br \/>Brilho 250 cd\/m2<br \/>\u00c2ngulo vis\u00e3o 178\u00b0v\/178\u00b0h<br \/><strong>Portas de v\u00eddeo<\/strong><br \/>VGA<br \/>Display Port<br \/>DVI<br \/><strong>Espec\u00edfico tela<\/strong><br \/>Apoio VESA<br \/>Pedestal<br \/>Regul\u00e1vel em altura<br \/><strong>Outros<\/strong><br \/>hR embalagens<br \/><strong>Dimens\u00f5es<\/strong><br \/>36.5x42x19 cm.<br \/><strong>Peso<\/strong><br \/>4.50 Kg.<br \/><strong>Especifica\u00e7\u00f5es adicionais<\/strong><br \/>O HP E190i \u00e9 o monitor ideal para profissionais e utilizadores que necessitam de um espa\u00e7o de trabalho funcional e confort\u00e1vel, sem renunciar \u00e0 qualidade de imagem. Com o seu formato 5:4 e ecr\u00e3 de 19 polegadas, oferece um equil\u00edbrio perfeito entre tamanho e praticidade, ideal para escrit\u00f3rios, ambientes administrativos ou tarefas que requerem aten\u00e7\u00e3o ao detalhe.<br \/>O seu painel IPS garante cores consistentes e \u00e2ngulos de vis\u00e3o de 178\u00b0 tanto vertical como horizontal, com contraste de 1000:1 e brilho de 250 cd\/m\u00b2. A resolu\u00e7\u00e3o HD 1280&#215;1024 e um tempo de resposta de 8 ms asseguram imagens claras e definidas, enquanto o seu dot pitch de 0,292 mm oferece nitidez em textos e gr\u00e1ficos. A conectividade \u00e9 completa e vers\u00e1til: VGA, DisplayPort, DVI e 2 portas USB 2.0, com cabos inclu\u00eddos para que ligue os seus dispositivos imediatamente.<br \/>Com o HP E190i, a sua jornada de trabalho torna-se mais \u00e1gil e produtiva. O seu design compacto e eficiente permite organizar melhor o seu espa\u00e7o, proporcionando conforto e estilo \u00e0 sua secret\u00e1ria. Ideal para quem procura um monitor fi\u00e1vel, com elevada qualidade de imagem e funcionalidades que facilitam a produtividade di\u00e1ria.<br \/>Boa apar\u00eancia exterior. Procure em &#8220;+ Fotos\u201d e &#8220;V\u00eddeo\u201d e caso tenha alguma d\u00favida ligue ou utilize nosso chat para ampliar as informa\u00e7\u00f5es ou solicitar mais detalhes.<\/p>\n<p><strong>Coment\u00e1rios<\/strong><br \/><u>Cabo de alimenta\u00e7\u00e3o e VGA inclu\u00eddo &#8211; 2xUSB 2.0<\/u><\/p>\n","protected":false},"excerpt":{"rendered":"<p>IPS 19 &#8221; HD 5:4 \u00b7 Resolu\u00e7\u00e3o 1280&#215;1024 \u00b7 Dot pitch 0.292 mm \u00b7 Resposta 8 ms \u00b7 Contraste 1000:1 \u00b7 Brilho 250 cd\/m2 \u00b7 VGA \u00b7 Display Port \u00b7 DVI \u00b7<br \/>\n<u>Cabo de alimenta\u00e7\u00e3o e VGA inclu\u00eddo &#8211; 2xUSB 2.0<br \/>\n<\/u> [&#8230;]<\/p>\n<p><a class=\"btn btn-secondary understrap-read-more-link\" href=\"https:\/\/digalco.com\/pt-pt\/produto\/hp-e190i-19-ips-54-recondicionado-1280x1024-pt-3142\/\">Continuar a ler&#8230;<span class=\"screen-reader-text\"> from HP E190i 19&#8221; IPS 5:4 | Recondicionado | 1280&#215;1024<\/span><\/a><\/p>\n","protected":false},"featured_media":237171,"template":"","meta":[],"product_brand":[3854],"product_cat":[2373,1491],"product_tag":[],"class_list":{"0":"post-237217","1":"product","2":"type-product","3":"status-publish","4":"has-post-thumbnail","6":"product_brand-hp","7":"product_cat-monitores-19-pt","8":"product_cat-monitores-pt","10":"first","11":"instock","12":"taxable","13":"shipping-taxable","14":"purchasable","15":"product-type-simple"},"bundled_by":[],"bundle_stock_status":"instock","bundle_stock_quantity":8,"bundle_virtual":false,"bundle_layout":"","bundle_add_to_cart_form_location":"","bundle_editable_in_cart":false,"bundle_sold_individually_context":"","bundle_item_grouping":"","bundle_min_size":"","bundle_max_size":"","bundle_price":[],"bundled_items":[],"bundle_sell_ids":[],"exclude_global_add_ons":true,"addons":{"webcam-upgrades":{"name":"Extens\u00e3o Webcam","type":"multiple_choice","position":0,"required":false,"title_format":"heading","default":"","description_enable":false,"description":"","placeholder_enable":false,"placeholder":"","display":"radiobutton","restrictions_type":"any_text","adjust_price":false,"price":"","price_type":"quantity_based","restrictions":false,"min":"0","max":"0","options":[{"label":"Conceptronic AMDIS FullHD [AMP00085]","price":"29.0000","price_type":"quantity_based","image":0,"visibility":true}]},"hdmi-upgrades":{"name":"Extens\u00e3o cabo","type":"multiple_choice","position":0,"required":false,"title_format":"heading","default":"","description_enable":false,"description":"","placeholder_enable":false,"placeholder":"","display":"radiobutton","restrictions_type":"any_text","adjust_price":false,"price":"","price_type":"quantity_based","restrictions":false,"min":"0","max":"0","options":[{"label":"Cabo DVI-D M \/ M Dual Link 1,8 mts. [AMP00102]","price":"2.0000","price_type":"quantity_based","image":0,"visibility":true}]},"warranty-upgrades":{"name":"Extens\u00e3o garant\u00eda","type":"multiple_choice","position":0,"required":false,"title_format":"heading","default":"","description_enable":false,"description":"","placeholder_enable":false,"placeholder":"","display":"radiobutton","restrictions_type":"any_text","adjust_price":false,"price":"","price_type":"quantity_based","restrictions":false,"min":"0","max":"0","options":[{"label":"Extensi\u00f3n de Garantia a 2 a\u00f1os [AMP00019]","price":"10.0000","price_type":"quantity_based","image":0,"visibility":true}]}},"df_price":40,"df_sale_price":"","df_regular_price":40,"df_image_link":"https:\/\/digalco.com\/wp-content\/uploads\/images\/product\/3142\/hp00670_01-300x225.jpg","_links":{"self":[{"href":"https:\/\/digalco.com\/pt-pt\/wp-json\/wp\/v2\/product\/237217","targetHints":{"allow":["GET"]}}],"collection":[{"href":"https:\/\/digalco.com\/pt-pt\/wp-json\/wp\/v2\/product"}],"about":[{"href":"https:\/\/digalco.com\/pt-pt\/wp-json\/wp\/v2\/types\/product"}],"wp:featuredmedia":[{"embeddable":true,"href":"https:\/\/digalco.com\/pt-pt\/wp-json\/wp\/v2\/media\/237171"}],"wp:attachment":[{"href":"https:\/\/digalco.com\/pt-pt\/wp-json\/wp\/v2\/media?parent=237217"}],"wp:term":[{"taxonomy":"product_brand","embeddable":true,"href":"https:\/\/digalco.com\/pt-pt\/wp-json\/wp\/v2\/product_brand?post=237217"},{"taxonomy":"product_cat","embeddable":true,"href":"https:\/\/digalco.com\/pt-pt\/wp-json\/wp\/v2\/product_cat?post=237217"},{"taxonomy":"product_tag","embeddable":true,"href":"https:\/\/digalco.com\/pt-pt\/wp-json\/wp\/v2\/product_tag?post=237217"}],"curies":[{"name":"wp","href":"https:\/\/api.w.org\/{rel}","templated":true}]}}