{"id":239035,"date":"2025-02-04T10:45:16","date_gmt":"2025-02-04T09:45:16","guid":{"rendered":"https:\/\/digalco.com\/tienda\/grande-quantidade-ncr-realpos-xr7-15-pack-6-recondicionado-pt-13255\/"},"modified":"2025-12-22T16:44:37","modified_gmt":"2025-12-22T15:44:37","slug":"grande-quantidade-ncr-realpos-xr7-15-pack-6-recondicionado-pt-13255","status":"publish","type":"product","link":"https:\/\/digalco.com\/pt-pt\/produto\/grande-quantidade-ncr-realpos-xr7-15-pack-6-recondicionado-pt-13255\/","title":{"rendered":"Grande quantidade NCR RealPOS XR7 15&#8243; Pack 6 | Recondicionado"},"content":{"rendered":"<p><strong>Processador<\/strong><br \/>Intel Core i5 4590T 2 GHz.<br \/><strong>Fator de forma<\/strong><br \/>AIO<br \/><strong>Mem\u00f3ria RAM<\/strong><br \/>8 Gb. SO-DDR3 RAM<br \/><strong>Disco r\u00edgido<\/strong><br \/>120 Gb. SSD<br \/><strong>Cart\u00f5es<\/strong><br \/>Placa gr\u00e1fica: Intel HD 4600<br \/>Som: Realtek High Definition Audio<br \/>Network: Intel I217-LM<br \/><strong>Sistema operativo<\/strong><br \/>Windows 10 Home<br \/><strong>Portos<\/strong><br \/>2x USB 3.0<br \/><strong>Tela<\/strong><br \/>T\u00e1til 15 &#8221; HD 4:3 \u00b7 Resolu\u00e7\u00e3o 1024&#215;768<br \/><strong>Portas de v\u00eddeo<\/strong><br \/>HDMI<br \/>Display Port<br \/><strong>Multim\u00eddia<\/strong><br \/>Webcam<br \/><strong>Espec\u00edfico tela<\/strong><br \/>Apoio VESA<br \/>Fonte alimenta\u00e7\u00e3o externa<br \/>Pedestal<br \/><strong>Conectividade<\/strong><br \/>RJ-45<br \/><strong>Outros<\/strong><br \/>hR embalagens<br \/><strong>Dimens\u00f5es<\/strong><br \/>42x40x40 cm.<br \/><strong>Peso<\/strong><br \/>7.00 Kg.<br \/><strong>Especifica\u00e7\u00f5es adicionais<\/strong><br \/>O POS All-In-One NCR RealPOS XR7 \u00e9 uma solu\u00e7\u00e3o ideal para ambientes comerciais e pontos de venda, combinando funcionalidade e design compacto. Sua tela sens\u00edvel ao toque HD de 15 polegadas (resolu\u00e7\u00e3o 1024&#215;768) em formato 4:3 permite intera\u00e7\u00e3o fluida otimizada para aplica\u00e7\u00f5es POS. Equipado com processador Intel Core i5 4590T de 2 GHz e 8 GB de RAM DDR3, oferece o desempenho necess\u00e1rio para gerenciar as opera\u00e7\u00f5es de vendas com rapidez e efici\u00eancia. Este PC possui um SSD de 120 GB, permitindo inicializa\u00e7\u00e3o r\u00e1pida e armazenamento confi\u00e1vel para dados cr\u00edticos para os neg\u00f3cios. Sua versatilidade \u00e9 ampliada com m\u00faltiplas portas USB: tr\u00eas USB 2.0 de 12V, uma USB 2.0 de 24V e duas USB 3.0, facilitando a conex\u00e3o de perif\u00e9ricos como impressoras ou leitores de c\u00f3digo de barras. Al\u00e9m disso, incorpora uma porta dedicada para gaveta de dinheiro, completando uma esta\u00e7\u00e3o de trabalho de ponto de venda completa e eficiente. Com o Windows 10 Home pr\u00e9-instalado, \u00e9 uma solu\u00e7\u00e3o confi\u00e1vel e f\u00e1cil de integrar ao ambiente empresarial. Boa apar\u00eancia exterior. Procure em &#8220;+ Fotos\u201d e &#8220;V\u00eddeo\u201d e caso tenha alguma d\u00favida ligue ou utilize nosso chat para mais informa\u00e7\u00f5es ou para solicitar mais detalhes.<br \/><strong>Coment\u00e1rios<\/strong><br \/><u>3xUSB 2.0 12V \/ 1xUSB 2.0 24V \/ 2xUSB 3.0 \u2013 1xporta gaveta de dinheiro<\/u><\/p>\n","protected":false},"excerpt":{"rendered":"<p><strong>Pack 6 Unidades:<\/strong> Intel Core i5 4590T 2 GHz. \u00b7 8 Gb. SO-DDR3 RAM \u00b7 120 Gb. SSD \u00b7 Windows 10 Home \u00b7 T\u00e1til 15 &#8221; HD 4:3\u00b7<br \/>\n<u>3xUSB 2.0 12V \/ 1xUSB 2.0 24V \/ 2xUSB 3.0 \u2013 1xporta gaveta de dinheiro<\/u> [&#8230;]<\/p>\n<p><a class=\"btn btn-secondary understrap-read-more-link\" href=\"https:\/\/digalco.com\/pt-pt\/produto\/grande-quantidade-ncr-realpos-xr7-15-pack-6-recondicionado-pt-13255\/\">Continuar a ler&#8230;<span class=\"screen-reader-text\"> from Grande quantidade NCR RealPOS XR7 15&#8243; Pack 6 | Recondicionado<\/span><\/a><\/p>\n","protected":false},"featured_media":238994,"template":"","meta":[],"product_brand":[3867],"product_cat":[1595,1819,1599,1839],"product_tag":[],"class_list":{"0":"post-239035","1":"product","2":"type-product","3":"status-publish","4":"has-post-thumbnail","6":"product_brand-ncr","7":"product_cat-pos-pt","8":"product_cat-lotes-pt","9":"product_cat-pos-all-in-one-pt","10":"product_cat-lotes-outros-pt","12":"first","13":"outofstock","14":"taxable","15":"shipping-taxable","16":"purchasable","17":"product-type-simple"},"bundled_by":[],"bundle_stock_status":"outofstock","bundle_stock_quantity":0,"bundle_virtual":false,"bundle_layout":"","bundle_add_to_cart_form_location":"","bundle_editable_in_cart":false,"bundle_sold_individually_context":"","bundle_item_grouping":"","bundle_min_size":"","bundle_max_size":"","bundle_price":[],"bundled_items":[],"bundle_sell_ids":[],"exclude_global_add_ons":[],"addons":[],"df_price":1470,"df_sale_price":"","df_regular_price":1470,"df_image_link":"https:\/\/digalco.com\/wp-content\/uploads\/images\/product\/13255\/ncr00014_01-300x225.jpg","_links":{"self":[{"href":"https:\/\/digalco.com\/pt-pt\/wp-json\/wp\/v2\/product\/239035","targetHints":{"allow":["GET"]}}],"collection":[{"href":"https:\/\/digalco.com\/pt-pt\/wp-json\/wp\/v2\/product"}],"about":[{"href":"https:\/\/digalco.com\/pt-pt\/wp-json\/wp\/v2\/types\/product"}],"wp:featuredmedia":[{"embeddable":true,"href":"https:\/\/digalco.com\/pt-pt\/wp-json\/wp\/v2\/media\/238994"}],"wp:attachment":[{"href":"https:\/\/digalco.com\/pt-pt\/wp-json\/wp\/v2\/media?parent=239035"}],"wp:term":[{"taxonomy":"product_brand","embeddable":true,"href":"https:\/\/digalco.com\/pt-pt\/wp-json\/wp\/v2\/product_brand?post=239035"},{"taxonomy":"product_cat","embeddable":true,"href":"https:\/\/digalco.com\/pt-pt\/wp-json\/wp\/v2\/product_cat?post=239035"},{"taxonomy":"product_tag","embeddable":true,"href":"https:\/\/digalco.com\/pt-pt\/wp-json\/wp\/v2\/product_tag?post=239035"}],"curies":[{"name":"wp","href":"https:\/\/api.w.org\/{rel}","templated":true}]}}