{"id":239953,"date":"2025-02-10T15:43:05","date_gmt":"2025-02-10T14:43:05","guid":{"rendered":"https:\/\/digalco.com\/tienda\/clonico-surface-pro-bluetooth-compatible-novo-pt-13215\/"},"modified":"2025-02-10T15:44:10","modified_gmt":"2025-02-10T14:44:10","slug":"clonico-surface-pro-bluetooth-compatible-novo-pt-13215","status":"publish","type":"product","link":"https:\/\/digalco.com\/pt-pt\/produto\/clonico-surface-pro-bluetooth-compatible-novo-pt-13215\/","title":{"rendered":"Clonico Teclado Surface Pro Bluetooth Compatible | Novo"},"content":{"rendered":"<p><b> Recursos: <\/b> <br \/> O teclado Bluetooth espanhol para o Microsoft Surface Pro compat\u00edvel &#8211; ele funciona sem o teclado conectado ao tablet. A A USB-C inclu\u00eddo Espanhol Bluetooth Surface Pro Compatible-USB-A um cabo USB-C inclu\u00eddo. Funciona sem que o teclado esteja conectado ao tablet.<\/p>\n","protected":false},"excerpt":{"rendered":"<p>Compat\u00edvel com teclado Bluetooth espanhol Surface Pro &#8211; cabo USB-A para USB-C inclu\u00eddo. Funciona sem que o teclado esteja ligado ao tablet. [&#8230;]<\/p>\n<p><a class=\"btn btn-secondary understrap-read-more-link\" href=\"https:\/\/digalco.com\/pt-pt\/produto\/clonico-surface-pro-bluetooth-compatible-novo-pt-13215\/\">Continuar a ler&#8230;<span class=\"screen-reader-text\"> from Clonico Teclado Surface Pro Bluetooth Compatible | Novo<\/span><\/a><\/p>\n","protected":false},"featured_media":239947,"template":"","meta":[],"product_brand":[3880],"product_cat":[1583,1579],"product_tag":[],"class_list":{"0":"post-239953","1":"product","2":"type-product","3":"status-publish","4":"has-post-thumbnail","6":"product_brand-clonico","7":"product_cat-tablets-opcaos-pt","8":"product_cat-tablets-pt","10":"first","11":"instock","12":"taxable","13":"shipping-taxable","14":"purchasable","15":"product-type-simple"},"bundled_by":[],"bundle_stock_status":"instock","bundle_stock_quantity":3,"bundle_virtual":false,"bundle_layout":"","bundle_add_to_cart_form_location":"","bundle_editable_in_cart":false,"bundle_sold_individually_context":"","bundle_item_grouping":"","bundle_min_size":"","bundle_max_size":"","bundle_price":[],"bundled_items":[],"bundle_sell_ids":[],"exclude_global_add_ons":[],"addons":[],"df_price":60,"df_sale_price":"","df_regular_price":60,"df_image_link":"https:\/\/digalco.com\/wp-content\/uploads\/images\/product\/13215\/clon00148_01-300x225.jpg","_links":{"self":[{"href":"https:\/\/digalco.com\/pt-pt\/wp-json\/wp\/v2\/product\/239953","targetHints":{"allow":["GET"]}}],"collection":[{"href":"https:\/\/digalco.com\/pt-pt\/wp-json\/wp\/v2\/product"}],"about":[{"href":"https:\/\/digalco.com\/pt-pt\/wp-json\/wp\/v2\/types\/product"}],"wp:featuredmedia":[{"embeddable":true,"href":"https:\/\/digalco.com\/pt-pt\/wp-json\/wp\/v2\/media\/239947"}],"wp:attachment":[{"href":"https:\/\/digalco.com\/pt-pt\/wp-json\/wp\/v2\/media?parent=239953"}],"wp:term":[{"taxonomy":"product_brand","embeddable":true,"href":"https:\/\/digalco.com\/pt-pt\/wp-json\/wp\/v2\/product_brand?post=239953"},{"taxonomy":"product_cat","embeddable":true,"href":"https:\/\/digalco.com\/pt-pt\/wp-json\/wp\/v2\/product_cat?post=239953"},{"taxonomy":"product_tag","embeddable":true,"href":"https:\/\/digalco.com\/pt-pt\/wp-json\/wp\/v2\/product_tag?post=239953"}],"curies":[{"name":"wp","href":"https:\/\/api.w.org\/{rel}","templated":true}]}}