{"id":240904,"date":"2025-02-14T09:51:50","date_gmt":"2025-02-14T08:51:50","guid":{"rendered":"https:\/\/digalco.com\/tienda\/hp-engage-one-model-145-impecable-14-aio-recondicionado-core-i5-26ghz-8-gb-ram-128-gb-ssd-m2-pt-13237\/"},"modified":"2026-02-19T11:15:04","modified_gmt":"2026-02-19T10:15:04","slug":"hp-engage-one-model-145-impecable-14-aio-recondicionado-core-i5-26ghz-8-gb-ram-128-gb-ssd-m2-pt-13237","status":"publish","type":"product","link":"https:\/\/digalco.com\/pt-pt\/produto\/hp-engage-one-model-145-impecable-14-aio-recondicionado-core-i5-26ghz-8-gb-ram-128-gb-ssd-m2-pt-13237\/","title":{"rendered":"HP Engage  One Model 145-Impecable 14&#8221; AIO | Recondicionado | Core i5 2.6GHz | 8 GB RAM | 128 GB SSD M2"},"content":{"rendered":"<p><strong>Processador<\/strong><br \/>Intel Core i5 7300U 2.6 GHz.<br \/><strong>Fator de forma<\/strong><br \/>AIO<br \/><strong>Mem\u00f3ria RAM<\/strong><br \/>8 Gb. SO-DDR4 RAM<br \/><strong>Disco r\u00edgido<\/strong><br \/>128 Gb. SSD M2<br \/><strong>Cart\u00f5es<\/strong><br \/>Placa gr\u00e1fica: HD Graphics 610<br \/>Som: High Definition Audio<br \/>Network: Realtek PCIe GBE<br \/><strong>Sistema operativo<\/strong><br \/>Windows 10 Pro<br \/><strong>Portos<\/strong><br \/>2x S\u00e9rie<br \/>4x USB 3.0<br \/>USB-C<br \/><strong>Tela<\/strong><br \/>T\u00e1til 14 &#8221; FullHD com Alto-falantes \u00b7 16:9 \u00b7 Resolu\u00e7\u00e3o 1920&#215;1080<br \/><strong>Espec\u00edfico tela<\/strong><br \/>Pedestal<br \/><strong>Conectividade<\/strong><br \/>RJ-45<br \/>WIFI<br \/>Bluetooth<br \/><strong>Outros<\/strong><br \/>hR embalagens<br \/><strong>Dimens\u00f5es<\/strong><br \/>33x31x2 cm.<br \/><strong>Peso<\/strong><br \/>7.80 Kg.<br \/><strong>Especifica\u00e7\u00f5es adicionais<\/strong><br \/>O POS HP Engage One Model 145 combina design elegante, pot\u00eancia e funcionalidade para oferecer uma solu\u00e7\u00e3o avan\u00e7ada em ambientes comerciais. Equipado com um processador Intel Core i5, 8 GB de RAM e SSD de 128 GB, proporciona um desempenho \u00e1gil e fi\u00e1vel para a gest\u00e3o de vendas e opera\u00e7\u00f5es. O seu ecr\u00e3 t\u00e1til FullHD de 14&#8221; com altifalantes integrados garante uma experi\u00eancia visual clara e intuitiva, ideal para uma intera\u00e7\u00e3o fluida com o cliente.A sua ampla conectividade inclui 2 portas s\u00e9rie, m\u00faltiplas portas USB (2x 12V, 1x 24V e 4x USB 3.0), permitindo a integra\u00e7\u00e3o de perif\u00e9ricos como leitores de c\u00f3digo de barras, impressoras de tickets e gavetas de dinheiro. Com um design compacto e moderno, este POS \u00e9 a escolha perfeita para empresas que procuram efici\u00eancia, fiabilidade e est\u00e9tica profissional no seu ponto de venda.Apar\u00eancia exterior impec\u00e1vel. Pesquise em \u201c+ Fotos\u201d e \u201cV\u00eddeo\u201d e caso tenha alguma d\u00favida, ligue-nos ou utilize o nosso chat para mais informa\u00e7\u00f5es ou para solicitar mais detalhes.<br \/><strong>Coment\u00e1rios<\/strong><br \/><u>2xPorta S\u00e9rie \/ 2xUSB 12V \/ 1xUSB 24V \/ 4xUSB 3.0<\/u><\/p>\n","protected":false},"excerpt":{"rendered":"<p>Intel Core i5 7300U 2.6 GHz. \u00b7 8 Gb. SO-DDR4 RAM \u00b7 128 Gb. SSD M2 \u00b7 Windows 10 Pro \u00b7 T\u00e1til 14 &#8221; FullHD com Alto-falantes \u00b7 16:9 \u00b7<br \/>\n<u>2xPorta S\u00e9rie \/ 2xUSB 12V \/ 1xUSB 24V \/ 4xUSB 3.0<br \/>\n<\/u> [&#8230;]<\/p>\n<p><a class=\"btn btn-secondary understrap-read-more-link\" href=\"https:\/\/digalco.com\/pt-pt\/produto\/hp-engage-one-model-145-impecable-14-aio-recondicionado-core-i5-26ghz-8-gb-ram-128-gb-ssd-m2-pt-13237\/\">Continuar a ler&#8230;<span class=\"screen-reader-text\"> from HP Engage  One Model 145-Impecable 14&#8221; AIO | Recondicionado | Core i5 2.6GHz | 8 GB RAM | 128 GB SSD M2<\/span><\/a><\/p>\n","protected":false},"featured_media":240858,"template":"","meta":[],"product_brand":[3854],"product_cat":[1599,1595],"product_tag":[],"class_list":{"0":"post-240904","1":"product","2":"type-product","3":"status-publish","4":"has-post-thumbnail","6":"product_brand-hp","7":"product_cat-pos-all-in-one-pt","8":"product_cat-pos-pt","10":"first","11":"instock","12":"taxable","13":"shipping-taxable","14":"purchasable","15":"product-type-simple"},"bundled_by":[],"bundle_stock_status":"instock","bundle_stock_quantity":6,"bundle_virtual":false,"bundle_layout":"","bundle_add_to_cart_form_location":"","bundle_editable_in_cart":false,"bundle_sold_individually_context":"","bundle_item_grouping":"","bundle_min_size":"","bundle_max_size":"","bundle_price":[],"bundled_items":[],"bundle_sell_ids":[],"exclude_global_add_ons":true,"addons":{"ram-memory-upgrades":{"name":"Extens\u00e3o RAM","type":"multiple_choice","position":0,"required":false,"title_format":"heading","default":"","description_enable":false,"description":"","placeholder_enable":false,"placeholder":"","display":"radiobutton","restrictions_type":"any_text","adjust_price":false,"price":"","price_type":"quantity_based","restrictions":false,"min":"0","max":"0","options":[{"label":"Extens\u00e3o SO-DIMM RAM 16 Gb DDR4 [AMP00081]","price":60,"price_type":"quantity_based","image":0,"visibility":true}]},"hdd-upgrades":{"name":"Extens\u00e3o disco r\u00edgido","type":"multiple_choice","position":0,"required":false,"title_format":"heading","default":"","description_enable":false,"description":"","placeholder_enable":false,"placeholder":"","display":"radiobutton","restrictions_type":"any_text","adjust_price":false,"price":"","price_type":"quantity_based","restrictions":false,"min":"0","max":"0","options":[{"label":"Cambio a Disco SSD 500 Gb. M.2 2280 PCIe [AMP00106]","price":110,"price_type":"quantity_based","image":0,"visibility":true},{"label":"Cambio a Disco SSD 1 Tb. M.2 2280 PCIe [AMP00107]","price":165,"price_type":"quantity_based","image":0,"visibility":true}]},"os-upgrades":{"name":"Extens\u00e3o OS","type":"multiple_choice","position":0,"required":false,"title_format":"heading","default":"","description_enable":false,"description":"","placeholder_enable":false,"placeholder":"","display":"radiobutton","restrictions_type":"any_text","adjust_price":false,"price":"","price_type":"quantity_based","restrictions":false,"min":"0","max":"0","options":[{"label":"Alterar idioma para franc\u00eas [AMP00125]","price":"0.0000","price_type":"quantity_based","image":0,"visibility":true},{"label":"Alterar idioma para ingl\u00eas [AMP00008]","price":"0.0000","price_type":"quantity_based","image":0,"visibility":true},{"label":"Alterar idioma para o portugu\u00eas [AMP00009]","price":"0.0000","price_type":"quantity_based","image":0,"visibility":true}]},"keyboard-upgrades":{"name":"Extens\u00e3o teclado","type":"multiple_choice","position":0,"required":false,"title_format":"heading","default":"","description_enable":false,"description":"","placeholder_enable":false,"placeholder":"","display":"radiobutton","restrictions_type":"any_text","adjust_price":false,"price":"","price_type":"quantity_based","restrictions":false,"min":"0","max":"0","options":[{"label":"Teclado e Mouse [AMP00020]","price":"8.0000","price_type":"quantity_based","image":0,"visibility":true},{"label":"Teclado e Mouse Portugu\u00e9s Nuevo [AMP00088]","price":"15.0000","price_type":"quantity_based","image":0,"visibility":true},{"label":"Teclado e mouse USB em espanhol (Novo) [AMP00068]","price":"12.0000","price_type":"quantity_based","image":0,"visibility":true}]}},"df_price":396,"df_sale_price":"","df_regular_price":396,"df_image_link":"https:\/\/digalco.com\/wp-content\/uploads\/images\/product\/13237\/hp02882_01-300x225.jpg","_links":{"self":[{"href":"https:\/\/digalco.com\/pt-pt\/wp-json\/wp\/v2\/product\/240904","targetHints":{"allow":["GET"]}}],"collection":[{"href":"https:\/\/digalco.com\/pt-pt\/wp-json\/wp\/v2\/product"}],"about":[{"href":"https:\/\/digalco.com\/pt-pt\/wp-json\/wp\/v2\/types\/product"}],"wp:featuredmedia":[{"embeddable":true,"href":"https:\/\/digalco.com\/pt-pt\/wp-json\/wp\/v2\/media\/240858"}],"wp:attachment":[{"href":"https:\/\/digalco.com\/pt-pt\/wp-json\/wp\/v2\/media?parent=240904"}],"wp:term":[{"taxonomy":"product_brand","embeddable":true,"href":"https:\/\/digalco.com\/pt-pt\/wp-json\/wp\/v2\/product_brand?post=240904"},{"taxonomy":"product_cat","embeddable":true,"href":"https:\/\/digalco.com\/pt-pt\/wp-json\/wp\/v2\/product_cat?post=240904"},{"taxonomy":"product_tag","embeddable":true,"href":"https:\/\/digalco.com\/pt-pt\/wp-json\/wp\/v2\/product_tag?post=240904"}],"curies":[{"name":"wp","href":"https:\/\/api.w.org\/{rel}","templated":true}]}}