{"id":243491,"date":"2025-03-06T12:02:07","date_gmt":"2025-03-06T11:02:07","guid":{"rendered":"https:\/\/digalco.com\/tienda\/microsoft-surface-pro-5-kit-recondicionado-pt-13383\/"},"modified":"2026-03-30T12:46:50","modified_gmt":"2026-03-30T10:46:50","slug":"microsoft-surface-pro-5-kit-recondicionado-pt-13383","status":"publish","type":"product","link":"https:\/\/digalco.com\/pt-pt\/produto\/microsoft-surface-pro-5-kit-recondicionado-pt-13383\/","title":{"rendered":"Microsoft Surface Pro 5 Kit | Recondicionado"},"content":{"rendered":"<p><strong>Processador<\/strong><br \/>Intel Core i5 7300U 2.6 GHz.<br \/><strong>Mem\u00f3ria RAM<\/strong><br \/>8 Gb. DDR3 RAM<br \/><strong>Disco r\u00edgido<\/strong><br \/>256 Gb. SSD<br \/><strong>Cart\u00f5es<\/strong><br \/>Placa gr\u00e1fica: Intel HD Graphics 620<br \/>Som: Realtek High Definition Audio<br \/><strong>Sistema operativo<\/strong><br \/>Windows 10 Pro<br \/><strong>Portos<\/strong><br \/>USB 3.0<br \/><strong>Tela<\/strong><br \/>T\u00e1til 12.3 &#8221; 2K 16:9 \u00b7 Resolu\u00e7\u00e3o 2736&#215;1824<br \/><strong>Portas de v\u00eddeo<\/strong><br \/>Mini Display Port<br \/><strong>Multim\u00eddia<\/strong><br \/>Webcam<br \/>C\u00e2mera traseira<br \/>C\u00e2mera frontal<br \/><strong>Conectividade<\/strong><br \/>WIFI<br \/>Bluetooth<br \/><strong>Dimens\u00f5es<\/strong><br \/>29.2&#215;20.5&#215;1.5 cm.<br \/><strong>Peso<\/strong><br \/>0.80 Kg.<br \/><strong>Especifica\u00e7\u00f5es adicionais<\/strong><br \/>O seu processador i5, 8 GB de RAM, SSD de 256 GB e Windows 10 Pro permitem ainda lig\u00e1-lo a um monitor externo e teclados e ser utilizado como computador de secret\u00e1ria, convertendo-o assim em duas solu\u00e7\u00f5es, uma fixa e outra m\u00f3vel. Pesquise em \u201c+ Fotos\u201d e caso tenha alguma d\u00favida ligue ou utilize o nosso chat para mais informa\u00e7\u00f5es ou para solicitar mais detalhes.<\/p>\n","protected":false},"excerpt":{"rendered":"<p>Intel Core i5 7300U 2.6 GHz. \u00b7 8 Gb. DDR3 RAM \u00b7 256 Gb. SSD \u00b7 Windows 10 Pro \u00b7 T\u00e1til 12.3 &#8221; <strong>2K 16:9 \u00b7 Resolu\u00e7\u00e3o 2736&#215;1824 \u00b7 Teclado Internacional Microsoft Surface Pro<\/strong> [&#8230;]<\/p>\n<p><a class=\"btn btn-secondary understrap-read-more-link\" href=\"https:\/\/digalco.com\/pt-pt\/produto\/microsoft-surface-pro-5-kit-recondicionado-pt-13383\/\">Continuar a ler&#8230;<span class=\"screen-reader-text\"> from Microsoft Surface Pro 5 Kit | Recondicionado<\/span><\/a><\/p>\n","protected":false},"featured_media":243470,"template":"","meta":[],"product_brand":[3860],"product_cat":[3749,1579],"product_tag":[],"class_list":{"0":"post-243491","1":"product","2":"type-product","3":"status-publish","4":"has-post-thumbnail","6":"product_brand-microsoft","7":"product_cat-tablets-surface-pt","8":"product_cat-tablets-pt","10":"first","11":"instock","12":"taxable","13":"shipping-taxable","14":"purchasable","15":"product-type-simple"},"bundled_by":[],"bundle_stock_status":"instock","bundle_stock_quantity":49,"bundle_virtual":false,"bundle_layout":"","bundle_add_to_cart_form_location":"","bundle_editable_in_cart":false,"bundle_sold_individually_context":"","bundle_item_grouping":"","bundle_min_size":"","bundle_max_size":"","bundle_price":[],"bundled_items":[],"bundle_sell_ids":[],"exclude_global_add_ons":true,"addons":{"keyboard-iso-upgrades":{"name":"Selecione idioma teclado","type":"multiple_choice","position":0,"required":false,"title_format":"heading","default":"","description_enable":false,"description":"","placeholder_enable":false,"placeholder":"","display":"radiobutton","restrictions_type":"any_text","adjust_price":false,"price":"","price_type":"quantity_based","restrictions":false,"min":"0","max":"0","options":[{"label":"Pegatinas Espanhol [AMP00082]","price":"0.0000","price_type":"quantity_based","image":0,"visibility":true},{"label":"Pegatinas Franc\u00e9s [AMP00084]","price":"0.0000","price_type":"quantity_based","image":0,"visibility":true},{"label":"Pegatinas Portugues [AMP00083]","price":"0.0000","price_type":"quantity_based","image":0,"visibility":true}]},"docking-station-upgrades":{"name":"Extens\u00e3o Docking Station","type":"multiple_choice","position":0,"required":false,"title_format":"heading","default":"","description_enable":false,"description":"","placeholder_enable":false,"placeholder":"","display":"radiobutton","restrictions_type":"any_text","adjust_price":false,"price":"","price_type":"quantity_based","restrictions":false,"min":"0","max":"0","options":[{"label":"Microsoft Surface Docking Station 1661 [AMP00061]","price":"45.0000","price_type":"quantity_based","image":0,"visibility":true}]},"pencil-upgrades":{"name":"Extens\u00e3o L\u00e1pis","type":"multiple_choice","position":0,"required":false,"title_format":"heading","default":"","description_enable":false,"description":"","placeholder_enable":false,"placeholder":"","display":"radiobutton","restrictions_type":"any_text","adjust_price":false,"price":"","price_type":"quantity_based","restrictions":false,"min":"0","max":"0","options":[{"label":"Caneta Original Microsoft Surface [AMP00087]","price":"50.0000","price_type":"quantity_based","image":0,"visibility":true}]},"os-upgrades":{"name":"Extens\u00e3o OS","type":"multiple_choice","position":0,"required":false,"title_format":"heading","default":"","description_enable":false,"description":"","placeholder_enable":false,"placeholder":"","display":"radiobutton","restrictions_type":"any_text","adjust_price":false,"price":"","price_type":"quantity_based","restrictions":false,"min":"0","max":"0","options":[{"label":"Alterar idioma para franc\u00eas [AMP00125]","price":"0.0000","price_type":"quantity_based","image":0,"visibility":true},{"label":"Alterar idioma para ingl\u00eas [AMP00008]","price":"0.0000","price_type":"quantity_based","image":0,"visibility":true},{"label":"Alterar idioma para o portugu\u00eas [AMP00009]","price":"0.0000","price_type":"quantity_based","image":0,"visibility":true}]}},"df_price":292,"df_sale_price":"","df_regular_price":292,"df_image_link":"https:\/\/digalco.com\/wp-content\/uploads\/images\/product\/13383\/ms00175_01-300x225.jpg","_links":{"self":[{"href":"https:\/\/digalco.com\/pt-pt\/wp-json\/wp\/v2\/product\/243491","targetHints":{"allow":["GET"]}}],"collection":[{"href":"https:\/\/digalco.com\/pt-pt\/wp-json\/wp\/v2\/product"}],"about":[{"href":"https:\/\/digalco.com\/pt-pt\/wp-json\/wp\/v2\/types\/product"}],"wp:featuredmedia":[{"embeddable":true,"href":"https:\/\/digalco.com\/pt-pt\/wp-json\/wp\/v2\/media\/243470"}],"wp:attachment":[{"href":"https:\/\/digalco.com\/pt-pt\/wp-json\/wp\/v2\/media?parent=243491"}],"wp:term":[{"taxonomy":"product_brand","embeddable":true,"href":"https:\/\/digalco.com\/pt-pt\/wp-json\/wp\/v2\/product_brand?post=243491"},{"taxonomy":"product_cat","embeddable":true,"href":"https:\/\/digalco.com\/pt-pt\/wp-json\/wp\/v2\/product_cat?post=243491"},{"taxonomy":"product_tag","embeddable":true,"href":"https:\/\/digalco.com\/pt-pt\/wp-json\/wp\/v2\/product_tag?post=243491"}],"curies":[{"name":"wp","href":"https:\/\/api.w.org\/{rel}","templated":true}]}}