{"id":244732,"date":"2025-03-17T15:31:17","date_gmt":"2025-03-17T14:31:17","guid":{"rendered":"https:\/\/digalco.com\/tienda\/hp-proliant-dl360-g5-barebone-rack-recondicionado-xeon-186ghz-6-gb-ram-sas-pt-12565\/"},"modified":"2025-03-17T15:31:22","modified_gmt":"2025-03-17T14:31:22","slug":"hp-proliant-dl360-g5-barebone-rack-recondicionado-xeon-186ghz-6-gb-ram-sas-pt-12565","status":"publish","type":"product","link":"https:\/\/digalco.com\/pt-pt\/produto\/hp-proliant-dl360-g5-barebone-rack-recondicionado-xeon-186ghz-6-gb-ram-sas-pt-12565\/","title":{"rendered":"HP ProLiant DL360 G5 Barebone Rack | Recondicionado | Xeon 1.86GHz | 6 GB RAM | SAS"},"content":{"rendered":"<p><strong>Processador<\/strong><br \/>Intel Xeon E5320 1.86 GHz.<br \/><strong>Fator de forma<\/strong><br \/>Rack  (1U)<br \/><strong>Mem\u00f3ria RAM<\/strong><br \/>6 Gb. DDR2 ECC RAM<br \/>8 ba\u00edas (0 vazio )<br \/><strong>Disco r\u00edgido<\/strong><br \/>SAS 2.5&#8221;<br \/>6 ba\u00edas<br \/><strong>Drive \u00f3ptico<\/strong><br \/>Combo (CD-RW\/DVD)<br \/><strong>Cart\u00f5es<\/strong><br \/>Placa gr\u00e1fica: ATI ES1000 16 Mb.<br \/>Network: BCM5708<br \/><strong>Sistema operativo<\/strong><br \/>&#8211; Sem sistema operativo &#8211;<br \/><strong>Portos<\/strong><br \/>S\u00e9rie<br \/>3x USB 2.0<br \/>2x PS2<br \/><strong>Conectividade<\/strong><br \/>2x RJ-45<br \/><strong>Alimenta\u00e7\u00e3o<\/strong><br \/>Fontes de alimenta\u00e7\u00e3o (Hotplug)<br \/><strong>Dimens\u00f5es<\/strong><br \/>71&#215;48.5&#215;4.5 cm.<br \/><strong>Peso<\/strong><br \/>17.00 Kg.<br \/><strong>Especifica\u00e7\u00f5es adicionais<\/strong><br \/>O HP ProLiant DL360 G5 \u00e9 um servidor de 1U em rack, concebido para oferecer desempenho e fiabilidade em ambientes empresariais exigentes. Equipado com um processador Intel Xeon E5320 Quad Core de 1,86 GHz e 6 GB de RAM DDR2 ECC, fornece uma plataforma est\u00e1vel para tarefas como virtualiza\u00e7\u00e3o leve, armazenamento de rede e aplica\u00e7\u00f5es empresariais b\u00e1sicas.<br \/>Possui 8 ba\u00edas SAS de 2,5&#8243; (todas ocupadas), garantindo uma capacidade de armazenamento ideal e expans\u00edvel. Al\u00e9m disso, possui 6 ba\u00edas adicionais, permitindo uma maior flexibilidade na gest\u00e3o de armazenamento. Incorpora uma unidade CD-RW\/DVD Combo, oferecendo op\u00e7\u00f5es de leitura e escrita para suportes \u00f3ticos.<br \/>O controlador HP Smart Array P400i fornece um sistema avan\u00e7ado de gest\u00e3o de armazenamento com capacidades RAID para otimizar a seguran\u00e7a e o desempenho dos dados. Com 2 slots PCIe X8 e 2 slots PCI, permite a expans\u00e3o com placas adicionais para melhorar a sua conectividade e funcionalidade.<br \/>O HP ProLiant DL360 G5 \u00e9 uma solu\u00e7\u00e3o compacta, robusta e fi\u00e1vel, ideal para empresas que procuram um servidor eficiente para tarefas essenciais de infraestrutura de TI.<br \/>Boa apar\u00eancia exterior. Se tiver alguma d\u00favida, ligue-nos ou utilize o nosso chat para mais informa\u00e7\u00f5es ou para solicitar mais detalhes.<br \/><strong>Coment\u00e1rios<\/strong><br \/><u>HP Smart Array P400i &#8211; 2xPCIe X8 \/ 2xPCI<\/u><\/p>\n","protected":false},"excerpt":{"rendered":"<p>Intel Xeon E5320 1.86 GHz. \u00b7 6 Gb. DDR2 ECC RAM \u00b7 8 ba\u00edas (0 vazio ) \u00b7 SAS 2.5&#8221; \u00b7 6 ba\u00edas \u00b7 Combo (CD-RW\/DVD) \u00b7 <u>HP Smart Array P400i &#8211; 2xPCIe X8 \/ 2xPCI<\/u> [&#8230;]<\/p>\n<p><a class=\"btn btn-secondary understrap-read-more-link\" href=\"https:\/\/digalco.com\/pt-pt\/produto\/hp-proliant-dl360-g5-barebone-rack-recondicionado-xeon-186ghz-6-gb-ram-sas-pt-12565\/\">Continuar a ler&#8230;<span class=\"screen-reader-text\"> from HP ProLiant DL360 G5 Barebone Rack | Recondicionado | Xeon 1.86GHz | 6 GB RAM | SAS<\/span><\/a><\/p>\n","protected":false},"featured_media":244701,"template":"","meta":[],"product_brand":[3854],"product_cat":[3744,1639,1631],"product_tag":[],"class_list":{"0":"post-244732","1":"product","2":"type-product","3":"status-publish","4":"has-post-thumbnail","6":"product_brand-hp","7":"product_cat-barebone-pt","8":"product_cat-servidores-rack-pt","9":"product_cat-servidores-pt","11":"first","12":"instock","13":"taxable","14":"shipping-taxable","15":"purchasable","16":"product-type-simple"},"bundled_by":[],"bundle_stock_status":"instock","bundle_stock_quantity":2,"bundle_virtual":false,"bundle_layout":"","bundle_add_to_cart_form_location":"","bundle_editable_in_cart":false,"bundle_sold_individually_context":"","bundle_item_grouping":"","bundle_min_size":"","bundle_max_size":"","bundle_price":[],"bundled_items":[],"bundle_sell_ids":[],"exclude_global_add_ons":true,"addons":{"hdd-upgrades":{"name":"Extens\u00e3o disco r\u00edgido","type":"multiple_choice","position":0,"required":false,"title_format":"heading","default":"","description_enable":false,"description":"","placeholder_enable":false,"placeholder":"","display":"radiobutton","restrictions_type":"any_text","adjust_price":false,"price":"","price_type":"quantity_based","restrictions":false,"min":"0","max":"0","options":[{"label":"2x Disco SSD 240 Gb. [AMP00058]","price":"100.0000","price_type":"quantity_based","image":0,"visibility":true},{"label":"2x Disco SSD 480 Gb. [AMP00059]","price":"200.0000","price_type":"quantity_based","image":0,"visibility":true}]}},"df_price":96,"df_sale_price":"","df_regular_price":96,"df_image_link":"https:\/\/digalco.com\/wp-content\/uploads\/images\/product\/12565\/hp02671_01-300x225.jpg","_links":{"self":[{"href":"https:\/\/digalco.com\/pt-pt\/wp-json\/wp\/v2\/product\/244732","targetHints":{"allow":["GET"]}}],"collection":[{"href":"https:\/\/digalco.com\/pt-pt\/wp-json\/wp\/v2\/product"}],"about":[{"href":"https:\/\/digalco.com\/pt-pt\/wp-json\/wp\/v2\/types\/product"}],"wp:featuredmedia":[{"embeddable":true,"href":"https:\/\/digalco.com\/pt-pt\/wp-json\/wp\/v2\/media\/244701"}],"wp:attachment":[{"href":"https:\/\/digalco.com\/pt-pt\/wp-json\/wp\/v2\/media?parent=244732"}],"wp:term":[{"taxonomy":"product_brand","embeddable":true,"href":"https:\/\/digalco.com\/pt-pt\/wp-json\/wp\/v2\/product_brand?post=244732"},{"taxonomy":"product_cat","embeddable":true,"href":"https:\/\/digalco.com\/pt-pt\/wp-json\/wp\/v2\/product_cat?post=244732"},{"taxonomy":"product_tag","embeddable":true,"href":"https:\/\/digalco.com\/pt-pt\/wp-json\/wp\/v2\/product_tag?post=244732"}],"curies":[{"name":"wp","href":"https:\/\/api.w.org\/{rel}","templated":true}]}}