{"id":246969,"date":"2025-04-02T12:40:12","date_gmt":"2025-04-02T10:40:12","guid":{"rendered":"https:\/\/digalco.com\/tienda\/hp-z2-g5-workstation-torre-recondicionado-core-i7-38ghz-64-gb-ram-1024-gb-ssd-m2-pt-13420\/"},"modified":"2026-03-23T16:26:39","modified_gmt":"2026-03-23T15:26:39","slug":"hp-z2-g5-workstation-torre-recondicionado-core-i7-38ghz-64-gb-ram-1024-gb-ssd-m2-pt-13420","status":"publish","type":"product","link":"https:\/\/digalco.com\/pt-pt\/produto\/hp-z2-g5-workstation-torre-recondicionado-core-i7-38ghz-64-gb-ram-1024-gb-ssd-m2-pt-13420\/","title":{"rendered":"HP Z2 G5 WorkStation Torre | Recondicionado | Core i7 3.8GHz | 32 GB RAM | 1024 GB SSD M2"},"content":{"rendered":"<p><strong>Processador<\/strong><br \/>Intel Core i7 10700K 3.8 GHz.<br \/><strong>Fator de forma<\/strong><br \/>Torre<br \/><strong>Mem\u00f3ria RAM<\/strong><br \/>32 Gb. DDR4 RAM<br \/><strong>Disco r\u00edgido<\/strong><br \/>1.00 Tb. SSD M2<br \/><strong>Cart\u00f5es<\/strong><br \/>Placa gr\u00e1fica: nVidia Quadro RTX A2000 12GB GDDR6<br \/>Som: NVIDIA High Definiton Audio<br \/>Network: Intel Ethernet Connecti  I219-LM<br \/><strong>Sistema operativo<\/strong><br \/>Windows 11 Pro<br \/><strong>Portos<\/strong><br \/>10x USB 3.1<br \/><strong>Portas de v\u00eddeo<\/strong><br \/>4x Mini Display Port<br \/><strong>Conectividade<\/strong><br \/>RJ-45<br \/><strong>Outros<\/strong><br \/>hR embalagens<br \/><strong>Dimens\u00f5es<\/strong><br \/>39x17x38.5 cm.<br \/><strong>Peso<\/strong><br \/>7.65 Kg.<br \/><strong>Especifica\u00e7\u00f5es adicionais<\/strong><br \/>A esta\u00e7\u00e3o de trabalho HP Z2 G5 \u00e9 a escolha ideal para designers, engenheiros e criadores de conte\u00fados que necessitam de desempenho m\u00e1ximo. Com Intel Core i7-10700K de 3,8 GHz e 64 GB de RAM DDR4, oferece fluidez em tarefas exigentes como renderiza\u00e7\u00e3o 3D, edi\u00e7\u00e3o de v\u00eddeo e simula\u00e7\u00f5es avan\u00e7adas. O seu SSD M. 2 de 1 TB garante uma extrema velocidade nos uploads e transfer\u00eancias de dados, permitindo trabalhar sem interrup\u00e7\u00f5es. A nVidia Quadro RTX A2000 12GB GDDR6 otimiza o desempenho em software profissional como o AutoCAD, Premiere Pro e SolidWorks, garantindo gr\u00e1ficos suaves e tempos de renderiza\u00e7\u00e3o mais r\u00e1pidos. Al\u00e9m disso, com o Windows 11 Pro, suporte para as aplica\u00e7\u00f5es mais recentes e op\u00e7\u00f5es de expans\u00e3o PCIe X16 e X4, esta WorkStation est\u00e1 pronta para crescer de acordo com as suas necessidades. Se procura uma esta\u00e7\u00e3o de trabalho r\u00e1pida, fi\u00e1vel e escal\u00e1vel, a esta\u00e7\u00e3o de trabalho HP Z2 G5 \u00e9 a melhor op\u00e7\u00e3o para elevar a sua produtividade ao pr\u00f3ximo n\u00edvel. Boa apar\u00eancia exterior. Pode apresentar ligeiros sinais de uso na caixa. Se tiver alguma d\u00favida, ligue-nos ou utilize o nosso chat para mais informa\u00e7\u00f5es ou para solicitar mais detalhes.<br \/><strong>Coment\u00e1rios<\/strong><br \/><u>nVidia Quadro RTX A2000 12GB GDDR6 &#8211; 2xPCIe X16 \/ 2xPCIe X4<\/u><\/p>\n","protected":false},"excerpt":{"rendered":"<p>Intel Core i7 10700K 3.8 GHz. \u00b7 32 Gb. DDR4 RAM \u00b7 1.00 Tb. SSD M2 \u00b7 <strong>Windows 11 Pro<\/strong> \u00b7<br \/>\n<strong>nVidia Quadro RTX A2000 12GB GDDR6<\/strong> &#8211; <u>2xPCIe X16 \/ 2xPCIe X4<br \/>\n<\/u> [&#8230;]<\/p>\n<p><a class=\"btn btn-secondary understrap-read-more-link\" href=\"https:\/\/digalco.com\/pt-pt\/produto\/hp-z2-g5-workstation-torre-recondicionado-core-i7-38ghz-64-gb-ram-1024-gb-ssd-m2-pt-13420\/\">Continuar a ler&#8230;<span class=\"screen-reader-text\"> from HP Z2 G5 WorkStation Torre | Recondicionado | Core i7 3.8GHz | 32 GB RAM | 1024 GB SSD M2<\/span><\/a><\/p>\n","protected":false},"featured_media":246943,"template":"","meta":[],"product_brand":[3854],"product_cat":[1467,2421,1471],"product_tag":[],"class_list":{"0":"post-246969","1":"product","2":"type-product","3":"status-publish","4":"has-post-thumbnail","6":"product_brand-hp","7":"product_cat-computadores-pt","8":"product_cat-computadores-intel-core-i7-pt","9":"product_cat-computadores-workstations-pt","11":"first","12":"instock","13":"taxable","14":"shipping-taxable","15":"purchasable","16":"product-type-simple"},"bundled_by":[],"bundle_stock_status":"instock","bundle_stock_quantity":5,"bundle_virtual":false,"bundle_layout":"","bundle_add_to_cart_form_location":"","bundle_editable_in_cart":false,"bundle_sold_individually_context":"","bundle_item_grouping":"","bundle_min_size":"","bundle_max_size":"","bundle_price":[],"bundled_items":[],"bundle_sell_ids":[],"exclude_global_add_ons":true,"addons":{"hdd-upgrades":{"name":"Extens\u00e3o disco r\u00edgido","type":"multiple_choice","position":0,"required":false,"title_format":"heading","default":"","description_enable":false,"description":"","placeholder_enable":false,"placeholder":"","display":"radiobutton","restrictions_type":"any_text","adjust_price":false,"price":"","price_type":"quantity_based","restrictions":false,"min":"0","max":"0","options":[{"label":"Disco SSD 120 Gb. adicional (S.O.) [AMP00030]","price":"25.0000","price_type":"quantity_based","image":0,"visibility":true},{"label":"Disco SSD 240 Gb. adicional (S.O.) [AMP00031]","price":"35.0000","price_type":"quantity_based","image":0,"visibility":true},{"label":"Disco SSD 480 Gb. adicional (S.O.) [AMP00032]","price":"64.0000","price_type":"quantity_based","image":0,"visibility":true},{"label":"Disco SSD 1 Tb. adicional [AMP00072]","price":"100.0000","price_type":"quantity_based","image":0,"visibility":true}]},"network-card-upgrades":{"name":"Extens\u00e3o WIFI","type":"multiple_choice","position":0,"required":false,"title_format":"heading","default":"","description_enable":false,"description":"","placeholder_enable":false,"placeholder":"","display":"radiobutton","restrictions_type":"any_text","adjust_price":false,"price":"","price_type":"quantity_based","restrictions":false,"min":"0","max":"0","options":[{"label":"Ampliaci\u00f3n a Tarj. Wi-Fi PCI [AMP00017]","price":"15.0000","price_type":"quantity_based","image":0,"visibility":true},{"label":"Ampliaci\u00f3n a Wireless nano USB [AMP00018]","price":"12.0000","price_type":"quantity_based","image":0,"visibility":true}]},"os-upgrades":{"name":"Extens\u00e3o OS","type":"multiple_choice","position":0,"required":false,"title_format":"heading","default":"","description_enable":false,"description":"","placeholder_enable":false,"placeholder":"","display":"radiobutton","restrictions_type":"any_text","adjust_price":false,"price":"","price_type":"quantity_based","restrictions":false,"min":"0","max":"0","options":[{"label":"Alterar idioma para franc\u00eas [AMP00125]","price":"0.0000","price_type":"quantity_based","image":0,"visibility":true},{"label":"Alterar idioma para ingl\u00eas [AMP00008]","price":"0.0000","price_type":"quantity_based","image":0,"visibility":true},{"label":"Alterar idioma para o portugu\u00eas [AMP00009]","price":"0.0000","price_type":"quantity_based","image":0,"visibility":true}]},"keyboard-upgrades":{"name":"Extens\u00e3o teclado","type":"multiple_choice","position":0,"required":false,"title_format":"heading","default":"","description_enable":false,"description":"","placeholder_enable":false,"placeholder":"","display":"radiobutton","restrictions_type":"any_text","adjust_price":false,"price":"","price_type":"quantity_based","restrictions":false,"min":"0","max":"0","options":[{"label":"Teclado e Mouse [AMP00020]","price":"8.0000","price_type":"quantity_based","image":0,"visibility":true},{"label":"Teclado e Mouse Portugu\u00e9s Nuevo [AMP00088]","price":"15.0000","price_type":"quantity_based","image":0,"visibility":true},{"label":"Teclado e mouse USB em espanhol (Novo) [AMP00068]","price":"12.0000","price_type":"quantity_based","image":0,"visibility":true}]}},"df_price":1236,"df_sale_price":"","df_regular_price":1236,"df_image_link":"https:\/\/digalco.com\/wp-content\/uploads\/images\/product\/13420\/hp02942_01-300x225.jpg","_links":{"self":[{"href":"https:\/\/digalco.com\/pt-pt\/wp-json\/wp\/v2\/product\/246969","targetHints":{"allow":["GET"]}}],"collection":[{"href":"https:\/\/digalco.com\/pt-pt\/wp-json\/wp\/v2\/product"}],"about":[{"href":"https:\/\/digalco.com\/pt-pt\/wp-json\/wp\/v2\/types\/product"}],"wp:featuredmedia":[{"embeddable":true,"href":"https:\/\/digalco.com\/pt-pt\/wp-json\/wp\/v2\/media\/246943"}],"wp:attachment":[{"href":"https:\/\/digalco.com\/pt-pt\/wp-json\/wp\/v2\/media?parent=246969"}],"wp:term":[{"taxonomy":"product_brand","embeddable":true,"href":"https:\/\/digalco.com\/pt-pt\/wp-json\/wp\/v2\/product_brand?post=246969"},{"taxonomy":"product_cat","embeddable":true,"href":"https:\/\/digalco.com\/pt-pt\/wp-json\/wp\/v2\/product_cat?post=246969"},{"taxonomy":"product_tag","embeddable":true,"href":"https:\/\/digalco.com\/pt-pt\/wp-json\/wp\/v2\/product_tag?post=246969"}],"curies":[{"name":"wp","href":"https:\/\/api.w.org\/{rel}","templated":true}]}}