{"id":247481,"date":"2025-04-04T12:27:51","date_gmt":"2025-04-04T10:27:51","guid":{"rendered":"https:\/\/digalco.com\/tienda\/hp-elitebook-830-g6-133-recondicionado-core-i5-16ghz-16-gb-ram-256-gb-ssd-m2-1920x1080-pt-13328\/"},"modified":"2026-04-09T12:38:48","modified_gmt":"2026-04-09T10:38:48","slug":"hp-elitebook-830-g6-133-recondicionado-core-i5-16ghz-16-gb-ram-256-gb-ssd-m2-1920x1080-pt-13328","status":"publish","type":"product","link":"https:\/\/digalco.com\/pt-pt\/produto\/hp-elitebook-830-g6-133-recondicionado-core-i5-16ghz-16-gb-ram-256-gb-ssd-m2-1920x1080-pt-13328\/","title":{"rendered":"HP EliteBook 830 G6 13.3&#8221; | Recondicionado | Core i5 1.6GHz | 16 GB RAM | 256 GB SSD M2 1920&#215;1080"},"content":{"rendered":"<p><strong>Processador<\/strong><br \/>Intel Core i5 8365U 1.6 GHz. [TPM 2.0]<br \/><strong>Mem\u00f3ria RAM<\/strong><br \/>16 Gb. SO-DDR4 RAM<br \/><strong>Disco r\u00edgido<\/strong><br \/>256 Gb. SSD M2<br \/><strong>Cart\u00f5es<\/strong><br \/>Placa gr\u00e1fica: Intel UHD Graphics 620<br \/>Som: Bang&amp;Olufsen Audio<br \/>Network: intel(R) ethernet 219-V<br \/><strong>Sistema operativo<\/strong><br \/>Windows 11 Pro<br \/><strong>Portos<\/strong><br \/>2x USB 3.0<br \/>USB-C<br \/><strong>Tela<\/strong><br \/>IPS 13.3 &#8221; FullHD 16:9  \u00b7 Resolu\u00e7\u00e3o 1920&#215;1080<br \/><strong>Portas de v\u00eddeo<\/strong><br \/>HDMI<br \/><strong>Multim\u00eddia<\/strong><br \/>Webcam<br \/>Leitor impress\u00f5es digitais<br \/>Leitor DNI<br \/><strong>Conectividade<\/strong><br \/>RJ-45<br \/>WIFI<br \/>Bluetooth<br \/><strong>Espec\u00edfico laptop<\/strong><br \/>Layout do teclado Espanhol<br \/><strong>Outros<\/strong><br \/>hR embalagens<br \/><strong>Dimens\u00f5es<\/strong><br \/>31x23x1.8 cm.<br \/><strong>Peso<\/strong><br \/>1.45 Kg.<br \/><strong>Especifica\u00e7\u00f5es adicionais<\/strong><br \/>O HP EliteBook 830 G6 \u00e9 um port\u00e1til profissional concebido para quem procura mobilidade, seguran\u00e7a e alto desempenho num dispositivo compacto e eficiente. Com o seu processador Intel Core i5 8365U de 1,6 GHz, 16 GB de RAM DDR4 e um r\u00e1pido SSD M. 2 de 256 GB, garante um desempenho suave em tarefas exigentes, desde a automatiza\u00e7\u00e3o de escrit\u00f3rio at\u00e9 \u00e0 multitarefa avan\u00e7ada.<br \/>O seu ecr\u00e3 FullHD 1920&#215;1080 IPS de 13,3&#8243; oferece imagens n\u00edtidas e cores vibrantes, ideais para longos dias de trabalho. Equipado com o Windows 11 Pro, oferece um ambiente seguro e otimizado para a produtividade empresarial.<br \/>O EliteBook 830 G6 destaca-se pela seguran\u00e7a avan\u00e7ada, com leitor de impress\u00f5es digitais e leitor de ID para uma autentica\u00e7\u00e3o r\u00e1pida e fi\u00e1vel. Al\u00e9m disso, a sua webcam HD permite fazer videochamadas com qualidade profissional, perfeita para reuni\u00f5es remotas.<br \/>Leve, dur\u00e1vel e com um design premium, este port\u00e1til HP EliteBook \u00e9 a escolha ideal para profissionais que necessitam de energia, fiabilidade e seguran\u00e7a em qualquer lugar.<br \/>Boa apar\u00eancia exterior. Pode apresentar ligeiros sinais de uso na caixa. Pesquise em \u201c+ Fotos\u201d e \u201cV\u00eddeo\u201d e caso tenha alguma d\u00favida, ligue-nos ou utilize o nosso chat para mais informa\u00e7\u00f5es ou para solicitar mais detalhes.<\/p>\n","protected":false},"excerpt":{"rendered":"<p>Intel Core i5 8365U 1.6 GHz. [TPM 2.0] \u00b7 16 Gb. SO-DDR4 RAM \u00b7 256 Gb. SSD M2 \u00b7 Windows 11 Pro \u00b7 IPS 13.3 &#8221; FullHD 16:9  \u00b7 Resolu\u00e7\u00e3o 1920&#215;1080 \u00b7 Webcam \u00b7 Leitor impress\u00f5es digitais \u00b7 Leitor DNI [&#8230;]<\/p>\n<p><a class=\"btn btn-secondary understrap-read-more-link\" href=\"https:\/\/digalco.com\/pt-pt\/produto\/hp-elitebook-830-g6-133-recondicionado-core-i5-16ghz-16-gb-ram-256-gb-ssd-m2-1920x1080-pt-13328\/\">Continuar a ler&#8230;<span class=\"screen-reader-text\"> from HP EliteBook 830 G6 13.3&#8221; | Recondicionado | Core i5 1.6GHz | 16 GB RAM | 256 GB SSD M2 1920&#215;1080<\/span><\/a><\/p>\n","protected":false},"featured_media":247435,"template":"","meta":[],"product_brand":[3854],"product_cat":[3754,1515],"product_tag":[],"class_list":{"0":"post-247481","1":"product","2":"type-product","3":"status-publish","4":"has-post-thumbnail","6":"product_brand-hp","7":"product_cat-laptops-13-pt","8":"product_cat-laptops-pt","10":"first","11":"instock","12":"taxable","13":"shipping-taxable","14":"purchasable","15":"product-type-simple"},"bundled_by":[],"bundle_stock_status":"instock","bundle_stock_quantity":2,"bundle_virtual":false,"bundle_layout":"","bundle_add_to_cart_form_location":"","bundle_editable_in_cart":false,"bundle_sold_individually_context":"","bundle_item_grouping":"","bundle_min_size":"","bundle_max_size":"","bundle_price":[],"bundled_items":[],"bundle_sell_ids":[],"exclude_global_add_ons":true,"addons":{"keyboard-iso-upgrades":{"name":"Selecione idioma teclado","type":"multiple_choice","position":0,"required":false,"title_format":"heading","default":"","description_enable":false,"description":"","placeholder_enable":false,"placeholder":"","display":"radiobutton","restrictions_type":"any_text","adjust_price":false,"price":"","price_type":"quantity_based","restrictions":false,"min":"0","max":"0","options":[{"label":"Pegatinas Franc\u00e9s [AMP00084]","price":"0.0000","price_type":"quantity_based","image":0,"visibility":true},{"label":"Pegatinas Portugues [AMP00083]","price":"0.0000","price_type":"quantity_based","image":0,"visibility":true}]},"ram-memory-upgrades":{"name":"Extens\u00e3o RAM","type":"multiple_choice","position":0,"required":false,"title_format":"heading","default":"","description_enable":false,"description":"","placeholder_enable":false,"placeholder":"","display":"radiobutton","restrictions_type":"any_text","adjust_price":false,"price":"","price_type":"quantity_based","restrictions":false,"min":"0","max":"0","options":[{"label":"Extens\u00e3o SODIM RAM 32 Gb [AMP00098]","price":150,"price_type":"quantity_based","image":0,"visibility":true}]},"hdd-upgrades":{"name":"Extens\u00e3o disco r\u00edgido","type":"multiple_choice","position":0,"required":false,"title_format":"heading","default":"","description_enable":false,"description":"","placeholder_enable":false,"placeholder":"","display":"radiobutton","restrictions_type":"any_text","adjust_price":false,"price":"","price_type":"quantity_based","restrictions":false,"min":"0","max":"0","options":[{"label":"Cambio a Disco SSD 500 Gb. M.2 2280 PCIe [AMP00106]","price":110,"price_type":"quantity_based","image":0,"visibility":true},{"label":"Cambio a Disco SSD 1 Tb. M.2 2280 PCIe [AMP00107]","price":165,"price_type":"quantity_based","image":0,"visibility":true}]},"os-upgrades":{"name":"Extens\u00e3o OS","type":"multiple_choice","position":0,"required":false,"title_format":"heading","default":"","description_enable":false,"description":"","placeholder_enable":false,"placeholder":"","display":"radiobutton","restrictions_type":"any_text","adjust_price":false,"price":"","price_type":"quantity_based","restrictions":false,"min":"0","max":"0","options":[{"label":"Alterar idioma para franc\u00eas [AMP00125]","price":"0.0000","price_type":"quantity_based","image":0,"visibility":true},{"label":"Alterar idioma para ingl\u00eas [AMP00008]","price":"0.0000","price_type":"quantity_based","image":0,"visibility":true},{"label":"Alterar idioma para o portugu\u00eas [AMP00009]","price":"0.0000","price_type":"quantity_based","image":0,"visibility":true}]},"briefcase-upgrades":{"name":"Maleta","type":"multiple_choice","position":0,"required":false,"title_format":"heading","default":"","description_enable":false,"description":"","placeholder_enable":false,"placeholder":"","display":"radiobutton","restrictions_type":"any_text","adjust_price":false,"price":"","price_type":"quantity_based","restrictions":false,"min":"0","max":"0","options":[{"label":"Maleta Port\u00e1til [AMP00041]","price":"5.0000","price_type":"quantity_based","image":0,"visibility":true}]}},"df_price":282,"df_sale_price":"","df_regular_price":282,"df_image_link":"https:\/\/digalco.com\/wp-content\/uploads\/images\/product\/13328\/hp02900_01-300x225.jpg","_links":{"self":[{"href":"https:\/\/digalco.com\/pt-pt\/wp-json\/wp\/v2\/product\/247481","targetHints":{"allow":["GET"]}}],"collection":[{"href":"https:\/\/digalco.com\/pt-pt\/wp-json\/wp\/v2\/product"}],"about":[{"href":"https:\/\/digalco.com\/pt-pt\/wp-json\/wp\/v2\/types\/product"}],"wp:featuredmedia":[{"embeddable":true,"href":"https:\/\/digalco.com\/pt-pt\/wp-json\/wp\/v2\/media\/247435"}],"wp:attachment":[{"href":"https:\/\/digalco.com\/pt-pt\/wp-json\/wp\/v2\/media?parent=247481"}],"wp:term":[{"taxonomy":"product_brand","embeddable":true,"href":"https:\/\/digalco.com\/pt-pt\/wp-json\/wp\/v2\/product_brand?post=247481"},{"taxonomy":"product_cat","embeddable":true,"href":"https:\/\/digalco.com\/pt-pt\/wp-json\/wp\/v2\/product_cat?post=247481"},{"taxonomy":"product_tag","embeddable":true,"href":"https:\/\/digalco.com\/pt-pt\/wp-json\/wp\/v2\/product_tag?post=247481"}],"curies":[{"name":"wp","href":"https:\/\/api.w.org\/{rel}","templated":true}]}}