{"id":248939,"date":"2025-04-15T09:31:07","date_gmt":"2025-04-15T07:31:07","guid":{"rendered":"https:\/\/digalco.com\/tienda\/asus-eb-1036-tiny-mini-recondicionado-celeron-199ghz-2-gb-ram-320-gb-hdd-pt-11203\/"},"modified":"2026-02-25T18:51:11","modified_gmt":"2026-02-25T17:51:11","slug":"asus-eb-1036-tiny-mini-recondicionado-celeron-199ghz-2-gb-ram-320-gb-hdd-pt-11203","status":"publish","type":"product","link":"https:\/\/digalco.com\/pt-pt\/produto\/asus-eb-1036-tiny-mini-recondicionado-celeron-199ghz-2-gb-ram-320-gb-hdd-pt-11203\/","title":{"rendered":"Asus EB 1036 Tiny Mini | Recondicionado | Celeron 1.99GHz | 2 GB RAM | 320 GB HDD"},"content":{"rendered":"<p><strong>Processador<\/strong><br \/>Intel Celeron J1900 1.99 GHz.<br \/><strong>Fator de forma<\/strong><br \/>Mini<br \/><strong>Mem\u00f3ria RAM<\/strong><br \/>2 Gb. SO-DDR3 RAM<br \/><strong>Disco r\u00edgido<\/strong><br \/>320 Gb. SATA<br \/><strong>Cart\u00f5es<\/strong><br \/>Placa gr\u00e1fica: intel HD Graphics<br \/>Som: High Definition Audio<br \/>Network: Pcie Gbe Family Controller<br \/><strong>Sistema operativo<\/strong><br \/>Ubuntu GNU\/Linux<br \/><strong>Portos<\/strong><br \/>S\u00e9rie<br \/>3x USB 2.0<br \/>USB 3.0<br \/><strong>Portas de v\u00eddeo<\/strong><br \/>VGA<br \/>HDMI<br \/><strong>Multim\u00eddia<\/strong><br \/>Leitor SD<br \/><strong>Conectividade<\/strong><br \/>RJ-45<br \/>WIFI<br \/><strong>Outros<\/strong><br \/>hR embalagens<br \/><strong>Dimens\u00f5es<\/strong><br \/>22&#215;17.5&#215;3 cm.<br \/><strong>Peso<\/strong><br \/>0.75 Kg.<br \/><strong>Especifica\u00e7\u00f5es adicionais<\/strong><br \/>O ASUS EB1036 Tiny \u00e9 um mini PC compacto, silencioso e com baixo consumo energ\u00e9tico, ideal para tarefas b\u00e1sicas ou para utiliza\u00e7\u00e3o como thin client. Incorpora um processador Intel Celeron J1900 de 1,99 GHz, acompanhado por 2 GB de RAM DDR3 e um disco r\u00edgido SATA de 320 GB, suficiente para navega\u00e7\u00e3o, trabalho de escrit\u00f3rio ou reprodu\u00e7\u00e3o multim\u00e9dia ligeira.<br \/>Este modelo vem com o sistema operativo Ubuntu GNU\/Linux, garantindo estabilidade, seguran\u00e7a e flexibilidade para ambientes educativos, profissionais ou dom\u00e9sticos que optem por solu\u00e7\u00f5es de c\u00f3digo aberto.<br \/>Gra\u00e7as ao seu design ultracompacto, o EB1036 \u00e9 perfeito para desktops com espa\u00e7o limitado ou como um centro de multim\u00e9dia discreto. O seu baixo consumo de energia tamb\u00e9m o torna uma escolha ideal para instala\u00e7\u00f5es 24 horas por dia, 7 dias por semana ou ambientes industriais.<br \/>Boa apar\u00eancia exterior. Pode apresentar ligeiros sinais de uso na caixa. D\u00ea uma vista de olhos a \u201c+ Fotos\u201d e se tiver alguma d\u00favida, ligue-nos ou utilize o nosso chat para obter mais informa\u00e7\u00f5es ou solicitar mais detalhes.<br \/><strong>Coment\u00e1rios<\/strong><br \/><u>Inclui Wi-Fi<\/u><\/p>\n","protected":false},"excerpt":{"rendered":"<p>Intel Celeron J1900 1.99 GHz. \u00b7 2 Gb. SO-DDR3 RAM \u00b7 320 Gb. SATA \u00b7 Ubuntu GNU\/Linux \u00b7 <u>Inclui Wi-Fi<\/u> [&#8230;]<\/p>\n<p><a class=\"btn btn-secondary understrap-read-more-link\" href=\"https:\/\/digalco.com\/pt-pt\/produto\/asus-eb-1036-tiny-mini-recondicionado-celeron-199ghz-2-gb-ram-320-gb-hdd-pt-11203\/\">Continuar a ler&#8230;<span class=\"screen-reader-text\"> from Asus EB 1036 Tiny Mini | Recondicionado | Celeron 1.99GHz | 2 GB RAM | 320 GB HDD<\/span><\/a><\/p>\n","protected":false},"featured_media":248908,"template":"","meta":[],"product_brand":[3862],"product_cat":[1467,1479],"product_tag":[],"class_list":{"0":"post-248939","1":"product","2":"type-product","3":"status-publish","4":"has-post-thumbnail","6":"product_brand-asus","7":"product_cat-computadores-pt","8":"product_cat-computadores-mini-pt","10":"first","11":"instock","12":"taxable","13":"shipping-taxable","14":"purchasable","15":"product-type-simple"},"bundled_by":[],"bundle_stock_status":"instock","bundle_stock_quantity":67,"bundle_virtual":false,"bundle_layout":"","bundle_add_to_cart_form_location":"","bundle_editable_in_cart":false,"bundle_sold_individually_context":"","bundle_item_grouping":"","bundle_min_size":"","bundle_max_size":"","bundle_price":[],"bundled_items":[],"bundle_sell_ids":[],"exclude_global_add_ons":true,"addons":{"hdd-upgrades":{"name":"Extens\u00e3o disco r\u00edgido","type":"multiple_choice","position":0,"required":false,"title_format":"heading","default":"","description_enable":false,"description":"","placeholder_enable":false,"placeholder":"","display":"radiobutton","restrictions_type":"any_text","adjust_price":false,"price":"","price_type":"quantity_based","restrictions":false,"min":"0","max":"0","options":[{"label":"Cambio a Disco SSD 120 Gb. [AMP00012]","price":"25.0000","price_type":"quantity_based","image":0,"visibility":true},{"label":"Cambio a Disco SSD 240 Gb. [AMP00013]","price":"35.0000","price_type":"quantity_based","image":0,"visibility":true},{"label":"Cambio a Disco SSD 480 Gb. [AMP00014]","price":59,"price_type":"quantity_based","image":0,"visibility":true}]},"keyboard-upgrades":{"name":"Extens\u00e3o teclado","type":"multiple_choice","position":0,"required":false,"title_format":"heading","default":"","description_enable":false,"description":"","placeholder_enable":false,"placeholder":"","display":"radiobutton","restrictions_type":"any_text","adjust_price":false,"price":"","price_type":"quantity_based","restrictions":false,"min":"0","max":"0","options":[{"label":"Teclado e Mouse [AMP00020]","price":"8.0000","price_type":"quantity_based","image":0,"visibility":true},{"label":"Teclado e Mouse Portugu\u00e9s Nuevo [AMP00088]","price":"15.0000","price_type":"quantity_based","image":0,"visibility":true},{"label":"Teclado e mouse USB em espanhol (Novo) [AMP00068]","price":"12.0000","price_type":"quantity_based","image":0,"visibility":true}]}},"df_price":50,"df_sale_price":"","df_regular_price":50,"df_image_link":"https:\/\/digalco.com\/wp-content\/uploads\/images\/product\/11203\/asus00020_01-300x225.jpg","_links":{"self":[{"href":"https:\/\/digalco.com\/pt-pt\/wp-json\/wp\/v2\/product\/248939","targetHints":{"allow":["GET"]}}],"collection":[{"href":"https:\/\/digalco.com\/pt-pt\/wp-json\/wp\/v2\/product"}],"about":[{"href":"https:\/\/digalco.com\/pt-pt\/wp-json\/wp\/v2\/types\/product"}],"wp:featuredmedia":[{"embeddable":true,"href":"https:\/\/digalco.com\/pt-pt\/wp-json\/wp\/v2\/media\/248908"}],"wp:attachment":[{"href":"https:\/\/digalco.com\/pt-pt\/wp-json\/wp\/v2\/media?parent=248939"}],"wp:term":[{"taxonomy":"product_brand","embeddable":true,"href":"https:\/\/digalco.com\/pt-pt\/wp-json\/wp\/v2\/product_brand?post=248939"},{"taxonomy":"product_cat","embeddable":true,"href":"https:\/\/digalco.com\/pt-pt\/wp-json\/wp\/v2\/product_cat?post=248939"},{"taxonomy":"product_tag","embeddable":true,"href":"https:\/\/digalco.com\/pt-pt\/wp-json\/wp\/v2\/product_tag?post=248939"}],"curies":[{"name":"wp","href":"https:\/\/api.w.org\/{rel}","templated":true}]}}