{"id":249505,"date":"2025-04-22T15:32:21","date_gmt":"2025-04-22T13:32:21","guid":{"rendered":"https:\/\/digalco.com\/tienda\/hp-lp2475w-24-lcd-1610-recondicionado-1920x1200-pt-2756\/"},"modified":"2026-03-30T15:55:57","modified_gmt":"2026-03-30T13:55:57","slug":"hp-lp2475w-24-lcd-1610-recondicionado-1920x1200-pt-2756","status":"publish","type":"product","link":"https:\/\/digalco.com\/pt-pt\/produto\/hp-lp2475w-24-lcd-1610-recondicionado-1920x1200-pt-2756\/","title":{"rendered":"HP LP2475W 24&#8221; LCD 16:10 | Recondicionado | 1920&#215;1200"},"content":{"rendered":"<p><strong>Tela<\/strong><br \/>LCD 24 &#8221; FullHD 16:10  \u00b7 Resolu\u00e7\u00e3o 1920&#215;1200<br \/>Dot pitch 0.270 mm<br \/>Resposta 6 ms<br \/>Contraste 1000:1<br \/>Brilho 400 cd\/m2<br \/>\u00c2ngulo vis\u00e3o 178\u00b0v\/178\u00b0h<br \/><strong>Portas de v\u00eddeo<\/strong><br \/>HDMI<br \/>Display Port<br \/>2x DVI<br \/><strong>Espec\u00edfico tela<\/strong><br \/>Pedestal<br \/>Regul\u00e1vel em altura<br \/><strong>Outros<\/strong><br \/>hR embalagens<br \/><strong>Dimens\u00f5es<\/strong><br \/>41&#215;55.64&#215;26.5 cm.<br \/><strong>Peso<\/strong><br \/>9.00 Kg.<br \/><strong>Especifica\u00e7\u00f5es adicionais<\/strong><br \/>O HP LP2475w \u00e9 um monitor LCD de 24 polegadas concebido para utilizadores exigentes que valorizam uma \u00e1rea de trabalho vertical maior. A sua resolu\u00e7\u00e3o WUXGA de 1920&#215;1200 no formato 16:10 oferece espa\u00e7o extra no ecr\u00e3, ideal para edi\u00e7\u00e3o, design, folhas de c\u00e1lculo ou navega\u00e7\u00e3o profissional, tudo com uma qualidade de imagem n\u00edtida e precisa. Com um brilho excepcional de 400 cd\/m\u00b2, uma rela\u00e7\u00e3o de contraste de 1000:1 e um painel grande angular de 178\u00b0, este monitor garante uma visualiza\u00e7\u00e3o n\u00edtida mesmo em ambientes muito iluminados.<br \/>A conectividade \u00e9 outro dos seus pontos fortes: inclui HDMI, DisplayPort e duplo DVI, o que o torna uma op\u00e7\u00e3o vers\u00e1til para v\u00e1rias configura\u00e7\u00f5es, tanto atuais como antigas. Vem com um cabo de alimenta\u00e7\u00e3o e DisplayPort inclu\u00eddos, permitindo uma liga\u00e7\u00e3o r\u00e1pida e eficiente imediatamente.<br \/>Robusto, fi\u00e1vel e com funcionalidades concebidas para uma utiliza\u00e7\u00e3o intensiva, o HP LP2475w \u00e9 uma excelente escolha para profissionais criativos, t\u00e9cnicos e utilizadores de escrit\u00f3rio que procuram uma combina\u00e7\u00e3o de resolu\u00e7\u00e3o melhorada, conectividade avan\u00e7ada e desempenho consistente no seu ambiente de trabalho.<br \/>Boa apar\u00eancia exterior. Pode apresentar ligeiros sinais de uso na caixa. Caso tenha alguma d\u00favida, ligue-nos ou utilize o nosso chat para obter mais informa\u00e7\u00f5es ou solicitar mais detalhes.<br \/><strong>Coment\u00e1rios<\/strong><br \/><u>Cabo atual e DisplayPort inclu\u00eddo<\/u><\/p>\n","protected":false},"excerpt":{"rendered":"<p>LCD 24 &#8221; FullHD 16:10\u00b7 Dot pitch 0.270 mm \u00b7 Resposta 6 ms \u00b7 Contraste 1000:1 \u00b7 Brilho 400 cd\/m2\u00b7 HDMI \u00b7 Display Port \u00b7 2x DVI \u00b7<br \/>\n<u>Cabo atual e DisplayPort inclu\u00eddo<br \/>\n<\/u> [&#8230;]<\/p>\n<p><a class=\"btn btn-secondary understrap-read-more-link\" href=\"https:\/\/digalco.com\/pt-pt\/produto\/hp-lp2475w-24-lcd-1610-recondicionado-1920x1200-pt-2756\/\">Continuar a ler&#8230;<span class=\"screen-reader-text\"> from HP LP2475W 24&#8221; LCD 16:10 | Recondicionado | 1920&#215;1200<\/span><\/a><\/p>\n","protected":false},"featured_media":249484,"template":"","meta":[],"product_brand":[3854],"product_cat":[1491,2389],"product_tag":[],"class_list":{"0":"post-249505","1":"product","2":"type-product","3":"status-publish","4":"has-post-thumbnail","6":"product_brand-hp","7":"product_cat-monitores-pt","8":"product_cat-monitores-24-pt","10":"first","11":"instock","12":"taxable","13":"shipping-taxable","14":"purchasable","15":"product-type-simple"},"bundled_by":[],"bundle_stock_status":"instock","bundle_stock_quantity":1,"bundle_virtual":false,"bundle_layout":"","bundle_add_to_cart_form_location":"","bundle_editable_in_cart":false,"bundle_sold_individually_context":"","bundle_item_grouping":"","bundle_min_size":"","bundle_max_size":"","bundle_price":[],"bundled_items":[],"bundle_sell_ids":[],"exclude_global_add_ons":true,"addons":{"webcam-upgrades":{"name":"Extens\u00e3o Webcam","type":"multiple_choice","position":0,"required":false,"title_format":"heading","default":"","description_enable":false,"description":"","placeholder_enable":false,"placeholder":"","display":"radiobutton","restrictions_type":"any_text","adjust_price":false,"price":"","price_type":"quantity_based","restrictions":false,"min":"0","max":"0","options":[{"label":"Conceptronic AMDIS FullHD [AMP00085]","price":"29.0000","price_type":"quantity_based","image":0,"visibility":true}]},"hdmi-upgrades":{"name":"Extens\u00e3o cabo","type":"multiple_choice","position":0,"required":false,"title_format":"heading","default":"","description_enable":false,"description":"","placeholder_enable":false,"placeholder":"","display":"radiobutton","restrictions_type":"any_text","adjust_price":false,"price":"","price_type":"quantity_based","restrictions":false,"min":"0","max":"0","options":[{"label":"Cabo HDMI 2 mts. [AMP00104]","price":"6.0000","price_type":"quantity_based","image":0,"visibility":true},{"label":"Cabo DVI-D M \/ M Dual Link 1,8 mts. [AMP00102]","price":"2.0000","price_type":"quantity_based","image":0,"visibility":true}]}},"df_price":80,"df_sale_price":"","df_regular_price":80,"df_image_link":"https:\/\/digalco.com\/wp-content\/uploads\/images\/product\/2756\/hp00593_01-300x225.jpg","_links":{"self":[{"href":"https:\/\/digalco.com\/pt-pt\/wp-json\/wp\/v2\/product\/249505","targetHints":{"allow":["GET"]}}],"collection":[{"href":"https:\/\/digalco.com\/pt-pt\/wp-json\/wp\/v2\/product"}],"about":[{"href":"https:\/\/digalco.com\/pt-pt\/wp-json\/wp\/v2\/types\/product"}],"wp:featuredmedia":[{"embeddable":true,"href":"https:\/\/digalco.com\/pt-pt\/wp-json\/wp\/v2\/media\/249484"}],"wp:attachment":[{"href":"https:\/\/digalco.com\/pt-pt\/wp-json\/wp\/v2\/media?parent=249505"}],"wp:term":[{"taxonomy":"product_brand","embeddable":true,"href":"https:\/\/digalco.com\/pt-pt\/wp-json\/wp\/v2\/product_brand?post=249505"},{"taxonomy":"product_cat","embeddable":true,"href":"https:\/\/digalco.com\/pt-pt\/wp-json\/wp\/v2\/product_cat?post=249505"},{"taxonomy":"product_tag","embeddable":true,"href":"https:\/\/digalco.com\/pt-pt\/wp-json\/wp\/v2\/product_tag?post=249505"}],"curies":[{"name":"wp","href":"https:\/\/api.w.org\/{rel}","templated":true}]}}