{"id":249988,"date":"2025-04-24T16:30:28","date_gmt":"2025-04-24T14:30:28","guid":{"rendered":"https:\/\/digalco.com\/tienda\/hp-elitedisplay-e232-kit-recondicionado-pt-13562\/"},"modified":"2026-04-15T09:41:51","modified_gmt":"2026-04-15T07:41:51","slug":"hp-elitedisplay-e232-kit-recondicionado-pt-13562","status":"publish","type":"product","link":"https:\/\/digalco.com\/pt-pt\/produto\/hp-elitedisplay-e232-kit-recondicionado-pt-13562\/","title":{"rendered":"HP EliteDisplay E232 Kit | Recondicionado"},"content":{"rendered":"<p><strong>Tela<\/strong><br \/>Led 23 &#8221; FullHD 16:9 \u00b7 Resolu\u00e7\u00e3o 1920&#215;1080<br \/>Dot pitch 0.265 mm<br \/>Resposta 7 ms<br \/>Contraste 1000:1<br \/>Brilho 250 cd\/m2<br \/>\u00c2ngulo vis\u00e3o 178\u00b0v\/178\u00b0h<br \/><strong>Portas de v\u00eddeo<\/strong><br \/>VGA<br \/>HDMI<br \/>Display Port<br \/><strong>Espec\u00edfico tela<\/strong><br \/>Apoio VESA<br \/>Pedestal<br \/>Regul\u00e1vel em altura<br \/><strong>Outros<\/strong><br \/>hR embalagens<br \/><strong>Dimens\u00f5es<\/strong><br \/>55&#215;36.5&#215;19 cm.<br \/><strong>Peso<\/strong><br \/>5.40 Kg.<br \/><strong>Coment\u00e1rios:<\/strong><br \/>Kit composto por 2 ecr\u00e3s HP EliteDisplay E232 com suporte duplo.<br \/><strong>Especifica\u00e7\u00f5es adicionais<\/strong><br \/>Boa apar\u00eancia exterior. D\u00ea uma vista de olhos a \u201c+ Fotos\u201d e se tiver alguma d\u00favida, ligue-nos ou utilize o nosso chat para obter mais informa\u00e7\u00f5es ou solicitar mais detalhes.<\/p>\n","protected":false},"excerpt":{"rendered":"<p><strong>2 unidades: <\/strong>Led 23 &#8221; FullHD 16:9 \u00b7 Dot pitch 0.265 mm \u00b7 Resposta 7 ms \u00b7 Contraste 1000:1 \u00b7 Brilho 250 cd\/m2\u00b7 VGA \u00b7 HDMI \u00b7 Display Port \u00b7<u>Cabos de alimenta\u00e7\u00e3o e 2 DisplayPorts inclu\u00eddos &#8211; 2xUSB 2.0<\/u> [&#8230;]<\/p>\n<p><a class=\"btn btn-secondary understrap-read-more-link\" href=\"https:\/\/digalco.com\/pt-pt\/produto\/hp-elitedisplay-e232-kit-recondicionado-pt-13562\/\">Continuar a ler&#8230;<span class=\"screen-reader-text\"> from HP EliteDisplay E232 Kit | Recondicionado<\/span><\/a><\/p>\n","protected":false},"featured_media":249967,"template":"","meta":[],"product_brand":[3854],"product_cat":[2385,1491],"product_tag":[],"class_list":{"0":"post-249988","1":"product","2":"type-product","3":"status-publish","4":"has-post-thumbnail","6":"product_brand-hp","7":"product_cat-monitores-23-pt","8":"product_cat-monitores-pt","10":"first","11":"instock","12":"taxable","13":"shipping-taxable","14":"purchasable","15":"product-type-simple"},"bundled_by":[],"bundle_stock_status":"instock","bundle_stock_quantity":92,"bundle_virtual":false,"bundle_layout":"","bundle_add_to_cart_form_location":"","bundle_editable_in_cart":false,"bundle_sold_individually_context":"","bundle_item_grouping":"","bundle_min_size":"","bundle_max_size":"","bundle_price":[],"bundled_items":[],"bundle_sell_ids":[],"exclude_global_add_ons":[],"addons":[],"df_price":207,"df_sale_price":"","df_regular_price":207,"df_image_link":"https:\/\/digalco.com\/wp-content\/uploads\/images\/product\/13562\/hp02995_01-300x225.jpg","_links":{"self":[{"href":"https:\/\/digalco.com\/pt-pt\/wp-json\/wp\/v2\/product\/249988","targetHints":{"allow":["GET"]}}],"collection":[{"href":"https:\/\/digalco.com\/pt-pt\/wp-json\/wp\/v2\/product"}],"about":[{"href":"https:\/\/digalco.com\/pt-pt\/wp-json\/wp\/v2\/types\/product"}],"wp:featuredmedia":[{"embeddable":true,"href":"https:\/\/digalco.com\/pt-pt\/wp-json\/wp\/v2\/media\/249967"}],"wp:attachment":[{"href":"https:\/\/digalco.com\/pt-pt\/wp-json\/wp\/v2\/media?parent=249988"}],"wp:term":[{"taxonomy":"product_brand","embeddable":true,"href":"https:\/\/digalco.com\/pt-pt\/wp-json\/wp\/v2\/product_brand?post=249988"},{"taxonomy":"product_cat","embeddable":true,"href":"https:\/\/digalco.com\/pt-pt\/wp-json\/wp\/v2\/product_cat?post=249988"},{"taxonomy":"product_tag","embeddable":true,"href":"https:\/\/digalco.com\/pt-pt\/wp-json\/wp\/v2\/product_tag?post=249988"}],"curies":[{"name":"wp","href":"https:\/\/api.w.org\/{rel}","templated":true}]}}