{"id":250538,"date":"2025-04-29T12:44:37","date_gmt":"2025-04-29T10:44:37","guid":{"rendered":"https:\/\/digalco.com\/tienda\/hp-dreamcolor-z32x-32-led-169-recondicionado-3840x2160-pt-13542\/"},"modified":"2026-01-26T09:20:07","modified_gmt":"2026-01-26T08:20:07","slug":"hp-dreamcolor-z32x-32-led-169-recondicionado-3840x2160-pt-13542","status":"publish","type":"product","link":"https:\/\/digalco.com\/pt-pt\/produto\/hp-dreamcolor-z32x-32-led-169-recondicionado-3840x2160-pt-13542\/","title":{"rendered":"HP DreamColor Z32X 32&#8221; Led 16:9 | Recondicionado | 3840&#215;2160"},"content":{"rendered":"<p><strong>Tela<\/strong><br \/>Led 32 &#8221; 4K 16:9 \u00b7 Resolu\u00e7\u00e3o 3840&#215;2160<br \/>Dot pitch 0.182 mm<br \/>Resposta 8 ms<br \/>Contraste 1000:1<br \/>Brilho 300 cd\/m2<br \/>\u00c2ngulo vis\u00e3o 178\u00b0v\/178\u00b0h<br \/><strong>Portas de v\u00eddeo<\/strong><br \/>2x HDMI<br \/>Display Port<br \/>Mini Display Port<br \/><strong>Espec\u00edfico tela<\/strong><br \/>Apoio VESA<br \/>Pedestal<br \/>Regul\u00e1vel em altura<br \/><strong>Outros<\/strong><br \/>hR embalagens<br \/><strong>Dimens\u00f5es<\/strong><br \/>74&#215;47.7&#215;24.5 cm.<br \/><strong>Peso<\/strong><br \/>11.00 Kg.<br \/><strong>Especifica\u00e7\u00f5es adicionais<\/strong><br \/>O HP DreamColor Z32x \u00e9 um monitor profissional de 32 polegadas que oferece uma experi\u00eancia visual superior gra\u00e7as \u00e0 sua resolu\u00e7\u00e3o 4K UHD (3840&#215;2160) e \u00e0 avan\u00e7ada tecnologia DreamColor, concebido para quem exige a m\u00e1xima fidelidade de cores. Com um passo de ponto de 0,182 mm, um brilho de 300 cd\/m\u00b2, uma rela\u00e7\u00e3o de contraste de 1000:1 e \u00e2ngulos de vis\u00e3o ultra-amplos de 178\u00b0\/178\u00b0, garante imagens incrivelmente n\u00edtidas e cores perfeitamente equilibradas para cada tarefa.A sua conectividade abrangente inclui duas portas HDMI, DisplayPort, Mini DisplayPort e quatro USB 3.0, proporcionando flexibilidade para ligar v\u00e1rios dispositivos e otimizar o seu espa\u00e7o de trabalho criativo. Vem com um cabo de alimenta\u00e7\u00e3o e DisplayPort inclu\u00eddos, pronto para integrar imediatamente em qualquer ambiente profissional.O monitor HP DreamColor Z32x \u00e9 a escolha ideal para criadores de conte\u00fados, designers e profissionais de imagem que exigem precis\u00e3o, ecr\u00e3 panor\u00e2mico e qualidade 4K real para cada projeto.Boa apar\u00eancia exterior. Caso tenha alguma d\u00favida, ligue-nos ou utilize o nosso chat para obter mais informa\u00e7\u00f5es ou solicitar mais detalhes.<br \/><strong>Coment\u00e1rios<\/strong><br \/><u>4xUSB 3.0 &#8211; Cabo de alimenta\u00e7\u00e3o e DisplayPort inclu\u00eddos<\/u><\/p>\n","protected":false},"excerpt":{"rendered":"<p>Led 32 &#8221; 4K 16:9\u00b7 Dot pitch 0.182 mm \u00b7 Resposta 8 ms \u00b7 Contraste 1000:1 \u00b7 Brilho 300 cd\/m2\u00b7 2x HDMI \u00b7 Display Port \u00b7 Mini Display Port \u00b7<br \/>\n<u>4xUSB 3.0<\/u> &#8211; <u>Cabo de alimenta\u00e7\u00e3o e DisplayPort inclu\u00eddos<br \/>\n<\/u> [&#8230;]<\/p>\n<p><a class=\"btn btn-secondary understrap-read-more-link\" href=\"https:\/\/digalco.com\/pt-pt\/produto\/hp-dreamcolor-z32x-32-led-169-recondicionado-3840x2160-pt-13542\/\">Continuar a ler&#8230;<span class=\"screen-reader-text\"> from HP DreamColor Z32X 32&#8221; Led 16:9 | Recondicionado | 3840&#215;2160<\/span><\/a><\/p>\n","protected":false},"featured_media":250517,"template":"","meta":[],"product_brand":[3854],"product_cat":[2389,2393,3105,1491],"product_tag":[],"class_list":{"0":"post-250538","1":"product","2":"type-product","3":"status-publish","4":"has-post-thumbnail","6":"product_brand-hp","7":"product_cat-monitores-24-pt","8":"product_cat-monitores-27-pt","9":"product_cat-monitores-mais-de-27-pt","10":"product_cat-monitores-pt","12":"first","13":"instock","14":"taxable","15":"shipping-taxable","16":"purchasable","17":"product-type-simple"},"bundled_by":[],"bundle_stock_status":"instock","bundle_stock_quantity":14,"bundle_virtual":false,"bundle_layout":"","bundle_add_to_cart_form_location":"","bundle_editable_in_cart":false,"bundle_sold_individually_context":"","bundle_item_grouping":"","bundle_min_size":"","bundle_max_size":"","bundle_price":[],"bundled_items":[],"bundle_sell_ids":[],"exclude_global_add_ons":true,"addons":{"webcam-upgrades":{"name":"Extens\u00e3o Webcam","type":"multiple_choice","position":0,"required":false,"title_format":"heading","default":"","description_enable":false,"description":"","placeholder_enable":false,"placeholder":"","display":"radiobutton","restrictions_type":"any_text","adjust_price":false,"price":"","price_type":"quantity_based","restrictions":false,"min":"0","max":"0","options":[{"label":"Conceptronic AMDIS FullHD [AMP00085]","price":"29.0000","price_type":"quantity_based","image":0,"visibility":true}]},"hdmi-upgrades":{"name":"Extens\u00e3o cabo","type":"multiple_choice","position":0,"required":false,"title_format":"heading","default":"","description_enable":false,"description":"","placeholder_enable":false,"placeholder":"","display":"radiobutton","restrictions_type":"any_text","adjust_price":false,"price":"","price_type":"quantity_based","restrictions":false,"min":"0","max":"0","options":[{"label":"Cabo HDMI 2 mts. [AMP00104]","price":"6.0000","price_type":"quantity_based","image":0,"visibility":true}]}},"df_price":473,"df_sale_price":"","df_regular_price":473,"df_image_link":"https:\/\/digalco.com\/wp-content\/uploads\/images\/product\/13542\/hp02987_01-300x225.jpg","_links":{"self":[{"href":"https:\/\/digalco.com\/pt-pt\/wp-json\/wp\/v2\/product\/250538","targetHints":{"allow":["GET"]}}],"collection":[{"href":"https:\/\/digalco.com\/pt-pt\/wp-json\/wp\/v2\/product"}],"about":[{"href":"https:\/\/digalco.com\/pt-pt\/wp-json\/wp\/v2\/types\/product"}],"wp:featuredmedia":[{"embeddable":true,"href":"https:\/\/digalco.com\/pt-pt\/wp-json\/wp\/v2\/media\/250517"}],"wp:attachment":[{"href":"https:\/\/digalco.com\/pt-pt\/wp-json\/wp\/v2\/media?parent=250538"}],"wp:term":[{"taxonomy":"product_brand","embeddable":true,"href":"https:\/\/digalco.com\/pt-pt\/wp-json\/wp\/v2\/product_brand?post=250538"},{"taxonomy":"product_cat","embeddable":true,"href":"https:\/\/digalco.com\/pt-pt\/wp-json\/wp\/v2\/product_cat?post=250538"},{"taxonomy":"product_tag","embeddable":true,"href":"https:\/\/digalco.com\/pt-pt\/wp-json\/wp\/v2\/product_tag?post=250538"}],"curies":[{"name":"wp","href":"https:\/\/api.w.org\/{rel}","templated":true}]}}