{"id":251647,"date":"2025-05-06T16:33:02","date_gmt":"2025-05-06T14:33:02","guid":{"rendered":"https:\/\/digalco.com\/tienda\/nec-ea244wmi-blanco-24-led-1610-recondicionado-1920x1200-pt-3461\/"},"modified":"2026-01-06T17:05:48","modified_gmt":"2026-01-06T16:05:48","slug":"nec-ea244wmi-blanco-24-led-1610-recondicionado-1920x1200-pt-3461","status":"publish","type":"product","link":"https:\/\/digalco.com\/pt-pt\/produto\/nec-ea244wmi-blanco-24-led-1610-recondicionado-1920x1200-pt-3461\/","title":{"rendered":"NEC EA244WMi Blanco 24&#8221; Led 16:10 | Recondicionado | 1920&#215;1200"},"content":{"rendered":"<p><strong>Tela<\/strong><br \/>Led 24 &#8221; FullHD com Alto-falantes \u00b7  16:10  \u00b7 Resolu\u00e7\u00e3o 1920&#215;1200<br \/>Dot pitch 0.27 mm<br \/>Resposta 5 ms<br \/>Contraste 1000:1<br \/>Brilho 350 cd\/m2<br \/>\u00c2ngulo vis\u00e3o 178\u00b0v\/178\u00b0h<br \/><strong>Portas de v\u00eddeo<\/strong><br \/>VGA<br \/>HDMI<br \/>Display Port<br \/>DVI<br \/><strong>Espec\u00edfico tela<\/strong><br \/>Apoio VESA<br \/>Pedestal<br \/>Regul\u00e1vel em altura<br \/><strong>Outros<\/strong><br \/>hR embalagens<br \/><strong>Dimens\u00f5es<\/strong><br \/>55.5x41x22 cm.<br \/><strong>Peso<\/strong><br \/>7.55 Kg.<br \/><strong>Especifica\u00e7\u00f5es adicionais<\/strong><br \/>O NEC EA244WMi em branco \u00e9 um monitor LED de 24 polegadas concebido para oferecer precis\u00e3o visual, conectividade abrangente e est\u00e9tica refinada em espa\u00e7os profissionais. O seu painel com uma resolu\u00e7\u00e3o de 1920&#215;1200 no formato 16:10 oferece uma \u00e1rea de trabalho vertical mais ampla do que o Full HD padr\u00e3o, ideal para edi\u00e7\u00e3o, design ou tarefas intensivas de produtividade. Gra\u00e7as \u00e0 tecnologia IPS, oferece uma reprodu\u00e7\u00e3o de cores precisa e uniforme a partir de qualquer \u00e2ngulo (178\u00b0\/178\u00b0), com um elevado brilho de 350 cd\/m\u00b2, um contraste de 1000:1 e um passo de ponto de 0,27 mm para uma imagem n\u00edtida e detalhada.<br \/>Este modelo inclui altifalantes integrados e diversas op\u00e7\u00f5es de liga\u00e7\u00e3o, como VGA, HDMI, DisplayPort e DVI, facilitando a integra\u00e7\u00e3o com uma grande variedade de dispositivos. Vem com cabos de alimenta\u00e7\u00e3o e VGA inclu\u00eddos para uma instala\u00e7\u00e3o r\u00e1pida e f\u00e1cil.<br \/>O NEC EA244WMi White \u00e9 a escolha ideal para profissionais que procuram desempenho visual, conectividade vers\u00e1til e um design moderno que combina perfeitamente com ambientes de escrit\u00f3rio ou est\u00fadio.<br \/>Boa apar\u00eancia exterior. Caso tenha alguma d\u00favida, ligue-nos ou utilize o nosso chat para obter mais informa\u00e7\u00f5es ou solicitar mais detalhes.<br \/><strong>Coment\u00e1rios<\/strong><br \/><u>Cabo de alimenta\u00e7\u00e3o e VGA inclu\u00eddos<\/u><\/p>\n","protected":false},"excerpt":{"rendered":"<p>Led 24 &#8221; FullHD com Alto-falantes \u00b7 16:10\u00b7 Dot pitch 0.27 mm \u00b7 Resposta 5 ms \u00b7 Contraste 1000:1 \u00b7 Brilho 350 cd\/m2\u00b7 VGA \u00b7 HDMI \u00b7 Display Port \u00b7 DVI \u00b7<br \/>\n<u>Cabo de alimenta\u00e7\u00e3o e VGA inclu\u00eddos<br \/>\n<\/u> [&#8230;]<\/p>\n<p><a class=\"btn btn-secondary understrap-read-more-link\" href=\"https:\/\/digalco.com\/pt-pt\/produto\/nec-ea244wmi-blanco-24-led-1610-recondicionado-1920x1200-pt-3461\/\">Continuar a ler&#8230;<span class=\"screen-reader-text\"> from NEC EA244WMi Blanco 24&#8221; Led 16:10 | Recondicionado | 1920&#215;1200<\/span><\/a><\/p>\n","protected":false},"featured_media":251626,"template":"","meta":[],"product_brand":[3889],"product_cat":[2389,1491],"product_tag":[],"class_list":{"0":"post-251647","1":"product","2":"type-product","3":"status-publish","4":"has-post-thumbnail","6":"product_brand-nec","7":"product_cat-monitores-24-pt","8":"product_cat-monitores-pt","10":"first","11":"instock","12":"taxable","13":"shipping-taxable","14":"purchasable","15":"product-type-simple"},"bundled_by":[],"bundle_stock_status":"instock","bundle_stock_quantity":22,"bundle_virtual":false,"bundle_layout":"","bundle_add_to_cart_form_location":"","bundle_editable_in_cart":false,"bundle_sold_individually_context":"","bundle_item_grouping":"","bundle_min_size":"","bundle_max_size":"","bundle_price":[],"bundled_items":[],"bundle_sell_ids":[],"exclude_global_add_ons":true,"addons":{"webcam-upgrades":{"name":"Extens\u00e3o Webcam","type":"multiple_choice","position":0,"required":false,"title_format":"heading","default":"","description_enable":false,"description":"","placeholder_enable":false,"placeholder":"","display":"radiobutton","restrictions_type":"any_text","adjust_price":false,"price":"","price_type":"quantity_based","restrictions":false,"min":"0","max":"0","options":[{"label":"Conceptronic AMDIS FullHD [AMP00085]","price":"29.0000","price_type":"quantity_based","image":0,"visibility":true}]},"hdmi-upgrades":{"name":"Extens\u00e3o cabo","type":"multiple_choice","position":0,"required":false,"title_format":"heading","default":"","description_enable":false,"description":"","placeholder_enable":false,"placeholder":"","display":"radiobutton","restrictions_type":"any_text","adjust_price":false,"price":"","price_type":"quantity_based","restrictions":false,"min":"0","max":"0","options":[{"label":"Cabo DVI-D M \/ M Dual Link 1,8 mts. [AMP00102]","price":"2.0000","price_type":"quantity_based","image":0,"visibility":true},{"label":"DisplayPort para cabo DisplayPort 1,8 mts. [AMP00103]","price":"8.0000","price_type":"quantity_based","image":0,"visibility":true},{"label":"Cabo HDMI 2 mts. [AMP00104]","price":"6.0000","price_type":"quantity_based","image":0,"visibility":true}]}},"df_price":69,"df_sale_price":"","df_regular_price":69,"df_image_link":"https:\/\/digalco.com\/wp-content\/uploads\/images\/product\/3461\/nec00009_01-300x225.jpg","_links":{"self":[{"href":"https:\/\/digalco.com\/pt-pt\/wp-json\/wp\/v2\/product\/251647","targetHints":{"allow":["GET"]}}],"collection":[{"href":"https:\/\/digalco.com\/pt-pt\/wp-json\/wp\/v2\/product"}],"about":[{"href":"https:\/\/digalco.com\/pt-pt\/wp-json\/wp\/v2\/types\/product"}],"wp:featuredmedia":[{"embeddable":true,"href":"https:\/\/digalco.com\/pt-pt\/wp-json\/wp\/v2\/media\/251626"}],"wp:attachment":[{"href":"https:\/\/digalco.com\/pt-pt\/wp-json\/wp\/v2\/media?parent=251647"}],"wp:term":[{"taxonomy":"product_brand","embeddable":true,"href":"https:\/\/digalco.com\/pt-pt\/wp-json\/wp\/v2\/product_brand?post=251647"},{"taxonomy":"product_cat","embeddable":true,"href":"https:\/\/digalco.com\/pt-pt\/wp-json\/wp\/v2\/product_cat?post=251647"},{"taxonomy":"product_tag","embeddable":true,"href":"https:\/\/digalco.com\/pt-pt\/wp-json\/wp\/v2\/product_tag?post=251647"}],"curies":[{"name":"wp","href":"https:\/\/api.w.org\/{rel}","templated":true}]}}