{"id":253616,"date":"2025-05-16T09:09:26","date_gmt":"2025-05-16T07:09:26","guid":{"rendered":"https:\/\/digalco.com\/tienda\/telefone-celular-apple-iphone-7-black-recondicionado-pt-13315\/"},"modified":"2025-10-02T13:38:48","modified_gmt":"2025-10-02T11:38:48","slug":"telefone-celular-apple-iphone-7-black-recondicionado-pt-13315","status":"publish","type":"product","link":"https:\/\/digalco.com\/pt-pt\/produto\/telefone-celular-apple-iphone-7-black-recondicionado-pt-13315\/","title":{"rendered":"Telefone celular Apple iPhone 7 Black | Recondicionado"},"content":{"rendered":"<p><strong>Processador:<\/strong><br \/>Apple A10 Fusion<br \/><strong>Mem\u00f3ria:<\/strong><br \/>2 GB de RAM<br \/><strong>Armazenar:<\/strong><br \/>Mem\u00f3ria Flash de 32 GB<br \/><strong>Ecr\u00e3:<\/strong><br \/>RetinaHD. LCD IPS multitoque de 4,7&#8243;<br \/><strong>ID de toque:<\/strong><br \/>Sensor de identidade de impress\u00e3o digital integrado no bot\u00e3o home<br \/><strong>C\u00e2mara:<\/strong><br \/>C\u00e2mara de 12 Mpx. Grava\u00e7\u00e3o de v\u00eddeo 4K<br \/><strong>C\u00e2mara FaceTime HD:<\/strong><br \/>C\u00e2mara de 7 Mpx<br \/><strong>Conectividade:<\/strong><br \/>Wi-Fi, Bluetooth, 4G, GPS<br \/><strong>Modelo:<\/strong><br \/>Modelo A1396 (2011)<br \/><strong>Sistema operativo:<\/strong><br \/>iOS 9.3.5<br \/><strong>Cor:<\/strong><br \/>Preto<br \/><strong>Dimens\u00f5es:<\/strong><br \/>13,83 cm x 6,71 cm &#8211; 0,71 cm<br \/><strong>Peso:<\/strong><br \/>138 gramas.<br \/><strong>Outros:<\/strong><br \/>Inclui cabo rel\u00e2mpago<\/p>\n","protected":false},"excerpt":{"rendered":"<p>Apple A10 Fusion &#8211; 2 GB de RAM &#8211; 32 GB de Flash &#8211; Ecr\u00e3 Retina Multi-Touch de 4,7&#8243; &#8211; C\u00e2mara de 12 MP e grava\u00e7\u00e3o em 4K &#8211; C\u00e2mara FaceTime HD &#8211; Wi-Fi &#8211; Bluetooth &#8211; 4G &#8211; GPS &#8211; Modelo A1396 (2011) &#8211; iOS 9.3. 5 &#8211; Preto [&#8230;]<\/p>\n<p><a class=\"btn btn-secondary understrap-read-more-link\" href=\"https:\/\/digalco.com\/pt-pt\/produto\/telefone-celular-apple-iphone-7-black-recondicionado-pt-13315\/\">Continuar a ler&#8230;<span class=\"screen-reader-text\"> from Telefone celular Apple iPhone 7 Black | Recondicionado<\/span><\/a><\/p>\n","protected":false},"featured_media":253606,"template":"","meta":[],"product_brand":[3857],"product_cat":[3815,3815,1431,1431],"product_tag":[],"class_list":{"0":"post-253616","1":"product","2":"type-product","3":"status-publish","4":"has-post-thumbnail","6":"product_brand-apple","7":"product_cat-apple-iphone-pt","9":"product_cat-apple-pt","12":"first","13":"instock","14":"taxable","15":"shipping-taxable","16":"purchasable","17":"product-type-simple"},"bundled_by":[],"bundle_stock_status":"instock","bundle_stock_quantity":24,"bundle_virtual":false,"bundle_layout":"","bundle_add_to_cart_form_location":"","bundle_editable_in_cart":false,"bundle_sold_individually_context":"","bundle_item_grouping":"","bundle_min_size":"","bundle_max_size":"","bundle_price":[],"bundled_items":[],"bundle_sell_ids":[],"exclude_global_add_ons":[],"addons":[],"df_price":75,"df_sale_price":"","df_regular_price":75,"df_image_link":"https:\/\/digalco.com\/wp-content\/uploads\/images\/product\/13315\/appl00590_01-300x225.jpg","_links":{"self":[{"href":"https:\/\/digalco.com\/pt-pt\/wp-json\/wp\/v2\/product\/253616","targetHints":{"allow":["GET"]}}],"collection":[{"href":"https:\/\/digalco.com\/pt-pt\/wp-json\/wp\/v2\/product"}],"about":[{"href":"https:\/\/digalco.com\/pt-pt\/wp-json\/wp\/v2\/types\/product"}],"wp:featuredmedia":[{"embeddable":true,"href":"https:\/\/digalco.com\/pt-pt\/wp-json\/wp\/v2\/media\/253606"}],"wp:attachment":[{"href":"https:\/\/digalco.com\/pt-pt\/wp-json\/wp\/v2\/media?parent=253616"}],"wp:term":[{"taxonomy":"product_brand","embeddable":true,"href":"https:\/\/digalco.com\/pt-pt\/wp-json\/wp\/v2\/product_brand?post=253616"},{"taxonomy":"product_cat","embeddable":true,"href":"https:\/\/digalco.com\/pt-pt\/wp-json\/wp\/v2\/product_cat?post=253616"},{"taxonomy":"product_tag","embeddable":true,"href":"https:\/\/digalco.com\/pt-pt\/wp-json\/wp\/v2\/product_tag?post=253616"}],"curies":[{"name":"wp","href":"https:\/\/api.w.org\/{rel}","templated":true}]}}