{"id":255056,"date":"2025-05-22T10:57:56","date_gmt":"2025-05-22T08:57:56","guid":{"rendered":"https:\/\/digalco.com\/tienda\/samsung-2243wm-22-tft-1610-recondicionado-1680x1050-pt-2311\/"},"modified":"2025-05-22T10:58:00","modified_gmt":"2025-05-22T08:58:00","slug":"samsung-2243wm-22-tft-1610-recondicionado-1680x1050-pt-2311","status":"publish","type":"product","link":"https:\/\/digalco.com\/pt-pt\/produto\/samsung-2243wm-22-tft-1610-recondicionado-1680x1050-pt-2311\/","title":{"rendered":"Samsung 2243WM 22&#8221; TFT 16:10 | Recondicionado | 1680&#215;1050"},"content":{"rendered":"<p><strong>Tela<\/strong><br \/>TFT 22 &#8221; HD com Alto-falantes \u00b7  16:10  \u00b7 Resolu\u00e7\u00e3o 1680&#215;1050<br \/>Dot pitch 0.282 mm<br \/>Resposta 5 ms<br \/>Brilho 300 cd\/m2<br \/>\u00c2ngulo vis\u00e3o 170\u00b0v\/160\u00b0h<br \/><strong>Portas de v\u00eddeo<\/strong><br \/>VGA<br \/>DVI<br \/><strong>Espec\u00edfico tela<\/strong><br \/>Pedestal<br \/>Regul\u00e1vel em altura<br \/><strong>Outros<\/strong><br \/>hR embalagens<br \/><strong>Dimens\u00f5es<\/strong><br \/>50&#215;37.5&#215;21 cm.<br \/><strong>Peso<\/strong><br \/>6.40 Kg.<br \/><strong>Especifica\u00e7\u00f5es adicionais<\/strong><br \/>O Samsung 2243WM \u00e9 um monitor TFT de 22 polegadas com um r\u00e1cio de 16:10 que oferece um ambiente de trabalho vertical maior em compara\u00e7\u00e3o com o padr\u00e3o 16:9, ideal para tarefas de escrit\u00f3rio, navega\u00e7\u00e3o na Web ou gest\u00e3o de documentos. A sua resolu\u00e7\u00e3o de 1680&#215;1050, combinada com um passo de ponto de 0,282 mm, proporciona uma imagem n\u00edtida e definida, enquanto o seu brilho de 300 cd\/m\u00b2 e o tempo de resposta de 5 ms garantem uma visualiza\u00e7\u00e3o suave e n\u00edtida. Inclui altifalantes integrados e uma fun\u00e7\u00e3o Pivot que permite que o ecr\u00e3 gire para se adequar a diferentes necessidades de utiliza\u00e7\u00e3o e espa\u00e7o.<br \/>O monitor oferece liga\u00e7\u00f5es VGA e DVI, tornando-o compat\u00edvel com uma grande variedade de equipamentos. Inclui cabos de alimenta\u00e7\u00e3o e VGA para arranque imediato.<br \/>O Samsung 2243WM \u00e9 uma op\u00e7\u00e3o funcional, robusta e adapt\u00e1vel, perfeita para ambientes profissionais onde a ergonomia, o desempenho visual e a versatilidade s\u00e3o valorizados.<br \/>Boa apar\u00eancia exterior. Pode apresentar ligeiros sinais de uso na caixa. Caso tenha alguma d\u00favida, ligue-nos ou utilize o nosso chat para obter mais informa\u00e7\u00f5es ou solicitar mais detalhes.<br \/><strong>Coment\u00e1rios<\/strong><br \/><u>Cabo atual e VGA inclu\u00eddo &#8211; fun\u00e7\u00e3o piv\u00f4<\/u><\/p>\n","protected":false},"excerpt":{"rendered":"<p>TFT 22 &#8221; HD com Alto-falantes \u00b7 16:10 \u00b7 Resolu\u00e7\u00e3o 1680&#215;1050 \u00b7 Dot pitch 0.282 mm \u00b7 Resposta 5 ms \u00b7 Brilho 300 cd\/m2\u00b7 VGA \u00b7 DVI \u00b7<br \/>\n<u>Cabo atual e VGA inclu\u00eddo &#8211; fun\u00e7\u00e3o piv\u00f4<br \/>\n<\/u> [&#8230;]<\/p>\n<p><a class=\"btn btn-secondary understrap-read-more-link\" href=\"https:\/\/digalco.com\/pt-pt\/produto\/samsung-2243wm-22-tft-1610-recondicionado-1680x1050-pt-2311\/\">Continuar a ler&#8230;<span class=\"screen-reader-text\"> from Samsung 2243WM 22&#8221; TFT 16:10 | Recondicionado | 1680&#215;1050<\/span><\/a><\/p>\n","protected":false},"featured_media":255035,"template":"","meta":[],"product_brand":[3868],"product_cat":[2381,1491],"product_tag":[],"class_list":{"0":"post-255056","1":"product","2":"type-product","3":"status-publish","4":"has-post-thumbnail","6":"product_brand-samsung","7":"product_cat-monitores-22-pt","8":"product_cat-monitores-pt","10":"first","11":"instock","12":"taxable","13":"shipping-taxable","14":"purchasable","15":"product-type-simple"},"bundled_by":[],"bundle_stock_status":"instock","bundle_stock_quantity":1,"bundle_virtual":false,"bundle_layout":"","bundle_add_to_cart_form_location":"","bundle_editable_in_cart":false,"bundle_sold_individually_context":"","bundle_item_grouping":"","bundle_min_size":"","bundle_max_size":"","bundle_price":[],"bundled_items":[],"bundle_sell_ids":[],"exclude_global_add_ons":[],"addons":[],"df_price":64,"df_sale_price":"","df_regular_price":64,"df_image_link":"https:\/\/digalco.com\/wp-content\/uploads\/images\/product\/2311\/sam00008_01-300x225.jpg","_links":{"self":[{"href":"https:\/\/digalco.com\/pt-pt\/wp-json\/wp\/v2\/product\/255056","targetHints":{"allow":["GET"]}}],"collection":[{"href":"https:\/\/digalco.com\/pt-pt\/wp-json\/wp\/v2\/product"}],"about":[{"href":"https:\/\/digalco.com\/pt-pt\/wp-json\/wp\/v2\/types\/product"}],"wp:featuredmedia":[{"embeddable":true,"href":"https:\/\/digalco.com\/pt-pt\/wp-json\/wp\/v2\/media\/255035"}],"wp:attachment":[{"href":"https:\/\/digalco.com\/pt-pt\/wp-json\/wp\/v2\/media?parent=255056"}],"wp:term":[{"taxonomy":"product_brand","embeddable":true,"href":"https:\/\/digalco.com\/pt-pt\/wp-json\/wp\/v2\/product_brand?post=255056"},{"taxonomy":"product_cat","embeddable":true,"href":"https:\/\/digalco.com\/pt-pt\/wp-json\/wp\/v2\/product_cat?post=255056"},{"taxonomy":"product_tag","embeddable":true,"href":"https:\/\/digalco.com\/pt-pt\/wp-json\/wp\/v2\/product_tag?post=255056"}],"curies":[{"name":"wp","href":"https:\/\/api.w.org\/{rel}","templated":true}]}}