{"id":257916,"date":"2025-06-05T16:29:29","date_gmt":"2025-06-05T14:29:29","guid":{"rendered":"https:\/\/digalco.com\/tienda\/impressora-pos-termica-epson-tm-t88iv-usb-recondicionado-pt-13716\/"},"modified":"2025-10-09T08:52:50","modified_gmt":"2025-10-09T06:52:50","slug":"impressora-pos-termica-epson-tm-t88iv-usb-recondicionado-pt-13716","status":"publish","type":"product","link":"https:\/\/digalco.com\/pt-pt\/produto\/impressora-pos-termica-epson-tm-t88iv-usb-recondicionado-pt-13716\/","title":{"rendered":"Impressora POS T\u00e9rmica Epson TM-T88IV USB | Recondicionado"},"content":{"rendered":"<p><strong>Tecnologia<\/strong><br \/>T\u00e9rmica<br \/><strong>C\u00f3pias<\/strong><br \/>Velocidade de impress\u00e3o 200 mm\/s<br \/>Caracteres por polegada 20<br \/><strong>Manuseio de papel<\/strong><br \/>Largura do papel 83mm<br \/>Corte autom\u00e1tico<br \/><strong>Conectividade impressora<\/strong><br \/>USB, Abertura gaveta<br \/><strong>Dimens\u00f5es<\/strong><br \/>19&#215;14.5&#215;15 cm.<br \/><strong>Peso<\/strong><br \/>2.00 Kg.<br \/><strong>Especifica\u00e7\u00f5es adicionais<\/strong><br \/>Excelente apar\u00eancia exterior. Veja &#8220;+ Fotos&#8221; e, se tiver alguma d\u00favida, ligue-nos ou utilize o nosso chat para obter mais informa\u00e7\u00f5es ou solicitar mais detalhes.<\/p>\n","protected":false},"excerpt":{"rendered":"<p>T\u00e9rmica \u00b7 Largura do papel 83mm \u00b7 Corte autom\u00e1tico \u00b7 Velocidade de impress\u00e3o 200 mm\/s \u00b7 Caracteres por polegada 20 \u00b7 USB, Abertura gaveta \u00b7 Caixa cor branco [&#8230;]<\/p>\n<p><a class=\"btn btn-secondary understrap-read-more-link\" href=\"https:\/\/digalco.com\/pt-pt\/produto\/impressora-pos-termica-epson-tm-t88iv-usb-recondicionado-pt-13716\/\">Continuar a ler&#8230;<span class=\"screen-reader-text\"> from Impressora POS T\u00e9rmica Epson TM-T88IV USB | Recondicionado<\/span><\/a><\/p>\n","protected":false},"featured_media":257886,"template":"","meta":[],"product_brand":[3863],"product_cat":[1671,3101,3101,1595,1707],"product_tag":[],"class_list":{"0":"post-257916","1":"product","2":"type-product","3":"status-publish","4":"has-post-thumbnail","6":"product_brand-epson","7":"product_cat-impressoras-pt","8":"product_cat-pos-impressoras-pt","10":"product_cat-pos-pt","11":"product_cat-impressoras-pos-pt","13":"first","14":"instock","15":"taxable","16":"shipping-taxable","17":"purchasable","18":"product-type-simple"},"bundled_by":[],"bundle_stock_status":"instock","bundle_stock_quantity":1,"bundle_virtual":false,"bundle_layout":"","bundle_add_to_cart_form_location":"","bundle_editable_in_cart":false,"bundle_sold_individually_context":"","bundle_item_grouping":"","bundle_min_size":"","bundle_max_size":"","bundle_price":[],"bundled_items":[],"bundle_sell_ids":[],"exclude_global_add_ons":[],"addons":[],"df_price":90,"df_sale_price":"","df_regular_price":90,"df_image_link":"https:\/\/digalco.com\/wp-content\/uploads\/images\/product\/13716\/epso00060_01-300x225.jpg","_links":{"self":[{"href":"https:\/\/digalco.com\/pt-pt\/wp-json\/wp\/v2\/product\/257916","targetHints":{"allow":["GET"]}}],"collection":[{"href":"https:\/\/digalco.com\/pt-pt\/wp-json\/wp\/v2\/product"}],"about":[{"href":"https:\/\/digalco.com\/pt-pt\/wp-json\/wp\/v2\/types\/product"}],"wp:featuredmedia":[{"embeddable":true,"href":"https:\/\/digalco.com\/pt-pt\/wp-json\/wp\/v2\/media\/257886"}],"wp:attachment":[{"href":"https:\/\/digalco.com\/pt-pt\/wp-json\/wp\/v2\/media?parent=257916"}],"wp:term":[{"taxonomy":"product_brand","embeddable":true,"href":"https:\/\/digalco.com\/pt-pt\/wp-json\/wp\/v2\/product_brand?post=257916"},{"taxonomy":"product_cat","embeddable":true,"href":"https:\/\/digalco.com\/pt-pt\/wp-json\/wp\/v2\/product_cat?post=257916"},{"taxonomy":"product_tag","embeddable":true,"href":"https:\/\/digalco.com\/pt-pt\/wp-json\/wp\/v2\/product_tag?post=257916"}],"curies":[{"name":"wp","href":"https:\/\/api.w.org\/{rel}","templated":true}]}}