{"id":258648,"date":"2025-06-10T16:43:49","date_gmt":"2025-06-10T14:43:49","guid":{"rendered":"https:\/\/digalco.com\/tienda\/hp-proliant-dl320-g5-barebone-rack-recondicionado-xeon-25ghz-8-gb-ram-sas-pt-12566\/"},"modified":"2025-06-10T16:43:53","modified_gmt":"2025-06-10T14:43:53","slug":"hp-proliant-dl320-g5-barebone-rack-recondicionado-xeon-25ghz-8-gb-ram-sas-pt-12566","status":"publish","type":"product","link":"https:\/\/digalco.com\/pt-pt\/produto\/hp-proliant-dl320-g5-barebone-rack-recondicionado-xeon-25ghz-8-gb-ram-sas-pt-12566\/","title":{"rendered":"HP ProLiant DL320 G5 Barebone Rack | Recondicionado | Xeon 2.5GHz | 8 GB RAM | SAS"},"content":{"rendered":"<p><strong>Processador<\/strong><br \/>Intel Xeon x3320 2.5 GHz.<br \/><strong>Fator de forma<\/strong><br \/>Rack  (1U)<br \/><strong>Mem\u00f3ria RAM<\/strong><br \/>8 Gb. DDR2 ECC RAM<br \/>4 ba\u00edas (0 vazio )<br \/><strong>Disco r\u00edgido<\/strong><br \/>SAS 3.5&#8221; 10000rpm<br \/>SAS 3.5&#8221; 10000rpm<br \/>4 ba\u00edas<br \/><strong>Drive \u00f3ptico<\/strong><br \/>Combo (CD-RW\/DVD)<br \/><strong>Cart\u00f5es<\/strong><br \/>Placa gr\u00e1fica: AMD ES1000<br \/>Network: BCM5715 Gigabit Ethernet<br \/><strong>Sistema operativo<\/strong><br \/>&#8211; Sem sistema operativo &#8211;<br \/><strong>Portos<\/strong><br \/>S\u00e9rie<br \/>2x PS2<br \/>4x USB 3.0<br \/><strong>Conectividade<\/strong><br \/>4x RJ-45<br \/><strong>Alimenta\u00e7\u00e3o<\/strong><br \/>Fontes de alimenta\u00e7\u00e3o<br \/><strong>Outros<\/strong><br \/>hR embalagens<br \/><strong>Dimens\u00f5es<\/strong><br \/>4.5&#215;48.5&#215;68 cm.<br \/><strong>Peso<\/strong><br \/>11.00 Kg.<br \/><strong>Especifica\u00e7\u00f5es adicionais<\/strong><br \/>O HP ProLiant DL320 G5 \u00e9 um servidor compacto e fi\u00e1vel, concebido para pequenas e m\u00e9dias empresas que exigem uma solu\u00e7\u00e3o de alto desempenho e baixo custo. Equipado com um processador Intel Xeon x3320 de 2,5 GHz e 8 GB de RAM DDR2 ECC, oferece uma base s\u00f3lida para tarefas empresariais, virtualiza\u00e7\u00e3o leve e aplica\u00e7\u00f5es de miss\u00e3o cr\u00edtica. O servidor n\u00e3o inclui discos. Possui quatro ba\u00edas SATA\/SAS para configura\u00e7\u00f5es adicionais da unidade, bem como uma unidade de DVD-RW. Compacto e eficiente, o HP ProLiant DL320 G5 \u00e9 a escolha ideal para empresas que procuram um servidor fi\u00e1vel e escal\u00e1vel sem comprometer o desempenho. \u00d3tima apar\u00eancia exterior. Em caso de d\u00favida, contacte-nos ou utilize o nosso chat para obter mais informa\u00e7\u00f5es ou solicitar mais detalhes.<br \/><strong>Coment\u00e1rios<\/strong><br \/><u>Intel 82801GR Raid Controller &#8211; 2xPCIe X8 \/ 2xPCIe X1<\/u><\/p>\n","protected":false},"excerpt":{"rendered":"<p>Intel Xeon x3320 2.5 GHz. \u00b7 8 Gb. DDR2 ECC RAM \u00b7 4 ba\u00edas (0 vazio ) \u00b7 SAS 3.5&#8221; 10000rpm \u00b7 SAS 3.5&#8221; 10000rpm \u00b7 4 ba\u00edas \u00b7 Combo (CD-RW\/DVD) \u00b7 <u>Intel 82801GR Raid Controller &#8211; 2xPCIe X8 \/ 2xPCIe X1<\/u> [&#8230;]<\/p>\n<p><a class=\"btn btn-secondary understrap-read-more-link\" href=\"https:\/\/digalco.com\/pt-pt\/produto\/hp-proliant-dl320-g5-barebone-rack-recondicionado-xeon-25ghz-8-gb-ram-sas-pt-12566\/\">Continuar a ler&#8230;<span class=\"screen-reader-text\"> from HP ProLiant DL320 G5 Barebone Rack | Recondicionado | Xeon 2.5GHz | 8 GB RAM | SAS<\/span><\/a><\/p>\n","protected":false},"featured_media":258642,"template":"","meta":[],"product_brand":[3854],"product_cat":[3744,1631,1639],"product_tag":[],"class_list":{"0":"post-258648","1":"product","2":"type-product","3":"status-publish","4":"has-post-thumbnail","6":"product_brand-hp","7":"product_cat-barebone-pt","8":"product_cat-servidores-pt","9":"product_cat-servidores-rack-pt","11":"first","12":"instock","13":"taxable","14":"shipping-taxable","15":"purchasable","16":"product-type-simple"},"bundled_by":[],"bundle_stock_status":"instock","bundle_stock_quantity":1,"bundle_virtual":false,"bundle_layout":"","bundle_add_to_cart_form_location":"","bundle_editable_in_cart":false,"bundle_sold_individually_context":"","bundle_item_grouping":"","bundle_min_size":"","bundle_max_size":"","bundle_price":[],"bundled_items":[],"bundle_sell_ids":[],"exclude_global_add_ons":true,"addons":{"hdd-upgrades":{"name":"Extens\u00e3o disco r\u00edgido","type":"multiple_choice","position":0,"required":false,"title_format":"heading","default":"","description_enable":false,"description":"","placeholder_enable":false,"placeholder":"","display":"radiobutton","restrictions_type":"any_text","adjust_price":false,"price":"","price_type":"quantity_based","restrictions":false,"min":"0","max":"0","options":[{"label":"2x Disco SSD 240 Gb. [AMP00058]","price":"100.0000","price_type":"quantity_based","image":0,"visibility":true},{"label":"2x Disco SSD 480 Gb. [AMP00059]","price":"200.0000","price_type":"quantity_based","image":0,"visibility":true}]}},"df_price":84,"df_sale_price":"","df_regular_price":84,"df_image_link":"https:\/\/digalco.com\/wp-content\/uploads\/images\/product\/12566\/hp02672_01-300x225.jpg","_links":{"self":[{"href":"https:\/\/digalco.com\/pt-pt\/wp-json\/wp\/v2\/product\/258648","targetHints":{"allow":["GET"]}}],"collection":[{"href":"https:\/\/digalco.com\/pt-pt\/wp-json\/wp\/v2\/product"}],"about":[{"href":"https:\/\/digalco.com\/pt-pt\/wp-json\/wp\/v2\/types\/product"}],"wp:featuredmedia":[{"embeddable":true,"href":"https:\/\/digalco.com\/pt-pt\/wp-json\/wp\/v2\/media\/258642"}],"wp:attachment":[{"href":"https:\/\/digalco.com\/pt-pt\/wp-json\/wp\/v2\/media?parent=258648"}],"wp:term":[{"taxonomy":"product_brand","embeddable":true,"href":"https:\/\/digalco.com\/pt-pt\/wp-json\/wp\/v2\/product_brand?post=258648"},{"taxonomy":"product_cat","embeddable":true,"href":"https:\/\/digalco.com\/pt-pt\/wp-json\/wp\/v2\/product_cat?post=258648"},{"taxonomy":"product_tag","embeddable":true,"href":"https:\/\/digalco.com\/pt-pt\/wp-json\/wp\/v2\/product_tag?post=258648"}],"curies":[{"name":"wp","href":"https:\/\/api.w.org\/{rel}","templated":true}]}}