{"id":258783,"date":"2025-06-11T13:50:34","date_gmt":"2025-06-11T11:50:34","guid":{"rendered":"https:\/\/digalco.com\/tienda\/microsoft-surface-pro-7-plus-123-recondicionado-core-i5-24ghz-16-gb-ram-256-gb-ssd-m2-2736x1824-pt-13704\/"},"modified":"2026-04-15T17:04:21","modified_gmt":"2026-04-15T15:04:21","slug":"microsoft-surface-pro-7-plus-123-recondicionado-core-i5-24ghz-16-gb-ram-256-gb-ssd-m2-2736x1824-pt-13704","status":"publish","type":"product","link":"https:\/\/digalco.com\/pt-pt\/produto\/microsoft-surface-pro-7-plus-123-recondicionado-core-i5-24ghz-16-gb-ram-256-gb-ssd-m2-2736x1824-pt-13704\/","title":{"rendered":"Microsoft Surface Pro 7 Plus 12.3&#8221; | Recondicionado | Core i5 2.4GHz | 16 GB RAM | 256 GB SSD M2 2736&#215;1824"},"content":{"rendered":"<p><strong>Processador<\/strong><br \/>Intel Core i5 1135G7 2.4 GHz.<br \/><strong>Mem\u00f3ria RAM<\/strong><br \/>16 Gb. SO-DDR4 RAM<br \/><strong>Disco r\u00edgido<\/strong><br \/>256 Gb. SSD M2<br \/><strong>Cart\u00f5es<\/strong><br \/>Placa gr\u00e1fica: Intel Iris Xe Graphics<br \/>Som: High Definition Audio<br \/><strong>Sistema operativo<\/strong><br \/>Windows 11 Pro<br \/><strong>Portos<\/strong><br \/>USB 3.0<br \/>USB-C<br \/><strong>Tela<\/strong><br \/>T\u00e1til 12.3 &#8221; 2K 16:9  \u00b7 Resolu\u00e7\u00e3o 2736&#215;1824<br \/><strong>Multim\u00eddia<\/strong><br \/>C\u00e2mera traseira<br \/>C\u00e2mera frontal<br \/><strong>Conectividade<\/strong><br \/>WIFI<br \/>Bluetooth<br \/><strong>Outros<\/strong><br \/>hR embalagens<br \/><strong>Dimens\u00f5es<\/strong><br \/>29.2&#215;20.1&#215;0.85 cm.<br \/><strong>Peso<\/strong><br \/>0.79 Kg.<br \/><strong>Especifica\u00e7\u00f5es adicionais<\/strong><br \/>O Microsoft Surface Pro 7 Plus \u00e9 a solu\u00e7\u00e3o perfeita para quem procura mobilidade sem comprometer o desempenho. Equipado com um processador Intel Core i5-1135G7 de 2,4 GHz, 16 GB de RAM SO-DDR4 e um SSD M. 2 de 256 GB, este tablet convert\u00edvel garante um desempenho \u00e1gil e fluido para tarefas profissionais, criativas ou de escrit\u00f3rio.<br \/>O seu ecr\u00e3 t\u00e1til de 12,3 polegadas com resolu\u00e7\u00e3o 2K (2736 x 1824) e formato 16:9 proporciona uma experi\u00eancia visual n\u00edtida e imersiva. Com o Windows 11 Pro e o TPM 2.0, oferece um ambiente moderno e seguro, ideal para ambientes empresariais e trabalho remoto.<br \/>Leve, potente e vers\u00e1til, o Surface Pro 7 Plus \u00e9 a ferramenta ideal para os utilizadores que procuram um tablet-port\u00e1til convert\u00edvel premium com a m\u00e1xima efici\u00eancia e portabilidade.<br \/>Exterior elegante. Veja &#8220;+ Fotos&#8221; e &#8220;V\u00eddeo&#8221; e, se tiver alguma d\u00favida, ligue-nos ou utilize o nosso chat para obter mais informa\u00e7\u00f5es ou solicitar mais detalhes.<\/p>\n","protected":false},"excerpt":{"rendered":"<p>Intel Core i5 1135G7 2.4 GHz. \u00b7 16 Gb. SO-DDR4 RAM \u00b7 256 Gb. SSD M2 \u00b7 <strong>Windows 11 Pro<\/strong> \u00b7 T\u00e1til 12.3 &#8221; 2K 16:9 \u00b7 Resolu\u00e7\u00e3o 2736&#215;1824 [&#8230;]<\/p>\n<p><a class=\"btn btn-secondary understrap-read-more-link\" href=\"https:\/\/digalco.com\/pt-pt\/produto\/microsoft-surface-pro-7-plus-123-recondicionado-core-i5-24ghz-16-gb-ram-256-gb-ssd-m2-2736x1824-pt-13704\/\">Continuar a ler&#8230;<span class=\"screen-reader-text\"> from Microsoft Surface Pro 7 Plus 12.3&#8221; | Recondicionado | Core i5 2.4GHz | 16 GB RAM | 256 GB SSD M2 2736&#215;1824<\/span><\/a><\/p>\n","protected":false},"featured_media":258752,"template":"","meta":[],"product_brand":[3860],"product_cat":[3749,1579],"product_tag":[],"class_list":{"0":"post-258783","1":"product","2":"type-product","3":"status-publish","4":"has-post-thumbnail","6":"product_brand-microsoft","7":"product_cat-tablets-surface-pt","8":"product_cat-tablets-pt","10":"first","11":"outofstock","12":"taxable","13":"shipping-taxable","14":"purchasable","15":"product-type-simple"},"bundled_by":[],"bundle_stock_status":"outofstock","bundle_stock_quantity":0,"bundle_virtual":false,"bundle_layout":"","bundle_add_to_cart_form_location":"","bundle_editable_in_cart":false,"bundle_sold_individually_context":"","bundle_item_grouping":"","bundle_min_size":"","bundle_max_size":"","bundle_price":[],"bundled_items":[],"bundle_sell_ids":[],"exclude_global_add_ons":true,"addons":{"docking-station-upgrades":{"name":"Extens\u00e3o Docking Station","type":"multiple_choice","position":0,"required":false,"title_format":"heading","default":"","description_enable":false,"description":"","placeholder_enable":false,"placeholder":"","display":"radiobutton","restrictions_type":"any_text","adjust_price":false,"price":"","price_type":"quantity_based","restrictions":false,"min":"0","max":"0","options":[{"label":"Microsoft Surface Docking Station 1661 [AMP00061]","price":"45.0000","price_type":"quantity_based","image":0,"visibility":true}]},"pencil-upgrades":{"name":"Extens\u00e3o L\u00e1pis","type":"multiple_choice","position":0,"required":false,"title_format":"heading","default":"","description_enable":false,"description":"","placeholder_enable":false,"placeholder":"","display":"radiobutton","restrictions_type":"any_text","adjust_price":false,"price":"","price_type":"quantity_based","restrictions":false,"min":"0","max":"0","options":[{"label":"Caneta Original Microsoft Surface [AMP00087]","price":"50.0000","price_type":"quantity_based","image":0,"visibility":true}]},"os-upgrades":{"name":"Extens\u00e3o OS","type":"multiple_choice","position":0,"required":false,"title_format":"heading","default":"","description_enable":false,"description":"","placeholder_enable":false,"placeholder":"","display":"radiobutton","restrictions_type":"any_text","adjust_price":false,"price":"","price_type":"quantity_based","restrictions":false,"min":"0","max":"0","options":[{"label":"Alterar idioma para franc\u00eas [AMP00125]","price":"0.0000","price_type":"quantity_based","image":0,"visibility":true},{"label":"Alterar idioma para ingl\u00eas [AMP00008]","price":"0.0000","price_type":"quantity_based","image":0,"visibility":true},{"label":"Alterar idioma para o portugu\u00eas [AMP00009]","price":"0.0000","price_type":"quantity_based","image":0,"visibility":true}]},"keyboard-upgrades":{"name":"Extens\u00e3o teclado","type":"multiple_choice","position":0,"required":false,"title_format":"heading","default":"","description_enable":false,"description":"","placeholder_enable":false,"placeholder":"","display":"radiobutton","restrictions_type":"any_text","adjust_price":false,"price":"","price_type":"quantity_based","restrictions":false,"min":"0","max":"0","options":[{"label":"Microsoft Keyboard Surface Pro [AMP00063]","price":"70.0000","price_type":"quantity_based","image":0,"visibility":true},{"label":"Microsoft Keyboard Surface Pro Portugu\u00e9s [AMP00089]","price":"70.0000","price_type":"quantity_based","image":0,"visibility":true},{"label":"Teclado Surface Pro Inter. (Stickers) [AMP00064]","price":"55.0000","price_type":"quantity_based","image":0,"visibility":true}]}},"df_price":464,"df_sale_price":"","df_regular_price":464,"df_image_link":"https:\/\/digalco.com\/wp-content\/uploads\/images\/product\/13704\/ms00192_01-300x225.jpg","_links":{"self":[{"href":"https:\/\/digalco.com\/pt-pt\/wp-json\/wp\/v2\/product\/258783","targetHints":{"allow":["GET"]}}],"collection":[{"href":"https:\/\/digalco.com\/pt-pt\/wp-json\/wp\/v2\/product"}],"about":[{"href":"https:\/\/digalco.com\/pt-pt\/wp-json\/wp\/v2\/types\/product"}],"wp:featuredmedia":[{"embeddable":true,"href":"https:\/\/digalco.com\/pt-pt\/wp-json\/wp\/v2\/media\/258752"}],"wp:attachment":[{"href":"https:\/\/digalco.com\/pt-pt\/wp-json\/wp\/v2\/media?parent=258783"}],"wp:term":[{"taxonomy":"product_brand","embeddable":true,"href":"https:\/\/digalco.com\/pt-pt\/wp-json\/wp\/v2\/product_brand?post=258783"},{"taxonomy":"product_cat","embeddable":true,"href":"https:\/\/digalco.com\/pt-pt\/wp-json\/wp\/v2\/product_cat?post=258783"},{"taxonomy":"product_tag","embeddable":true,"href":"https:\/\/digalco.com\/pt-pt\/wp-json\/wp\/v2\/product_tag?post=258783"}],"curies":[{"name":"wp","href":"https:\/\/api.w.org\/{rel}","templated":true}]}}