{"id":259514,"date":"2025-06-16T12:21:43","date_gmt":"2025-06-16T10:21:43","guid":{"rendered":"https:\/\/digalco.com\/tienda\/hp-1024-crt-132-crt-43-recondicionado-1024x768-pt-13537\/"},"modified":"2025-06-16T12:21:46","modified_gmt":"2025-06-16T10:21:46","slug":"hp-1024-crt-132-crt-43-recondicionado-1024x768-pt-13537","status":"publish","type":"product","link":"https:\/\/digalco.com\/pt-pt\/produto\/hp-1024-crt-132-crt-43-recondicionado-1024x768-pt-13537\/","title":{"rendered":"HP 1024 CRT 13.2&#8221; CRT 4:3 | Recondicionado | 1024&#215;768"},"content":{"rendered":"<p><strong>Tela<\/strong><br \/>CRT 13.2 &#8221; HD 4:3  \u00b7 Resolu\u00e7\u00e3o 1024&#215;768<br \/><strong>Portas de v\u00eddeo<\/strong><br \/>VGA<br \/><strong>Espec\u00edfico tela<\/strong><br \/>Pedestal<br \/><strong>Outros<\/strong><br \/>hR embalagens<br \/><strong>Dimens\u00f5es<\/strong><br \/>35&#215;36.5&#215;37 cm.<br \/><strong>Peso<\/strong><br \/>11.20 Kg.<br \/><strong>Especifica\u00e7\u00f5es adicionais<\/strong><br \/>Excelente apar\u00eancia exterior. Veja &#8220;+ Fotos&#8221; e, se tiver alguma d\u00favida, ligue-nos ou utilize o nosso chat para obter mais informa\u00e7\u00f5es ou solicitar mais detalhes.<br \/><strong>Coment\u00e1rios<\/strong><br \/><u>Cabo de alimenta\u00e7\u00e3o e VGA inclu\u00eddo<\/u><\/p>\n","protected":false},"excerpt":{"rendered":"<p>CRT 13.2 &#8221; HD 4:3  \u00b7 Resolu\u00e7\u00e3o 1024&#215;768 \u00b7 VGA \u00b7 <u>Cabo de alimenta\u00e7\u00e3o e VGA inclu\u00eddo<\/u> [&#8230;]<\/p>\n<p><a class=\"btn btn-secondary understrap-read-more-link\" href=\"https:\/\/digalco.com\/pt-pt\/produto\/hp-1024-crt-132-crt-43-recondicionado-1024x768-pt-13537\/\">Continuar a ler&#8230;<span class=\"screen-reader-text\"> from HP 1024 CRT 13.2&#8221; CRT 4:3 | Recondicionado | 1024&#215;768<\/span><\/a><\/p>\n","protected":false},"featured_media":259498,"template":"","meta":[],"product_brand":[3854],"product_cat":[1491,1503],"product_tag":[],"class_list":{"0":"post-259514","1":"product","2":"type-product","3":"status-publish","4":"has-post-thumbnail","6":"product_brand-hp","7":"product_cat-monitores-pt","8":"product_cat-monitores-outros-pt","10":"first","11":"instock","12":"taxable","13":"shipping-taxable","14":"purchasable","15":"product-type-simple"},"bundled_by":[],"bundle_stock_status":"instock","bundle_stock_quantity":1,"bundle_virtual":false,"bundle_layout":"","bundle_add_to_cart_form_location":"","bundle_editable_in_cart":false,"bundle_sold_individually_context":"","bundle_item_grouping":"","bundle_min_size":"","bundle_max_size":"","bundle_price":[],"bundled_items":[],"bundle_sell_ids":[],"exclude_global_add_ons":[],"addons":[],"df_price":176,"df_sale_price":"","df_regular_price":176,"df_image_link":"https:\/\/digalco.com\/wp-content\/uploads\/images\/product\/13537\/hp02984_01-300x225.jpg","_links":{"self":[{"href":"https:\/\/digalco.com\/pt-pt\/wp-json\/wp\/v2\/product\/259514","targetHints":{"allow":["GET"]}}],"collection":[{"href":"https:\/\/digalco.com\/pt-pt\/wp-json\/wp\/v2\/product"}],"about":[{"href":"https:\/\/digalco.com\/pt-pt\/wp-json\/wp\/v2\/types\/product"}],"wp:featuredmedia":[{"embeddable":true,"href":"https:\/\/digalco.com\/pt-pt\/wp-json\/wp\/v2\/media\/259498"}],"wp:attachment":[{"href":"https:\/\/digalco.com\/pt-pt\/wp-json\/wp\/v2\/media?parent=259514"}],"wp:term":[{"taxonomy":"product_brand","embeddable":true,"href":"https:\/\/digalco.com\/pt-pt\/wp-json\/wp\/v2\/product_brand?post=259514"},{"taxonomy":"product_cat","embeddable":true,"href":"https:\/\/digalco.com\/pt-pt\/wp-json\/wp\/v2\/product_cat?post=259514"},{"taxonomy":"product_tag","embeddable":true,"href":"https:\/\/digalco.com\/pt-pt\/wp-json\/wp\/v2\/product_tag?post=259514"}],"curies":[{"name":"wp","href":"https:\/\/api.w.org\/{rel}","templated":true}]}}