{"id":261605,"date":"2025-06-30T12:14:31","date_gmt":"2025-06-30T10:14:31","guid":{"rendered":"https:\/\/digalco.com\/tienda\/panasonic-toughbook-fz-g1-mk4-rugged-101-recondicionado-core-i5-24ghz-8-gb-ram-128-gb-ssd-1920x1200-pt-13792\/"},"modified":"2026-03-11T12:54:00","modified_gmt":"2026-03-11T11:54:00","slug":"panasonic-toughbook-fz-g1-mk4-rugged-101-recondicionado-core-i5-24ghz-8-gb-ram-128-gb-ssd-1920x1200-pt-13792","status":"publish","type":"product","link":"https:\/\/digalco.com\/pt-pt\/produto\/panasonic-toughbook-fz-g1-mk4-rugged-101-recondicionado-core-i5-24ghz-8-gb-ram-128-gb-ssd-1920x1200-pt-13792\/","title":{"rendered":"Panasonic ToughBook FZ-G1 MK4 Rugged 10.1&#8221; | Recondicionado | Core i5 2.4GHz | 8 GB RAM | 128 GB SSD 1920&#215;1200"},"content":{"rendered":"<p><strong>Processador<\/strong><br \/>Intel Core i5 6300U 2.4 GHz. [TPM 1.2]<br \/><strong>Mem\u00f3ria RAM<\/strong><br \/>8 Gb. SO-DDR3 RAM<br \/><strong>Disco r\u00edgido<\/strong><br \/>128 Gb. SSD<br \/><strong>Cart\u00f5es<\/strong><br \/>Placa gr\u00e1fica: Intel Graphics 620<br \/>Som: Realtek High Definition Audio<br \/><strong>Sistema operativo<\/strong><br \/>Windows 10 Pro<br \/><strong>Portos<\/strong><br \/>USB 3.0<br \/><strong>Tela<\/strong><br \/>T\u00e1til 10.1 &#8221; FullHD 16:9  \u00b7 Resolu\u00e7\u00e3o 1920&#215;1200<br \/><strong>Portas de v\u00eddeo<\/strong><br \/>HDMI<br \/><strong>Multim\u00eddia<\/strong><br \/>Webcam<br \/>C\u00e2mera traseira<br \/>C\u00e2mera frontal<br \/><strong>Conectividade<\/strong><br \/>WIFI<br \/>Bluetooth<br \/>4G<br \/><strong>Outros<\/strong><br \/>hR embalagens<br \/><strong>Dimens\u00f5es<\/strong><br \/>28x20x4 cm.<br \/><strong>Peso<\/strong><br \/>1.40 Kg.<br \/><strong>Especifica\u00e7\u00f5es adicionais<\/strong><br \/>O Panasonic Toughbook FZ-G1 MK4 \u00e9 um tablet profissional totalmente robustecido, projetado para oferecer m\u00e1xima resist\u00eancia, mobilidade e confiabilidade em setores como ind\u00fastria, servi\u00e7os de emerg\u00eancia, defesa, log\u00edstica ou constru\u00e7\u00e3o civil. Compacto, mas potente, integra um processador Intel Core i5 de 6\u00aa gera\u00e7\u00e3o, 8 GB de RAM e um SSD de 128 GB, executando o Windows 10 Pro com fluidez mesmo em condi\u00e7\u00f5es operacionais adversas.<br \/>A sua tela de 10,1\u201d Full HD com formato 16:10 \u00e9 leg\u00edvel sob luz solar, multitouch e oper\u00e1vel com luvas ou caneta stylus \u2014 ideal para uso em campo.<br \/><b>Caracter\u00edsticas de Ruggediza\u00e7\u00e3o<\/b><br \/><u>Design refor\u00e7ado <\/u>com estrutura de liga de magn\u00e9sio e cantos protegidos, resistente a choques e quedas de at\u00e9 1,2 metros.<br \/><u>Tela de alto brilho<\/u> (at\u00e9 800 nits), leg\u00edvel ao ar livre e utiliz\u00e1vel com luvas, dedos molhados ou caneta digital.<br \/><u>Veda\u00e7\u00e3o total contra poeira e l\u00edquidos<\/u>, com conectores protegidos e tampas seladas.<br \/>Suporta vibra\u00e7\u00f5es, varia\u00e7\u00f5es bruscas de temperatura, umidade e press\u00e3o atmosf\u00e9rica ,ideal para trabalhos de campo ou ambientes industriais.<br \/><b>Certifica\u00e7\u00f5es de Ruggediza\u00e7\u00e3o<\/b><br \/><u>MIL-STD-810G:<\/u> Comprova resist\u00eancia a condi\u00e7\u00f5es ambientais extremas, quedas, choques, vibra\u00e7\u00f5es, umidade e temperaturas entre -10 \u00b0C e 50 \u00b0C.<br \/><u>IP65:<\/u> Prote\u00e7\u00e3o total contra poeira e resist\u00eancia \u00e0 \u00e1gua sob press\u00e3o.<br \/><u>MIL-STD-461F: <\/u>Compatibilidade eletromagn\u00e9tica em ambientes industriais e militares.<br \/>O Panasonic Toughbook FZ-G1 MK4 \u00e9 um tablet compacto, robusto e confi\u00e1vel \u2014 ideal para profissionais que exigem desempenho constante e m\u00e1xima durabilidade em condi\u00e7\u00f5es de trabalho hostis.<br \/>Excelente estado exterior. Se tiver alguma d\u00favida, entre em contato conosco por telefone ou use nosso chat para obter mais informa\u00e7\u00f5es ou solicitar detalhes adicionais.<\/p>\n","protected":false},"excerpt":{"rendered":"<p>Intel Core i5 6300U 2.4 GHz. [TPM 1.2] \u00b7 8 Gb. SO-DDR3 RAM \u00b7 128 Gb. SSD \u00b7 Windows 10 Pro \u00b7 T\u00e1til 10.1 &#8221; FullHD 16:9  \u00b7 Resolu\u00e7\u00e3o 1920&#215;1200 [&#8230;]<\/p>\n<p><a class=\"btn btn-secondary understrap-read-more-link\" href=\"https:\/\/digalco.com\/pt-pt\/produto\/panasonic-toughbook-fz-g1-mk4-rugged-101-recondicionado-core-i5-24ghz-8-gb-ram-128-gb-ssd-1920x1200-pt-13792\/\">Continuar a ler&#8230;<span class=\"screen-reader-text\"> from Panasonic ToughBook FZ-G1 MK4 Rugged 10.1&#8221; | Recondicionado | Core i5 2.4GHz | 8 GB RAM | 128 GB SSD 1920&#215;1200<\/span><\/a><\/p>\n","protected":false},"featured_media":261604,"template":"","meta":[],"product_brand":[3873],"product_cat":[1591,3109,1579,3695],"product_tag":[],"class_list":{"0":"post-261605","1":"product","2":"type-product","3":"status-publish","4":"has-post-thumbnail","6":"product_brand-panasonic","7":"product_cat-ruggerized-pt","8":"product_cat-tablets-ruggerized-pt","9":"product_cat-tablets-pt","10":"product_cat-ruggerized-tablets-pt","12":"first","13":"instock","14":"taxable","15":"shipping-taxable","16":"purchasable","17":"product-type-simple"},"bundled_by":[],"bundle_stock_status":"instock","bundle_stock_quantity":1,"bundle_virtual":false,"bundle_layout":"","bundle_add_to_cart_form_location":"","bundle_editable_in_cart":false,"bundle_sold_individually_context":"","bundle_item_grouping":"","bundle_min_size":"","bundle_max_size":"","bundle_price":[],"bundled_items":[],"bundle_sell_ids":[],"exclude_global_add_ons":true,"addons":{"battery-upgrades":{"name":"Extens\u00e3o bateria","type":"multiple_choice","position":0,"required":false,"title_format":"heading","default":"","description_enable":false,"description":"","placeholder_enable":false,"placeholder":"","display":"radiobutton","restrictions_type":"any_text","adjust_price":false,"price":"","price_type":"quantity_based","restrictions":false,"min":"0","max":"0","options":[{"label":"Mude para uma nova bateria compat\u00edvel [AMP00167]","price":"75.0000","price_type":"quantity_based","image":0,"visibility":true}]},"docking-station-upgrades":{"name":"Extens\u00e3o Docking Station","type":"multiple_choice","position":0,"required":false,"title_format":"heading","default":"","description_enable":false,"description":"","placeholder_enable":false,"placeholder":"","display":"radiobutton","restrictions_type":"any_text","adjust_price":false,"price":"","price_type":"quantity_based","restrictions":false,"min":"0","max":"0","options":[{"label":"Panasonic Docking ToughPad FZ-VEBG11 [AMP00128]","price":"100.0000","price_type":"quantity_based","image":0,"visibility":true}]},"os-upgrades":{"name":"Extens\u00e3o OS","type":"multiple_choice","position":0,"required":false,"title_format":"heading","default":"","description_enable":false,"description":"","placeholder_enable":false,"placeholder":"","display":"radiobutton","restrictions_type":"any_text","adjust_price":false,"price":"","price_type":"quantity_based","restrictions":false,"min":"0","max":"0","options":[{"label":"Alterar idioma para franc\u00eas [AMP00125]","price":"0.0000","price_type":"quantity_based","image":0,"visibility":true},{"label":"Alterar idioma para ingl\u00eas [AMP00008]","price":"0.0000","price_type":"quantity_based","image":0,"visibility":true},{"label":"Alterar idioma para o portugu\u00eas [AMP00009]","price":"0.0000","price_type":"quantity_based","image":0,"visibility":true}]}},"df_price":326,"df_sale_price":"","df_regular_price":326,"df_image_link":"https:\/\/digalco.com\/wp-content\/uploads\/images\/product\/13792\/pana00122_01-300x225.jpg","_links":{"self":[{"href":"https:\/\/digalco.com\/pt-pt\/wp-json\/wp\/v2\/product\/261605","targetHints":{"allow":["GET"]}}],"collection":[{"href":"https:\/\/digalco.com\/pt-pt\/wp-json\/wp\/v2\/product"}],"about":[{"href":"https:\/\/digalco.com\/pt-pt\/wp-json\/wp\/v2\/types\/product"}],"wp:featuredmedia":[{"embeddable":true,"href":"https:\/\/digalco.com\/pt-pt\/wp-json\/wp\/v2\/media\/261604"}],"wp:attachment":[{"href":"https:\/\/digalco.com\/pt-pt\/wp-json\/wp\/v2\/media?parent=261605"}],"wp:term":[{"taxonomy":"product_brand","embeddable":true,"href":"https:\/\/digalco.com\/pt-pt\/wp-json\/wp\/v2\/product_brand?post=261605"},{"taxonomy":"product_cat","embeddable":true,"href":"https:\/\/digalco.com\/pt-pt\/wp-json\/wp\/v2\/product_cat?post=261605"},{"taxonomy":"product_tag","embeddable":true,"href":"https:\/\/digalco.com\/pt-pt\/wp-json\/wp\/v2\/product_tag?post=261605"}],"curies":[{"name":"wp","href":"https:\/\/api.w.org\/{rel}","templated":true}]}}