{"id":262681,"date":"2025-07-02T13:19:38","date_gmt":"2025-07-02T11:19:38","guid":{"rendered":"https:\/\/digalco.com\/tienda\/iiyama-prolite-xb2783hsu-b1dp-27-led-169-recondicionado-1920x1080-pt-13858\/"},"modified":"2026-03-10T16:09:32","modified_gmt":"2026-03-10T15:09:32","slug":"iiyama-prolite-xb2783hsu-b1dp-27-led-169-recondicionado-1920x1080-pt-13858","status":"publish","type":"product","link":"https:\/\/digalco.com\/pt-pt\/produto\/iiyama-prolite-xb2783hsu-b1dp-27-led-169-recondicionado-1920x1080-pt-13858\/","title":{"rendered":"IIYAMA ProLite XB2783HSU-B1DP 27&#8221; Led 16:9 | Recondicionado | 1920&#215;1080"},"content":{"rendered":"<p><strong>Tela<\/strong><br \/>Led 27 &#8221; FullHD com Alto-falantes \u00b7  16:9  \u00b7 Resolu\u00e7\u00e3o 1920&#215;1080<br \/>Dot pitch 0.233 mm<br \/>Resposta 4 ms<br \/>Contraste 3000:1<br \/>Brilho 300 cd\/m2<br \/>\u00c2ngulo vis\u00e3o 178\u00b0v\/178\u00b0h<br \/><strong>Portas de v\u00eddeo<\/strong><br \/>VGA<br \/>Display Port<br \/>DVI<br \/><strong>Espec\u00edfico tela<\/strong><br \/>Apoio VESA<br \/>Pedestal<br \/>Regul\u00e1vel em altura<br \/><strong>Outros<\/strong><br \/>hR embalagens<br \/><strong>Dimens\u00f5es<\/strong><br \/>40.5&#215;62.1&#215;24 cm.<br \/><strong>Peso<\/strong><br \/>6.00 Kg.<br \/><strong>Especifica\u00e7\u00f5es adicionais<\/strong><br \/>O iiyama ProLite XB2783HSU-B1DP \u00e9 um monitor LED de 27 polegadas que combina uma excelente qualidade de imagem, som integrado e m\u00faltiplas op\u00e7\u00f5es de liga\u00e7\u00e3o, ideal para ambientes profissionais, criativos ou multim\u00e9dia. A sua resolu\u00e7\u00e3o Full HD (1920&#215;1080), juntamente com um dot pitch de 0,233 mm e uma rela\u00e7\u00e3o de contraste superior de 3000:1, proporciona imagens profundas, n\u00edtidas e altamente detalhadas. Os \u00e2ngulos de vis\u00e3o de 178\u00b0\/178\u00b0 do painel e o brilho de 300 cd\/m\u00b2 garantem uma visualiza\u00e7\u00e3o confort\u00e1vel e consistente em qualquer posi\u00e7\u00e3o, mesmo durante per\u00edodos prolongados.<br \/>Com um tempo de resposta de 4 ms e colunas integradas, este modelo \u00e9 perfeito tanto para trabalho como para entretenimento. Inclui portas VGA, DisplayPort, DVI e duas portas USB 2.0 para uma conectividade flex\u00edvel, bem como um cabo de alimenta\u00e7\u00e3o e VGA para instala\u00e7\u00e3o imediata. O iiyama ProLite XB2783HSU-B1DP \u00e9 a escolha ideal para quem procura um monitor de grande formato com elevado desempenho visual, som integrado e versatilidade de conectividade num design funcional e profissional.<br \/>Possui um exterior bonito. Em caso de d\u00favida, contacte-nos ou utilize o nosso chat para obter mais informa\u00e7\u00f5es ou solicitar mais detalhes.<br \/><strong>Coment\u00e1rios<\/strong><br \/><u>Cabo atual e VGA inclu\u00eddo &#8211; 2xusb 2.0<\/u><\/p>\n","protected":false},"excerpt":{"rendered":"<p>Led 27 &#8221; FullHD com Alto-falantes \u00b7  16:9  \u00b7 Resolu\u00e7\u00e3o 1920&#215;1080 \u00b7 Dot pitch 0.233 mm \u00b7 Resposta 4 ms \u00b7 Contraste 3000:1 \u00b7 Brilho 300 cd\/m2 \u00b7 \u00c2ngulo vis\u00e3o 178\u00b0v\/178\u00b0h \u00b7 VGA \u00b7 Display Port \u00b7 DVI \u00b7 <u>Cabo atual e VGA inclu\u00eddo &#8211; 2xusb 2.0<\/u> [&#8230;]<\/p>\n<p><a class=\"btn btn-secondary understrap-read-more-link\" href=\"https:\/\/digalco.com\/pt-pt\/produto\/iiyama-prolite-xb2783hsu-b1dp-27-led-169-recondicionado-1920x1080-pt-13858\/\">Continuar a ler&#8230;<span class=\"screen-reader-text\"> from IIYAMA ProLite XB2783HSU-B1DP 27&#8221; Led 16:9 | Recondicionado | 1920&#215;1080<\/span><\/a><\/p>\n","protected":false},"featured_media":262655,"template":"","meta":[],"product_brand":[3885],"product_cat":[2393,1491],"product_tag":[],"class_list":{"0":"post-262681","1":"product","2":"type-product","3":"status-publish","4":"has-post-thumbnail","6":"product_brand-iiyama","7":"product_cat-monitores-27-pt","8":"product_cat-monitores-pt","10":"first","11":"instock","12":"taxable","13":"shipping-taxable","14":"purchasable","15":"product-type-simple"},"bundled_by":[],"bundle_stock_status":"instock","bundle_stock_quantity":7,"bundle_virtual":false,"bundle_layout":"","bundle_add_to_cart_form_location":"","bundle_editable_in_cart":false,"bundle_sold_individually_context":"","bundle_item_grouping":"","bundle_min_size":"","bundle_max_size":"","bundle_price":[],"bundled_items":[],"bundle_sell_ids":[],"exclude_global_add_ons":true,"addons":{"hdmi-upgrades":{"name":"Extens\u00e3o cabo","type":"multiple_choice","position":0,"required":false,"title_format":"heading","default":"","description_enable":false,"description":"","placeholder_enable":false,"placeholder":"","display":"radiobutton","restrictions_type":"any_text","adjust_price":false,"price":"","price_type":"quantity_based","restrictions":false,"min":"0","max":"0","options":[{"label":"DisplayPort para cabo DisplayPort 1,8 mts. [AMP00103]","price":"8.0000","price_type":"quantity_based","image":0,"visibility":true},{"label":"Cabo DVI-D M \/ M Dual Link 1,8 mts. [AMP00102]","price":"2.0000","price_type":"quantity_based","image":0,"visibility":true}]}},"df_price":125,"df_sale_price":"","df_regular_price":125,"df_image_link":"https:\/\/digalco.com\/wp-content\/uploads\/images\/product\/13858\/iiya00023_01-300x225.jpg","_links":{"self":[{"href":"https:\/\/digalco.com\/pt-pt\/wp-json\/wp\/v2\/product\/262681","targetHints":{"allow":["GET"]}}],"collection":[{"href":"https:\/\/digalco.com\/pt-pt\/wp-json\/wp\/v2\/product"}],"about":[{"href":"https:\/\/digalco.com\/pt-pt\/wp-json\/wp\/v2\/types\/product"}],"wp:featuredmedia":[{"embeddable":true,"href":"https:\/\/digalco.com\/pt-pt\/wp-json\/wp\/v2\/media\/262655"}],"wp:attachment":[{"href":"https:\/\/digalco.com\/pt-pt\/wp-json\/wp\/v2\/media?parent=262681"}],"wp:term":[{"taxonomy":"product_brand","embeddable":true,"href":"https:\/\/digalco.com\/pt-pt\/wp-json\/wp\/v2\/product_brand?post=262681"},{"taxonomy":"product_cat","embeddable":true,"href":"https:\/\/digalco.com\/pt-pt\/wp-json\/wp\/v2\/product_cat?post=262681"},{"taxonomy":"product_tag","embeddable":true,"href":"https:\/\/digalco.com\/pt-pt\/wp-json\/wp\/v2\/product_tag?post=262681"}],"curies":[{"name":"wp","href":"https:\/\/api.w.org\/{rel}","templated":true}]}}