{"id":263070,"date":"2025-07-03T13:43:10","date_gmt":"2025-07-03T11:43:10","guid":{"rendered":"https:\/\/digalco.com\/tienda\/fujitsu-p27-8-ts-pro-27-ips-1610-recondicionado-2560x1440-pt-13821\/"},"modified":"2026-04-09T19:51:34","modified_gmt":"2026-04-09T17:51:34","slug":"fujitsu-p27-8-ts-pro-27-ips-1610-recondicionado-2560x1440-pt-13821","status":"publish","type":"product","link":"https:\/\/digalco.com\/pt-pt\/produto\/fujitsu-p27-8-ts-pro-27-ips-1610-recondicionado-2560x1440-pt-13821\/","title":{"rendered":"Fujitsu P27-8 TS Pro 27&#8221; IPS 16:10 | Recondicionado | 2560&#215;1440"},"content":{"rendered":"<p><strong>Tela<\/strong><br \/>IPS 27 &#8221; 2K com Alto-falantes \u00b7  16:10  \u00b7 Resolu\u00e7\u00e3o 2560&#215;1440<br \/>Dot pitch 0.155 mm<br \/>Resposta 5 ms<br \/>Contraste 1000:1<br \/>Brilho 350 cd\/m2<br \/>\u00c2ngulo vis\u00e3o 178\u00b0v\/178\u00b0h<br \/><strong>Portas de v\u00eddeo<\/strong><br \/>HDMI<br \/>2x Display Port<br \/>DVI<br \/><strong>Espec\u00edfico tela<\/strong><br \/>Apoio VESA<br \/>Pedestal<br \/>Regul\u00e1vel em altura<br \/><strong>Outros<\/strong><br \/>hR embalagens<br \/><strong>Dimens\u00f5es<\/strong><br \/>62x39x23 cm.<br \/><strong>Peso<\/strong><br \/>7.45 Kg.<br \/><strong>Especifica\u00e7\u00f5es adicionais<\/strong><br \/>O Fujitsu P27-8 TS Pro \u00e9 um monitor IPS de 27 polegadas com resolu\u00e7\u00e3o 2K (2560&#215;1440) e r\u00e1cio de 16:10, ideal para quem necessita de mais espa\u00e7o de trabalho vertical e m\u00e1xima precis\u00e3o visual. Com um dot pitch de 0,155 mm e um alto brilho de 350 cd\/m\u00b2, oferece uma nitidez excecional e uma excelente visibilidade mesmo em ambientes com muita luz. O seu painel IPS proporciona cores vivas e uniformes a partir de qualquer \u00e2ngulo, gra\u00e7as ao seu \u00e2ngulo de vis\u00e3o horizontal e vertical de 178\u00b0, enquanto o tempo de resposta de 5 ms e a rela\u00e7\u00e3o de contraste de 1000:1 garantem um desempenho suave e equilibrado para tarefas intensivas de produtividade ou edi\u00e7\u00e3o de conte\u00fados.<br \/>Disp\u00f5e de liga\u00e7\u00f5es profissionais como HDMI, duas portas DisplayPort, DVI e quatro portas USB 3.2 para uma integra\u00e7\u00e3o completa com perif\u00e9ricos e equipamentos modernos. Possui ainda colunas integradas e acompanha um cabo de alimenta\u00e7\u00e3o e um cabo DisplayPort, prontos para utiliza\u00e7\u00e3o imediata. O Fujitsu P27-8 TS Pro \u00e9 a solu\u00e7\u00e3o perfeita para ambientes empresariais, criativos ou t\u00e9cnicos que exigem alta resolu\u00e7\u00e3o, conectividade avan\u00e7ada e qualidade de imagem superior num monitor robusto e eficiente.<br \/>Excelente apar\u00eancia exterior. Em caso de d\u00favida, contacte-nos ou utilize o nosso chat para obter mais informa\u00e7\u00f5es ou solicitar mais detalhes.<br \/><strong>Coment\u00e1rios<\/strong><br \/><u>Cabo de alimenta\u00e7\u00e3o e DisplayPort inclu\u00eddos &#8211; 4xUSB 3.2<\/u><\/p>\n","protected":false},"excerpt":{"rendered":"<p><strong>IPS 27 &#8221; 2K<\/strong> com Alto-falantes \u00b7 16:10 \u00b7 Dot pitch 0.155 mm \u00b7 Resposta 5 ms \u00b7 Contraste 1000:1 \u00b7 Brilho 350 cd\/m2 \u00b7 HDMI \u00b7 2x Display Port \u00b7 DVI \u00b7<br \/>\n<u>Cabo de alimenta\u00e7\u00e3o e DisplayPort inclu\u00eddos &#8211; 4xUSB 3.2<br \/>\n<\/u> [&#8230;]<\/p>\n<p><a class=\"btn btn-secondary understrap-read-more-link\" href=\"https:\/\/digalco.com\/pt-pt\/produto\/fujitsu-p27-8-ts-pro-27-ips-1610-recondicionado-2560x1440-pt-13821\/\">Continuar a ler&#8230;<span class=\"screen-reader-text\"> from Fujitsu P27-8 TS Pro 27&#8221; IPS 16:10 | Recondicionado | 2560&#215;1440<\/span><\/a><\/p>\n","protected":false},"featured_media":263044,"template":"","meta":[],"product_brand":[3859],"product_cat":[2393,1491],"product_tag":[],"class_list":{"0":"post-263070","1":"product","2":"type-product","3":"status-publish","4":"has-post-thumbnail","6":"product_brand-fujitsu","7":"product_cat-monitores-27-pt","8":"product_cat-monitores-pt","10":"first","11":"instock","12":"taxable","13":"shipping-taxable","14":"purchasable","15":"product-type-simple"},"bundled_by":[],"bundle_stock_status":"instock","bundle_stock_quantity":24,"bundle_virtual":false,"bundle_layout":"","bundle_add_to_cart_form_location":"","bundle_editable_in_cart":false,"bundle_sold_individually_context":"","bundle_item_grouping":"","bundle_min_size":"","bundle_max_size":"","bundle_price":[],"bundled_items":[],"bundle_sell_ids":[],"exclude_global_add_ons":true,"addons":{"hdmi-upgrades":{"name":"Extens\u00e3o cabo","type":"multiple_choice","position":0,"required":false,"title_format":"heading","default":"","description_enable":false,"description":"","placeholder_enable":false,"placeholder":"","display":"radiobutton","restrictions_type":"any_text","adjust_price":false,"price":"","price_type":"quantity_based","restrictions":false,"min":"0","max":"0","options":[{"label":"Cabo HDMI 2 mts. [AMP00104]","price":"6.0000","price_type":"quantity_based","image":0,"visibility":true},{"label":"Cabo DVI-D M \/ M Dual Link 1,8 mts. [AMP00102]","price":"2.0000","price_type":"quantity_based","image":0,"visibility":true}]}},"df_price":172,"df_sale_price":"","df_regular_price":172,"df_image_link":"https:\/\/digalco.com\/wp-content\/uploads\/images\/product\/13821\/fuji00266_01-300x225.jpg","_links":{"self":[{"href":"https:\/\/digalco.com\/pt-pt\/wp-json\/wp\/v2\/product\/263070","targetHints":{"allow":["GET"]}}],"collection":[{"href":"https:\/\/digalco.com\/pt-pt\/wp-json\/wp\/v2\/product"}],"about":[{"href":"https:\/\/digalco.com\/pt-pt\/wp-json\/wp\/v2\/types\/product"}],"wp:featuredmedia":[{"embeddable":true,"href":"https:\/\/digalco.com\/pt-pt\/wp-json\/wp\/v2\/media\/263044"}],"wp:attachment":[{"href":"https:\/\/digalco.com\/pt-pt\/wp-json\/wp\/v2\/media?parent=263070"}],"wp:term":[{"taxonomy":"product_brand","embeddable":true,"href":"https:\/\/digalco.com\/pt-pt\/wp-json\/wp\/v2\/product_brand?post=263070"},{"taxonomy":"product_cat","embeddable":true,"href":"https:\/\/digalco.com\/pt-pt\/wp-json\/wp\/v2\/product_cat?post=263070"},{"taxonomy":"product_tag","embeddable":true,"href":"https:\/\/digalco.com\/pt-pt\/wp-json\/wp\/v2\/product_tag?post=263070"}],"curies":[{"name":"wp","href":"https:\/\/api.w.org\/{rel}","templated":true}]}}