{"id":265168,"date":"2025-07-29T10:26:13","date_gmt":"2025-07-29T08:26:13","guid":{"rendered":"https:\/\/digalco.com\/tienda\/ncr-realpos-xr7-15-aio-recondicionado-core-i5-2ghz-8-gb-ram-120-gb-ssd-pt-13921\/"},"modified":"2026-04-16T17:10:28","modified_gmt":"2026-04-16T15:10:28","slug":"ncr-realpos-xr7-15-aio-recondicionado-core-i5-2ghz-8-gb-ram-120-gb-ssd-pt-13921","status":"publish","type":"product","link":"https:\/\/digalco.com\/pt-pt\/produto\/ncr-realpos-xr7-15-aio-recondicionado-core-i5-2ghz-8-gb-ram-120-gb-ssd-pt-13921\/","title":{"rendered":"NCR RealPOS XR7 15&#8243; AIO | Recondicionado | Core i5 2GHz | 8 GB RAM | 120 GB SSD"},"content":{"rendered":"<p><strong>Processador<\/strong><br \/>Intel Core i5 4590T 2 GHz.<br \/><strong>Fator de forma<\/strong><br \/>AIO<br \/><strong>Mem\u00f3ria RAM<\/strong><br \/>8 Gb. SO-DDR3 RAM<br \/><strong>Disco r\u00edgido<\/strong><br \/>120 Gb. SSD<br \/><strong>Cart\u00f5es<\/strong><br \/>Placa gr\u00e1fica: Intel HD 4600<br \/>Som: Realtek High Definition Audio<br \/>Network: Intel I217-LM<br \/><strong>Sistema operativo<\/strong><br \/>&#8211; Sem sistema operativo &#8211;<br \/><strong>Portos<\/strong><br \/>2x USB 3.0<br \/><strong>Tela<\/strong><br \/>T\u00e1til 15 &#8221; HD 4:3  \u00b7 Resolu\u00e7\u00e3o 1024&#215;768<br \/><strong>Portas de v\u00eddeo<\/strong><br \/>HDMI<br \/>Display Port<br \/><strong>Multim\u00eddia<\/strong><br \/>Webcam<br \/><strong>Espec\u00edfico tela<\/strong><br \/>Apoio VESA<br \/>Fonte alimenta\u00e7\u00e3o externa<br \/>Pedestal<br \/><strong>Conectividade<\/strong><br \/>RJ-45<br \/><strong>Outros<\/strong><br \/>hR embalagens<br \/><strong>Dimens\u00f5es<\/strong><br \/>42x40x40 cm.<br \/><strong>Peso<\/strong><br \/>7.00 Kg.<br \/><strong>Especifica\u00e7\u00f5es adicionais<\/strong><br \/>O NCR RealPOS XR7 All-In-One POS \u00e9 uma solu\u00e7\u00e3o ideal para ambientes de retalho e ponto de venda, combinando funcionalidade e design compacto. O seu ecr\u00e3 t\u00e1til HD de 15 polegadas (resolu\u00e7\u00e3o de 1024&#215;768) com um r\u00e1cio de 4:3 permite uma intera\u00e7\u00e3o fluida e otimizada para aplica\u00e7\u00f5es POS. Equipado com um processador Intel Core i5 4590T de 2 GHz e 8 GB de RAM DDR3, oferece o desempenho necess\u00e1rio para gerir as opera\u00e7\u00f5es de vendas de forma r\u00e1pida e eficiente. Este dispositivo possui um SSD de 120 GB, permitindo um arranque r\u00e1pido e um armazenamento fi\u00e1vel para dados cr\u00edticos para o neg\u00f3cio. A sua versatilidade \u00e9 ainda ampliada por m\u00faltiplas portas USB: tr\u00eas portas USB 2.0 de 12 V, uma porta USB 2.0 de 24 V e duas portas USB 3.0, facilitando a liga\u00e7\u00e3o de perif\u00e9ricos como impressoras ou leitores de c\u00f3digo de barras. Inclui tamb\u00e9m uma porta dedicada para gaveta de dinheiro, completando uma esta\u00e7\u00e3o de trabalho de ponto de venda completa e eficiente.<br \/>Exterior atrativo. Consulte &#8220;+ Fotos&#8221; e &#8220;V\u00eddeo&#8221; e, se tiver alguma d\u00favida, ligue-nos ou utilize o nosso chat para obter mais informa\u00e7\u00f5es ou solicitar mais detalhes.<br \/><strong>Coment\u00e1rios<\/strong><br \/><u>3xUSB 2.0 12V \/ 1xUSB 2.0 24V \/ 2xUSB 3.0 \u2013 1xporta gaveta de dinheiro<\/u><\/p>\n","protected":false},"excerpt":{"rendered":"<p>Intel Core i5 4590T 2 GHz. \u00b7 8 Gb. SO-DDR3 RAM \u00b7 120 Gb. SSD \u00b7 &#8211; <u>Sem sistema operativo<\/u> &#8211; \u00b7 T\u00e1til 15 &#8221; HD 4:3 \u00b7 Resolu\u00e7\u00e3o 1024&#215;768 \u00b7<br \/>\n<u>3xUSB 2.0 12V \/ 1xUSB 2.0 24V \/ 2xUSB 3.0 \u2013 1xporta gaveta de dinheiro<br \/>\n<\/u> [&#8230;]<\/p>\n<p><a class=\"btn btn-secondary understrap-read-more-link\" href=\"https:\/\/digalco.com\/pt-pt\/produto\/ncr-realpos-xr7-15-aio-recondicionado-core-i5-2ghz-8-gb-ram-120-gb-ssd-pt-13921\/\">Continuar a ler&#8230;<span class=\"screen-reader-text\"> from NCR RealPOS XR7 15&#8243; AIO | Recondicionado | Core i5 2GHz | 8 GB RAM | 120 GB SSD<\/span><\/a><\/p>\n","protected":false},"featured_media":265122,"template":"","meta":[],"product_brand":[3867],"product_cat":[1599,1595],"product_tag":[],"class_list":{"0":"post-265168","1":"product","2":"type-product","3":"status-publish","4":"has-post-thumbnail","6":"product_brand-ncr","7":"product_cat-pos-all-in-one-pt","8":"product_cat-pos-pt","10":"first","11":"instock","12":"taxable","13":"shipping-taxable","14":"purchasable","15":"product-type-simple"},"bundled_by":[],"bundle_stock_status":"instock","bundle_stock_quantity":37,"bundle_virtual":false,"bundle_layout":"","bundle_add_to_cart_form_location":"","bundle_editable_in_cart":false,"bundle_sold_individually_context":"","bundle_item_grouping":"","bundle_min_size":"","bundle_max_size":"","bundle_price":[],"bundled_items":[],"bundle_sell_ids":[],"exclude_global_add_ons":true,"addons":{"webcam-upgrades":{"name":"Extens\u00e3o Webcam","type":"multiple_choice","position":0,"required":false,"title_format":"heading","default":"","description_enable":false,"description":"","placeholder_enable":false,"placeholder":"","display":"radiobutton","restrictions_type":"any_text","adjust_price":false,"price":"","price_type":"quantity_based","restrictions":false,"min":"0","max":"0","options":[{"label":"Conceptronic AMDIS FullHD [AMP00085]","price":"29.0000","price_type":"quantity_based","image":0,"visibility":true}]},"ram-memory-upgrades":{"name":"Extens\u00e3o RAM","type":"multiple_choice","position":0,"required":false,"title_format":"heading","default":"","description_enable":false,"description":"","placeholder_enable":false,"placeholder":"","display":"radiobutton","restrictions_type":"any_text","adjust_price":false,"price":"","price_type":"quantity_based","restrictions":false,"min":"0","max":"0","options":[{"label":"Extens\u00e3o SODIM RAM 16 Gb DDR3 [AMP00004]","price":"50.0000","price_type":"quantity_based","image":0,"visibility":true}]},"hdd-upgrades":{"name":"Extens\u00e3o disco r\u00edgido","type":"multiple_choice","position":0,"required":false,"title_format":"heading","default":"","description_enable":false,"description":"","placeholder_enable":false,"placeholder":"","display":"radiobutton","restrictions_type":"any_text","adjust_price":false,"price":"","price_type":"quantity_based","restrictions":false,"min":"0","max":"0","options":[{"label":"Cambio a Disco SSD 240 Gb. [AMP00013]","price":"35.0000","price_type":"quantity_based","image":0,"visibility":true},{"label":"Cambio a Disco SSD 480 Gb. [AMP00014]","price":"59.0000","price_type":"quantity_based","image":0,"visibility":true},{"label":"Cambio a Disco SSD 1 Tb. [AMP00071]","price":"95.0000","price_type":"quantity_based","image":0,"visibility":true}]},"network-card-upgrades":{"name":"Extens\u00e3o WIFI","type":"multiple_choice","position":0,"required":false,"title_format":"heading","default":"","description_enable":false,"description":"","placeholder_enable":false,"placeholder":"","display":"radiobutton","restrictions_type":"any_text","adjust_price":false,"price":"","price_type":"quantity_based","restrictions":false,"min":"0","max":"0","options":[{"label":"Ampliaci\u00f3n a Wireless nano USB [AMP00018]","price":"12.0000","price_type":"quantity_based","image":0,"visibility":true}]},"keyboard-upgrades":{"name":"Extens\u00e3o teclado","type":"multiple_choice","position":0,"required":false,"title_format":"heading","default":"","description_enable":false,"description":"","placeholder_enable":false,"placeholder":"","display":"radiobutton","restrictions_type":"any_text","adjust_price":false,"price":"","price_type":"quantity_based","restrictions":false,"min":"0","max":"0","options":[{"label":"Teclado e Mouse [AMP00020]","price":"8.0000","price_type":"quantity_based","image":0,"visibility":true},{"label":"Teclado e Mouse Portugu\u00e9s Nuevo [AMP00088]","price":"15.0000","price_type":"quantity_based","image":0,"visibility":true},{"label":"Teclado e mouse USB em espanhol (Novo) [AMP00068]","price":"12.0000","price_type":"quantity_based","image":0,"visibility":true}]}},"df_price":258,"df_sale_price":"","df_regular_price":258,"df_image_link":"https:\/\/digalco.com\/wp-content\/uploads\/images\/product\/13921\/ncr00019_01-300x225.jpg","_links":{"self":[{"href":"https:\/\/digalco.com\/pt-pt\/wp-json\/wp\/v2\/product\/265168","targetHints":{"allow":["GET"]}}],"collection":[{"href":"https:\/\/digalco.com\/pt-pt\/wp-json\/wp\/v2\/product"}],"about":[{"href":"https:\/\/digalco.com\/pt-pt\/wp-json\/wp\/v2\/types\/product"}],"wp:featuredmedia":[{"embeddable":true,"href":"https:\/\/digalco.com\/pt-pt\/wp-json\/wp\/v2\/media\/265122"}],"wp:attachment":[{"href":"https:\/\/digalco.com\/pt-pt\/wp-json\/wp\/v2\/media?parent=265168"}],"wp:term":[{"taxonomy":"product_brand","embeddable":true,"href":"https:\/\/digalco.com\/pt-pt\/wp-json\/wp\/v2\/product_brand?post=265168"},{"taxonomy":"product_cat","embeddable":true,"href":"https:\/\/digalco.com\/pt-pt\/wp-json\/wp\/v2\/product_cat?post=265168"},{"taxonomy":"product_tag","embeddable":true,"href":"https:\/\/digalco.com\/pt-pt\/wp-json\/wp\/v2\/product_tag?post=265168"}],"curies":[{"name":"wp","href":"https:\/\/api.w.org\/{rel}","templated":true}]}}