{"id":266172,"date":"2025-08-01T14:11:54","date_gmt":"2025-08-01T12:11:54","guid":{"rendered":"https:\/\/digalco.com\/tienda\/hp-proliant-dl380-g5-rack-recondicionado-xeon-233ghz-14-gb-ram-300-gb-sas-pt-12559\/"},"modified":"2025-08-01T14:11:59","modified_gmt":"2025-08-01T12:11:59","slug":"hp-proliant-dl380-g5-rack-recondicionado-xeon-233ghz-14-gb-ram-300-gb-sas-pt-12559","status":"publish","type":"product","link":"https:\/\/digalco.com\/pt-pt\/produto\/hp-proliant-dl380-g5-rack-recondicionado-xeon-233ghz-14-gb-ram-300-gb-sas-pt-12559\/","title":{"rendered":"HP ProLiant DL380 G5 Rack | Recondicionado | Xeon 2.33GHz | 14 GB RAM | 300 GB SAS"},"content":{"rendered":"<p><strong>Processador<\/strong><br \/>2x Intel Xeon e5345 2.33 GHz.<br \/><strong>Fator de forma<\/strong><br \/>Rack (2U)<br \/><strong>Mem\u00f3ria RAM<\/strong><br \/>14 Gb. DDR2 ECC RAM<br \/>8 ba\u00edas (0 vazio )<br \/><strong>Disco r\u00edgido<\/strong><br \/>3x 300 Gb. SAS 2.5&#8221; 10000rpm<br \/>SAS 2.5&#8221; 10000rpm<br \/>8 ba\u00edas (5 vazio )<br \/><strong>Drive \u00f3ptico<\/strong><br \/>Combo (CD-RW\/DVD)<br \/><strong>Cart\u00f5es<\/strong><br \/>Placa gr\u00e1fica: intel HD Graphics<br \/>Network: Gigabit Ethernet<br \/><strong>Sistema operativo<\/strong><br \/>&#8211; Sem sistema operativo &#8211;<br \/><strong>Portos<\/strong><br \/>S\u00e9rie<br \/>4x USB 2.0<br \/>PS2<br \/><strong>Conectividade<\/strong><br \/>4x RJ-45<br \/><strong>Alimenta\u00e7\u00e3o<\/strong><br \/>Fontes de alimenta\u00e7\u00e3o (Hotplug)<br \/><strong>Outros<\/strong><br \/>hR embalagens<br \/><strong>Dimens\u00f5es<\/strong><br \/>8.5&#215;67.4&#215;48.5 cm.<br \/><strong>Peso<\/strong><br \/>20.00 Kg.<br \/><strong>Especifica\u00e7\u00f5es adicionais<\/strong><br \/>O HP ProLiant DL380 G5 \u00e9 um servidor em rack 2U fi\u00e1vel e expans\u00edvel, ideal para pequenas e m\u00e9dias empresas que necessitam de uma solu\u00e7\u00e3o robusta para tarefas como armazenamento, servi\u00e7os de rede, c\u00f3pias de seguran\u00e7a ou ambientes de laborat\u00f3rio. Possui dois processadores Intel Xeon E5345 quad-core de 2,33 GHz, capazes de lidar com m\u00faltiplos processos de forma eficiente.Possui 14 GB de mem\u00f3ria DDR2 ECC, que protege a integridade dos dados atrav\u00e9s da corre\u00e7\u00e3o de erros, ideal para sistemas cr\u00edticos. Disp\u00f5e de tr\u00eas discos r\u00edgidos SAS de 300 GB e 10.000 rpm num formato de 2,5&#8243;, montados num chassis de 8 ba\u00edas (cheio), al\u00e9m de uma bandeja adicional de 8 ba\u00edas (5 vazias), permitindo a expans\u00e3o do armazenamento para satisfazer as necessidades futuras.O armazenamento \u00e9 gerido pelo fi\u00e1vel HP Smart Array P400, que suporta n\u00edveis RAID para combinar desempenho e redund\u00e2ncia. Inclui uma unidade combinada de CD-RW\/DVD e dois slots PCIe X8, oferecendo capacidade de expans\u00e3o para controladores adicionais, placas de rede ou armazenamento externo.Uma op\u00e7\u00e3o acess\u00edvel e funcional para projetos de TI que exigem estabilidade e capacidade de expans\u00e3o.\u00d3tima apar\u00eancia exterior. Em caso de d\u00favida, contacte-nos ou utilize o nosso chat para obter mais informa\u00e7\u00f5es ou solicitar mais detalhes.<br \/><strong>Coment\u00e1rios<\/strong><br \/><u>HP Smart Array P400 RAID Controller &#8211; 2xPCIe X8<\/u><\/p>\n","protected":false},"excerpt":{"rendered":"<p>2x Intel Xeon e5345 2.33 GHz. \u00b7 14 Gb. DDR2 ECC RAM \u00b7 3x 300 Gb. SAS 2.5&#8221; \u00b7 Combo (CD-RW\/DVD) \u00b7<br \/>\n<u>HP Smart Array P400 RAID Controller &#8211; 2xPCIe X8<br \/>\n<\/u> [&#8230;]<\/p>\n<p><a class=\"btn btn-secondary understrap-read-more-link\" href=\"https:\/\/digalco.com\/pt-pt\/produto\/hp-proliant-dl380-g5-rack-recondicionado-xeon-233ghz-14-gb-ram-300-gb-sas-pt-12559\/\">Continuar a ler&#8230;<span class=\"screen-reader-text\"> from HP ProLiant DL380 G5 Rack | Recondicionado | Xeon 2.33GHz | 14 GB RAM | 300 GB SAS<\/span><\/a><\/p>\n","protected":false},"featured_media":266166,"template":"","meta":[],"product_brand":[3854],"product_cat":[1639,1631],"product_tag":[],"class_list":{"0":"post-266172","1":"product","2":"type-product","3":"status-publish","4":"has-post-thumbnail","6":"product_brand-hp","7":"product_cat-servidores-rack-pt","8":"product_cat-servidores-pt","10":"first","11":"instock","12":"taxable","13":"shipping-taxable","14":"purchasable","15":"product-type-simple"},"bundled_by":[],"bundle_stock_status":"instock","bundle_stock_quantity":1,"bundle_virtual":false,"bundle_layout":"","bundle_add_to_cart_form_location":"","bundle_editable_in_cart":false,"bundle_sold_individually_context":"","bundle_item_grouping":"","bundle_min_size":"","bundle_max_size":"","bundle_price":[],"bundled_items":[],"bundle_sell_ids":[],"exclude_global_add_ons":true,"addons":{"hdd-upgrades":{"name":"Extens\u00e3o disco r\u00edgido","type":"multiple_choice","position":0,"required":false,"title_format":"heading","default":"","description_enable":false,"description":"","placeholder_enable":false,"placeholder":"","display":"radiobutton","restrictions_type":"any_text","adjust_price":false,"price":"","price_type":"quantity_based","restrictions":false,"min":"0","max":"0","options":[{"label":"2x Disco SSD 240 Gb. [AMP00058]","price":"100.0000","price_type":"quantity_based","image":0,"visibility":true},{"label":"2x Disco SSD 480 Gb. [AMP00059]","price":"200.0000","price_type":"quantity_based","image":0,"visibility":true}]}},"df_price":168,"df_sale_price":"","df_regular_price":168,"df_image_link":"https:\/\/digalco.com\/wp-content\/uploads\/images\/product\/12559\/hp02666_01-300x225.jpg","_links":{"self":[{"href":"https:\/\/digalco.com\/pt-pt\/wp-json\/wp\/v2\/product\/266172","targetHints":{"allow":["GET"]}}],"collection":[{"href":"https:\/\/digalco.com\/pt-pt\/wp-json\/wp\/v2\/product"}],"about":[{"href":"https:\/\/digalco.com\/pt-pt\/wp-json\/wp\/v2\/types\/product"}],"wp:featuredmedia":[{"embeddable":true,"href":"https:\/\/digalco.com\/pt-pt\/wp-json\/wp\/v2\/media\/266166"}],"wp:attachment":[{"href":"https:\/\/digalco.com\/pt-pt\/wp-json\/wp\/v2\/media?parent=266172"}],"wp:term":[{"taxonomy":"product_brand","embeddable":true,"href":"https:\/\/digalco.com\/pt-pt\/wp-json\/wp\/v2\/product_brand?post=266172"},{"taxonomy":"product_cat","embeddable":true,"href":"https:\/\/digalco.com\/pt-pt\/wp-json\/wp\/v2\/product_cat?post=266172"},{"taxonomy":"product_tag","embeddable":true,"href":"https:\/\/digalco.com\/pt-pt\/wp-json\/wp\/v2\/product_tag?post=266172"}],"curies":[{"name":"wp","href":"https:\/\/api.w.org\/{rel}","templated":true}]}}