{"id":266637,"date":"2025-08-06T09:15:01","date_gmt":"2025-08-06T07:15:01","guid":{"rendered":"https:\/\/digalco.com\/tienda\/apple-macbook-air-101-133-recondicionado-m1-32ghz-16-gb-ram-256-gb-ssd-m2-2560x1600-pt-13941\/"},"modified":"2025-12-23T12:09:41","modified_gmt":"2025-12-23T11:09:41","slug":"apple-macbook-air-101-133-recondicionado-m1-32ghz-16-gb-ram-256-gb-ssd-m2-2560x1600-pt-13941","status":"publish","type":"product","link":"https:\/\/digalco.com\/pt-pt\/produto\/apple-macbook-air-101-133-recondicionado-m1-32ghz-16-gb-ram-256-gb-ssd-m2-2560x1600-pt-13941\/","title":{"rendered":"Apple MacBook Air 10,1 13.3&#8221; | Recondicionado | M1 3.2GHz | 16 GB RAM | 256 GB SSD M2 2560&#215;1600"},"content":{"rendered":"<p><strong>Processador<\/strong><br \/>Apple M1 3.2 GHz.<br \/><strong>Mem\u00f3ria RAM<\/strong><br \/>16 Gb. SO-DDR4 RAM<br \/><strong>Disco r\u00edgido<\/strong><br \/>256 Gb. SSD M2<br \/><strong>Cart\u00f5es<\/strong><br \/>Placa gr\u00e1fica: Apple G13G<br \/>Som: HD Audio<br \/><strong>Sistema operativo<\/strong><br \/>macOS Sequoia<br \/><strong>Portos<\/strong><br \/>2x USB-C<br \/><strong>Tela<\/strong><br \/>Retina 13.3 &#8221; 2K 16:9  \u00b7 Resolu\u00e7\u00e3o 2560&#215;1600<br \/><strong>Multim\u00eddia<\/strong><br \/>Webcam<br \/><strong>Conectividade<\/strong><br \/>WIFI<br \/>Bluetooth<br \/><strong>Espec\u00edfico laptop<\/strong><br \/>Layout do teclado Internacional (adesivos espanhol)<br \/><strong>Outros<\/strong><br \/>hR embalagens<br \/><strong>Dimens\u00f5es<\/strong><br \/>30.4&#215;21.2&#215;1.6 cm.<br \/><strong>Peso<\/strong><br \/>1.30 Kg.<br \/><strong>Especifica\u00e7\u00f5es adicionais<\/strong><br \/>Elegante, silencioso e mais potente do que imagina. O MacBook Air (A2337) (2020) de 13,3 polegadas na cor Cinzento Espacial marca o in\u00edcio de uma nova era com o chip Apple M1 de 3,2 GHz, revolucionando a forma como trabalha, cria e tira partido de conte\u00fados num port\u00e1til ultraleve. Com 16 GB de RAM DDR4 e um SSD M. 2 de 256 GB, oferece uma experi\u00eancia fluida e responsiva desde o primeiro segundo: arranque instant\u00e2neo de aplica\u00e7\u00f5es, multitarefa sem atrasos e excelente dura\u00e7\u00e3o da bateria. Ideal para estudantes e profissionais que necessitam de um desempenho real em movimento. O ecr\u00e3 Retina LED de 13,3 polegadas com resolu\u00e7\u00e3o 2K (2560&#215;1600) oferece imagens vibrantes e texto perfeitamente definido. Perfeito para design leve, navega\u00e7\u00e3o intensiva ou simplesmente para desfrutar de s\u00e9ries e videochamadas em alta qualidade com a sua webcam HD integrada. Tudo isto a correr no macOS Sequoia, o sistema operativo mais avan\u00e7ado da Apple at\u00e9 \u00e0 data. Fino, robusto e com um design irrepreens\u00edvel, este MacBook Air (A2337) prova que n\u00e3o precisa dele. Grande o suficiente para ser incrivelmente potente. Excelente apar\u00eancia exterior. Veja &#8220;+ Fotos&#8221; e, se tiver alguma d\u00favida, ligue-nos ou utilize o nosso chat para obter mais informa\u00e7\u00f5es ou solicitar mais detalhes.<br \/><strong>Coment\u00e1rios<\/strong><br \/><u>Modelo A2337 (2020) &#8211; Cor Space Grey<\/u><\/p>\n","protected":false},"excerpt":{"rendered":"<p><strong>Apple M1 3.2 GHz.<\/strong> \u00b7 16 Gb. SO-DDR4 RAM \u00b7 256 Gb. SSD M2 \u00b7 macOS Sequoia \u00b7 Retina 13.3 &#8221; 2K 16:9 \u00b7 Resolu\u00e7\u00e3o 2560&#215;1600 \u00b7 Webcam \u00b7<br \/>\n<u>Modelo A2337 (2020) &#8211; Cor Space Grey<br \/>\n<\/u> [&#8230;]<\/p>\n<p><a class=\"btn btn-secondary understrap-read-more-link\" href=\"https:\/\/digalco.com\/pt-pt\/produto\/apple-macbook-air-101-133-recondicionado-m1-32ghz-16-gb-ram-256-gb-ssd-m2-2560x1600-pt-13941\/\">Continuar a ler&#8230;<span class=\"screen-reader-text\"> from Apple MacBook Air 10,1 13.3&#8221; | Recondicionado | M1 3.2GHz | 16 GB RAM | 256 GB SSD M2 2560&#215;1600<\/span><\/a><\/p>\n","protected":false},"featured_media":266606,"template":"","meta":[],"product_brand":[3857],"product_cat":[1431,3081],"product_tag":[],"class_list":{"0":"post-266637","1":"product","2":"type-product","3":"status-publish","4":"has-post-thumbnail","6":"product_brand-apple","7":"product_cat-apple-pt","8":"product_cat-apple-macbook-air-pt","10":"first","11":"instock","12":"taxable","13":"shipping-taxable","14":"purchasable","15":"product-type-simple"},"bundled_by":[],"bundle_stock_status":"instock","bundle_stock_quantity":14,"bundle_virtual":false,"bundle_layout":"","bundle_add_to_cart_form_location":"","bundle_editable_in_cart":false,"bundle_sold_individually_context":"","bundle_item_grouping":"","bundle_min_size":"","bundle_max_size":"","bundle_price":[],"bundled_items":[],"bundle_sell_ids":[],"exclude_global_add_ons":true,"addons":{"keyboard-iso-upgrades":{"name":"Selecione idioma teclado","type":"multiple_choice","position":0,"required":false,"title_format":"heading","default":"","description_enable":false,"description":"","placeholder_enable":false,"placeholder":"","display":"radiobutton","restrictions_type":"any_text","adjust_price":false,"price":"","price_type":"quantity_based","restrictions":false,"min":"0","max":"0","options":[{"label":"Pegatinas Espanhol [AMP00082]","price":"0.0000","price_type":"quantity_based","image":0,"visibility":true},{"label":"Pegatinas Franc\u00e9s [AMP00084]","price":"0.0000","price_type":"quantity_based","image":0,"visibility":true},{"label":"Pegatinas Portugues [AMP00083]","price":"0.0000","price_type":"quantity_based","image":0,"visibility":true}]},"mouse-upgrades":{"name":"Extens\u00e3o rato","type":"multiple_choice","position":0,"required":false,"title_format":"heading","default":"","description_enable":false,"description":"","placeholder_enable":false,"placeholder":"","display":"radiobutton","restrictions_type":"any_text","adjust_price":false,"price":"","price_type":"quantity_based","restrictions":false,"min":"0","max":"0","options":[{"label":"Apple Magic Mouse 2 (A1657) [AMP00060]","price":"60.0000","price_type":"quantity_based","image":0,"visibility":true}]}},"df_price":540,"df_sale_price":"","df_regular_price":540,"df_image_link":"https:\/\/digalco.com\/wp-content\/uploads\/images\/product\/13941\/appl00634_01-300x225.jpg","_links":{"self":[{"href":"https:\/\/digalco.com\/pt-pt\/wp-json\/wp\/v2\/product\/266637","targetHints":{"allow":["GET"]}}],"collection":[{"href":"https:\/\/digalco.com\/pt-pt\/wp-json\/wp\/v2\/product"}],"about":[{"href":"https:\/\/digalco.com\/pt-pt\/wp-json\/wp\/v2\/types\/product"}],"wp:featuredmedia":[{"embeddable":true,"href":"https:\/\/digalco.com\/pt-pt\/wp-json\/wp\/v2\/media\/266606"}],"wp:attachment":[{"href":"https:\/\/digalco.com\/pt-pt\/wp-json\/wp\/v2\/media?parent=266637"}],"wp:term":[{"taxonomy":"product_brand","embeddable":true,"href":"https:\/\/digalco.com\/pt-pt\/wp-json\/wp\/v2\/product_brand?post=266637"},{"taxonomy":"product_cat","embeddable":true,"href":"https:\/\/digalco.com\/pt-pt\/wp-json\/wp\/v2\/product_cat?post=266637"},{"taxonomy":"product_tag","embeddable":true,"href":"https:\/\/digalco.com\/pt-pt\/wp-json\/wp\/v2\/product_tag?post=266637"}],"curies":[{"name":"wp","href":"https:\/\/api.w.org\/{rel}","templated":true}]}}