{"id":266780,"date":"2025-08-06T12:15:21","date_gmt":"2025-08-06T10:15:21","guid":{"rendered":"https:\/\/digalco.com\/tienda\/hp-probook-440-g7-14-recondicionado-core-i5-16ghz-16-gb-ram-256-gb-ssd-m2-1920x1080-pt-13896\/"},"modified":"2026-04-15T11:48:05","modified_gmt":"2026-04-15T09:48:05","slug":"hp-probook-440-g7-14-recondicionado-core-i5-16ghz-16-gb-ram-256-gb-ssd-m2-1920x1080-pt-13896","status":"publish","type":"product","link":"https:\/\/digalco.com\/pt-pt\/produto\/hp-probook-440-g7-14-recondicionado-core-i5-16ghz-16-gb-ram-256-gb-ssd-m2-1920x1080-pt-13896\/","title":{"rendered":"HP ProBook 440 G7 14&#8221; | Recondicionado | Core i5 1.6GHz | 16 GB RAM | 256 GB SSD M2 1920&#215;1080"},"content":{"rendered":"<p><strong>Processador<\/strong><br \/>Intel Core i5 10210U 1.6 GHz.<br \/><strong>Mem\u00f3ria RAM<\/strong><br \/>16 Gb. SO-DDR4 RAM<br \/><strong>Disco r\u00edgido<\/strong><br \/>256 Gb. SSD M2<br \/><strong>Cart\u00f5es<\/strong><br \/>Placa gr\u00e1fica: Intel UHD Graphics<br \/>Som: Realtek Audio<br \/>Network: Realtek PCIe GBE<br \/><strong>Sistema operativo<\/strong><br \/>Windows 11 Pro<br \/><strong>Portos<\/strong><br \/>USB 2.0<br \/>USB-C<br \/>2x USB 3.1<br \/><strong>Tela<\/strong><br \/>IPS 14 &#8221; FullHD 16:9  \u00b7 Resolu\u00e7\u00e3o 1920&#215;1080<br \/><strong>Portas de v\u00eddeo<\/strong><br \/>HDMI<br \/><strong>Multim\u00eddia<\/strong><br \/>Webcam<br \/>Leitor SD<br \/>Leitor impress\u00f5es digitais<br \/><strong>Conectividade<\/strong><br \/>RJ-45<br \/>WIFI<br \/>Bluetooth<br \/><strong>Espec\u00edfico laptop<\/strong><br \/>Layout do teclado Internacional (adesivos espanhol)<br \/><strong>Outros<\/strong><br \/>hR embalagens<br \/><strong>Dimens\u00f5es<\/strong><br \/>32x23x1.8 cm.<br \/><strong>Peso<\/strong><br \/>1.60 Kg.<br \/><strong>Especifica\u00e7\u00f5es adicionais<\/strong><br \/>O HP ProBook 440 G7 \u00e9 um port\u00e1til empresarial equilibrado e vers\u00e1til, ideal tanto para ambientes de escrit\u00f3rio como para utilizadores comuns que procuram fiabilidade. Equipado com um processador Intel Core i5 de 10\u00aa gera\u00e7\u00e3o, 16 GB de RAM e um SSD M. 2 de 256 GB, oferece um desempenho fluido e eficiente em multitarefa.<br \/>O seu ecr\u00e3 IPS Full HD de 14 polegadas oferece uma excelente qualidade de imagem, com amplos \u00e2ngulos de vis\u00e3o e uma nitidez superior. O dispositivo inclui um leitor de impress\u00f5es digitais, um leitor de cart\u00f5es SD e um m\u00f3dulo TPM 2.0, garantindo um elevado n\u00edvel de seguran\u00e7a e conectividade. Al\u00e9m disso, a webcam integrada facilita as reuni\u00f5es virtuais e as videochamadas n\u00edtidas.<br \/>Com um design elegante e profissional, o ProBook 440 G7 \u00e9 uma solu\u00e7\u00e3o robusta e atualizada com Windows 11 Pro, pronta para lidar com dias de trabalho intensos com fiabilidade e desempenho. Ideal para utilizadores exigentes que procuram portabilidade sem sacrificar a pot\u00eancia.<br \/>Boa apar\u00eancia exterior. Pode apresentar ligeiros sinais de uso na estrutura. Caso tenha alguma d\u00favida, ligue-nos ou utilize o nosso chat para obter mais informa\u00e7\u00f5es ou solicitar mais detalhes.<\/p>\n","protected":false},"excerpt":{"rendered":"<p>Intel Core i5 10210U 1.6 GHz. \u00b7 16 Gb. SO-DDR4 RAM \u00b7 256 Gb. SSD M2 \u00b7 <strong>Windows 11 Pro<\/strong> \u00b7 IPS 14 &#8221; FullHD 16:9 \u00b7 Webcam \u00b7<u>Teclado internacional com stickers em Portugu\u00eas<\/u> [&#8230;]<\/p>\n<p><a class=\"btn btn-secondary understrap-read-more-link\" href=\"https:\/\/digalco.com\/pt-pt\/produto\/hp-probook-440-g7-14-recondicionado-core-i5-16ghz-16-gb-ram-256-gb-ssd-m2-1920x1080-pt-13896\/\">Continuar a ler&#8230;<span class=\"screen-reader-text\"> from HP ProBook 440 G7 14&#8221; | Recondicionado | Core i5 1.6GHz | 16 GB RAM | 256 GB SSD M2 1920&#215;1080<\/span><\/a><\/p>\n","protected":false},"featured_media":266759,"template":"","meta":[],"product_brand":[3854],"product_cat":[3759,1515],"product_tag":[],"class_list":{"0":"post-266780","1":"product","2":"type-product","3":"status-publish","4":"has-post-thumbnail","6":"product_brand-hp","7":"product_cat-laptops-14-pt","8":"product_cat-laptops-pt","10":"first","11":"outofstock","12":"taxable","13":"shipping-taxable","14":"purchasable","15":"product-type-simple"},"bundled_by":[],"bundle_stock_status":"outofstock","bundle_stock_quantity":0,"bundle_virtual":false,"bundle_layout":"","bundle_add_to_cart_form_location":"","bundle_editable_in_cart":false,"bundle_sold_individually_context":"","bundle_item_grouping":"","bundle_min_size":"","bundle_max_size":"","bundle_price":[],"bundled_items":[],"bundle_sell_ids":[],"exclude_global_add_ons":true,"addons":{"keyboard-iso-upgrades":{"name":"Selecione idioma teclado","type":"multiple_choice","position":0,"required":false,"title_format":"heading","default":"","description_enable":false,"description":"","placeholder_enable":false,"placeholder":"","display":"radiobutton","restrictions_type":"any_text","adjust_price":false,"price":"","price_type":"quantity_based","restrictions":false,"min":"0","max":"0","options":[{"label":"Pegatinas Espanhol [AMP00082]","price":"0.0000","price_type":"quantity_based","image":0,"visibility":true},{"label":"Pegatinas Franc\u00e9s [AMP00084]","price":"0.0000","price_type":"quantity_based","image":0,"visibility":true},{"label":"Pegatinas Portugues [AMP00083]","price":"0.0000","price_type":"quantity_based","image":0,"visibility":true}]},"ram-memory-upgrades":{"name":"Extens\u00e3o RAM","type":"multiple_choice","position":0,"required":false,"title_format":"heading","default":"","description_enable":false,"description":"","placeholder_enable":false,"placeholder":"","display":"radiobutton","restrictions_type":"any_text","adjust_price":false,"price":"","price_type":"quantity_based","restrictions":false,"min":"0","max":"0","options":[{"label":"Extens\u00e3o SODIM RAM 32 Gb [AMP00098]","price":"150.0000","price_type":"quantity_based","image":0,"visibility":true}]},"hdd-upgrades":{"name":"Extens\u00e3o disco r\u00edgido","type":"multiple_choice","position":0,"required":false,"title_format":"heading","default":"","description_enable":false,"description":"","placeholder_enable":false,"placeholder":"","display":"radiobutton","restrictions_type":"any_text","adjust_price":false,"price":"","price_type":"quantity_based","restrictions":false,"min":"0","max":"0","options":[{"label":"Cambio a Disco SSD 500 Gb. M.2 2280 PCIe [AMP00106]","price":"110.0000","price_type":"quantity_based","image":0,"visibility":true},{"label":"Cambio a Disco SSD 1 Tb. M.2 2280 PCIe [AMP00107]","price":"165.0000","price_type":"quantity_based","image":0,"visibility":true}]},"os-upgrades":{"name":"Extens\u00e3o OS","type":"multiple_choice","position":0,"required":false,"title_format":"heading","default":"","description_enable":false,"description":"","placeholder_enable":false,"placeholder":"","display":"radiobutton","restrictions_type":"any_text","adjust_price":false,"price":"","price_type":"quantity_based","restrictions":false,"min":"0","max":"0","options":[{"label":"Alterar idioma para franc\u00eas [AMP00125]","price":"0.0000","price_type":"quantity_based","image":0,"visibility":true},{"label":"Alterar idioma para ingl\u00eas [AMP00008]","price":"0.0000","price_type":"quantity_based","image":0,"visibility":true},{"label":"Alterar idioma para o portugu\u00eas [AMP00009]","price":"0.0000","price_type":"quantity_based","image":0,"visibility":true}]},"briefcase-upgrades":{"name":"Maleta","type":"multiple_choice","position":0,"required":false,"title_format":"heading","default":"","description_enable":false,"description":"","placeholder_enable":false,"placeholder":"","display":"radiobutton","restrictions_type":"any_text","adjust_price":false,"price":"","price_type":"quantity_based","restrictions":false,"min":"0","max":"0","options":[{"label":"Maleta Port\u00e1til [AMP00041]","price":"5.0000","price_type":"quantity_based","image":0,"visibility":true}]}},"df_price":327,"df_sale_price":"","df_regular_price":327,"df_image_link":"https:\/\/digalco.com\/wp-content\/uploads\/images\/product\/13896\/hp03066_01-300x225.jpg","_links":{"self":[{"href":"https:\/\/digalco.com\/pt-pt\/wp-json\/wp\/v2\/product\/266780","targetHints":{"allow":["GET"]}}],"collection":[{"href":"https:\/\/digalco.com\/pt-pt\/wp-json\/wp\/v2\/product"}],"about":[{"href":"https:\/\/digalco.com\/pt-pt\/wp-json\/wp\/v2\/types\/product"}],"wp:featuredmedia":[{"embeddable":true,"href":"https:\/\/digalco.com\/pt-pt\/wp-json\/wp\/v2\/media\/266759"}],"wp:attachment":[{"href":"https:\/\/digalco.com\/pt-pt\/wp-json\/wp\/v2\/media?parent=266780"}],"wp:term":[{"taxonomy":"product_brand","embeddable":true,"href":"https:\/\/digalco.com\/pt-pt\/wp-json\/wp\/v2\/product_brand?post=266780"},{"taxonomy":"product_cat","embeddable":true,"href":"https:\/\/digalco.com\/pt-pt\/wp-json\/wp\/v2\/product_cat?post=266780"},{"taxonomy":"product_tag","embeddable":true,"href":"https:\/\/digalco.com\/pt-pt\/wp-json\/wp\/v2\/product_tag?post=266780"}],"curies":[{"name":"wp","href":"https:\/\/api.w.org\/{rel}","templated":true}]}}