{"id":268759,"date":"2025-09-02T11:51:11","date_gmt":"2025-09-02T09:51:11","guid":{"rendered":"https:\/\/digalco.com\/tienda\/opcao-portatil-hp-essential-maletin-156-reacondicionado-recondicionado-pt-13495\/"},"modified":"2025-09-02T11:51:52","modified_gmt":"2025-09-02T09:51:52","slug":"opcao-portatil-hp-essential-maletin-156-reacondicionado-recondicionado-pt-13495","status":"publish","type":"product","link":"https:\/\/digalco.com\/pt-pt\/produto\/opcao-portatil-hp-essential-maletin-156-reacondicionado-recondicionado-pt-13495\/","title":{"rendered":"Op\u00e7\u00e3o port\u00e1til HP Essential Maletin 15,6&#8243; | Recondicionado"},"content":{"rendered":"","protected":false},"excerpt":{"rendered":"<p>HP essencial maletina 15,6 &quot; recondicionado [&#8230;]<\/p>\n<p><a class=\"btn btn-secondary understrap-read-more-link\" href=\"https:\/\/digalco.com\/pt-pt\/produto\/opcao-portatil-hp-essential-maletin-156-reacondicionado-recondicionado-pt-13495\/\">Continuar a ler&#8230;<span class=\"screen-reader-text\"> from Op\u00e7\u00e3o port\u00e1til HP Essential Maletin 15,6&#8243; | Recondicionado<\/span><\/a><\/p>\n","protected":false},"featured_media":268744,"template":"","meta":[],"product_brand":[3854],"product_cat":[3061,1515,3061,3045,3045,1515],"product_tag":[],"class_list":{"0":"post-268759","1":"product","2":"type-product","3":"status-publish","4":"has-post-thumbnail","6":"product_brand-hp","7":"product_cat-laptops-opcaos-bolsas-pt","8":"product_cat-laptops-pt","10":"product_cat-laptops-opcaos-pt","14":"first","15":"instock","16":"taxable","17":"shipping-taxable","18":"purchasable","19":"product-type-simple"},"bundled_by":[],"bundle_stock_status":"instock","bundle_stock_quantity":217,"bundle_virtual":false,"bundle_layout":"","bundle_add_to_cart_form_location":"","bundle_editable_in_cart":false,"bundle_sold_individually_context":"","bundle_item_grouping":"","bundle_min_size":"","bundle_max_size":"","bundle_price":[],"bundled_items":[],"bundle_sell_ids":[],"exclude_global_add_ons":[],"addons":[],"df_price":30,"df_sale_price":"","df_regular_price":30,"df_image_link":"https:\/\/digalco.com\/wp-content\/uploads\/images\/product\/13495\/hp02972_01-300x225.jpg","_links":{"self":[{"href":"https:\/\/digalco.com\/pt-pt\/wp-json\/wp\/v2\/product\/268759","targetHints":{"allow":["GET"]}}],"collection":[{"href":"https:\/\/digalco.com\/pt-pt\/wp-json\/wp\/v2\/product"}],"about":[{"href":"https:\/\/digalco.com\/pt-pt\/wp-json\/wp\/v2\/types\/product"}],"wp:featuredmedia":[{"embeddable":true,"href":"https:\/\/digalco.com\/pt-pt\/wp-json\/wp\/v2\/media\/268744"}],"wp:attachment":[{"href":"https:\/\/digalco.com\/pt-pt\/wp-json\/wp\/v2\/media?parent=268759"}],"wp:term":[{"taxonomy":"product_brand","embeddable":true,"href":"https:\/\/digalco.com\/pt-pt\/wp-json\/wp\/v2\/product_brand?post=268759"},{"taxonomy":"product_cat","embeddable":true,"href":"https:\/\/digalco.com\/pt-pt\/wp-json\/wp\/v2\/product_cat?post=268759"},{"taxonomy":"product_tag","embeddable":true,"href":"https:\/\/digalco.com\/pt-pt\/wp-json\/wp\/v2\/product_tag?post=268759"}],"curies":[{"name":"wp","href":"https:\/\/api.w.org\/{rel}","templated":true}]}}