{"id":268946,"date":"2025-09-02T16:38:42","date_gmt":"2025-09-02T14:38:42","guid":{"rendered":"https:\/\/digalco.com\/tienda\/wincor-nixdorf-beetle-ipos-plus-advanced-15-aio-recondicionado-core-i5-23ghz-16-gb-ram-512-gb-ssd-pt-13974\/"},"modified":"2026-02-19T12:20:40","modified_gmt":"2026-02-19T11:20:40","slug":"wincor-nixdorf-beetle-ipos-plus-advanced-15-aio-recondicionado-core-i5-23ghz-16-gb-ram-512-gb-ssd-pt-13974","status":"publish","type":"product","link":"https:\/\/digalco.com\/pt-pt\/produto\/wincor-nixdorf-beetle-ipos-plus-advanced-15-aio-recondicionado-core-i5-23ghz-16-gb-ram-512-gb-ssd-pt-13974\/","title":{"rendered":"Wincor Nixdorf BEETLE \/iPOS Plus Advanced 15&#8221; AIO | Recondicionado | Core i5 2.3GHz | 16 GB RAM | 512 GB SSD"},"content":{"rendered":"<p><strong>Processador<\/strong><br \/>Intel Core i5 6500TE 2.3 GHz.<br \/><strong>Fator de forma<\/strong><br \/>AIO<br \/><strong>Mem\u00f3ria RAM<\/strong><br \/>16 Gb. SO-DDR4 RAM<br \/><strong>Disco r\u00edgido<\/strong><br \/>512 Gb. SSD<br \/><strong>Cart\u00f5es<\/strong><br \/>Placa gr\u00e1fica: Intel Hd 530<br \/>Som: Realtec ALC269VC<br \/>Network: RTL8111\/8168\/8411<br \/><strong>Sistema operativo<\/strong><br \/>Windows 10 Home<br \/><strong>Portos<\/strong><br \/>2x S\u00e9rie<br \/>4x USB 2.0<br \/>e-SATA<br \/><strong>Tela<\/strong><br \/>T\u00e1til 15 &#8221; HD 4:3 \u00b7 Resolu\u00e7\u00e3o 1024&#215;768<br \/><strong>Portas de v\u00eddeo<\/strong><br \/>DVI<br \/><strong>Espec\u00edfico tela<\/strong><br \/>Apoio VESA<br \/>Fonte alimenta\u00e7\u00e3o externa<br \/>Tens\u00e3o fonte alimenta\u00e7\u00e3o externa 24V<br \/>Pedestal<br \/><strong>Conectividade<\/strong><br \/>RJ-45<br \/><strong>Outros<\/strong><br \/>hR embalagens<br \/><strong>Dimens\u00f5es<\/strong><br \/>36&#215;31.5&#215;18.5 cm.<br \/><strong>Peso<\/strong><br \/>5.35 Kg.<br \/><strong>Especifica\u00e7\u00f5es adicionais<\/strong><br \/>O Wincor Nixdorf BEETLE iPOS Plus Advanced POS \u00e9 uma solu\u00e7\u00e3o profissional de alto desempenho concebida para ambientes comerciais que exigem fiabilidade, rapidez e compatibilidade com os principais sistemas de gest\u00e3o. Incorpora um potente processador Intel Core i5 6500TE a 2,3 GHz, 16 GB de mem\u00f3ria SO-DDR4 e um SSD de 512 GB, o que garante uma resposta r\u00e1pida e flu\u00edda mesmo em aplica\u00e7\u00f5es exigentes. O seu sistema operativo Windows 10 Home permite uma total integra\u00e7\u00e3o com plataformas POS de \u00faltima gera\u00e7\u00e3o, enquanto o seu ecr\u00e3 t\u00e1til de 15 polegadas em formato 4.3 e resolu\u00e7\u00e3o de 1024&#215;768 oferece uma experi\u00eancia de utilizador confort\u00e1vel, precisa e muito intuitiva, ideal para balc\u00f5es com atendimento direto ao cliente. Este modelo possui uma conectividade essencial para o ambiente empresarial, incluindo uma porta USB de 24 V e uma porta espec\u00edfica para gavetas de dinheiro, facilitando a liga\u00e7\u00e3o de perif\u00e9ricos essenciais, como impressoras, leitores de c\u00f3digo de barras ou gavetas inteligentes. O seu design compacto, robusto e fi\u00e1vel faz do Wincor Nixdorf BEETLE iPOS Plus Advanced a escolha perfeita para empresas que procuram um POS de ecr\u00e3 t\u00e1ctil de alta qualidade, preparado para uso di\u00e1rio intensivo em setores como o retalho, a hotelaria e a restaura\u00e7\u00e3o.Excelente apar\u00eancia exterior. Veja &#8220;+ Fotos&#8221; e, em caso de d\u00favida, ligue-nos ou utilize o nosso chat para obter mais informa\u00e7\u00f5es ou solicitar mais detalhes.<br \/><strong>Coment\u00e1rios<\/strong><br \/><u>1xusb 24v &#8211; 1xPorta para gaveta de dinheiro<\/u><\/p>\n","protected":false},"excerpt":{"rendered":"<p>Intel Core i5 6500TE 2.3 GHz. \u00b7 16 Gb. SO-DDR4 RAM \u00b7 512 Gb. SSD \u00b7 Windows 10 Home \u00b7 T\u00e1til 15 &#8221; HD 4:3 \u00b7 Resolu\u00e7\u00e3o 1024&#215;768 \u00b7<br \/>\n<u>1xusb 24v &#8211; 1xPorta para gaveta de dinheiro<br \/>\n<\/u> [&#8230;]<\/p>\n<p><a class=\"btn btn-secondary understrap-read-more-link\" href=\"https:\/\/digalco.com\/pt-pt\/produto\/wincor-nixdorf-beetle-ipos-plus-advanced-15-aio-recondicionado-core-i5-23ghz-16-gb-ram-512-gb-ssd-pt-13974\/\">Continuar a ler&#8230;<span class=\"screen-reader-text\"> from Wincor Nixdorf BEETLE \/iPOS Plus Advanced 15&#8221; AIO | Recondicionado | Core i5 2.3GHz | 16 GB RAM | 512 GB SSD<\/span><\/a><\/p>\n","protected":false},"featured_media":268920,"template":"","meta":[],"product_brand":[3940],"product_cat":[1595,1599],"product_tag":[],"class_list":{"0":"post-268946","1":"product","2":"type-product","3":"status-publish","4":"has-post-thumbnail","6":"product_brand-wincor-nixdorf","7":"product_cat-pos-pt","8":"product_cat-pos-all-in-one-pt","10":"first","11":"instock","12":"taxable","13":"shipping-taxable","14":"purchasable","15":"product-type-simple"},"bundled_by":[],"bundle_stock_status":"instock","bundle_stock_quantity":10,"bundle_virtual":false,"bundle_layout":"","bundle_add_to_cart_form_location":"","bundle_editable_in_cart":false,"bundle_sold_individually_context":"","bundle_item_grouping":"","bundle_min_size":"","bundle_max_size":"","bundle_price":[],"bundled_items":[],"bundle_sell_ids":[],"exclude_global_add_ons":true,"addons":{"webcam-upgrades":{"name":"Extens\u00e3o Webcam","type":"multiple_choice","position":0,"required":false,"title_format":"heading","default":"","description_enable":false,"description":"","placeholder_enable":false,"placeholder":"","display":"radiobutton","restrictions_type":"any_text","adjust_price":false,"price":"","price_type":"quantity_based","restrictions":false,"min":"0","max":"0","options":[{"label":"Conceptronic AMDIS FullHD [AMP00085]","price":"29.0000","price_type":"quantity_based","image":0,"visibility":true}]},"ram-memory-upgrades":{"name":"Extens\u00e3o RAM","type":"multiple_choice","position":0,"required":false,"title_format":"heading","default":"","description_enable":false,"description":"","placeholder_enable":false,"placeholder":"","display":"radiobutton","restrictions_type":"any_text","adjust_price":false,"price":"","price_type":"quantity_based","restrictions":false,"min":"0","max":"0","options":[{"label":"Extens\u00e3o SODIM RAM 32 Gb [AMP00098]","price":150,"price_type":"quantity_based","image":0,"visibility":true}]},"hdd-upgrades":{"name":"Extens\u00e3o disco r\u00edgido","type":"multiple_choice","position":0,"required":false,"title_format":"heading","default":"","description_enable":false,"description":"","placeholder_enable":false,"placeholder":"","display":"radiobutton","restrictions_type":"any_text","adjust_price":false,"price":"","price_type":"quantity_based","restrictions":false,"min":"0","max":"0","options":[{"label":"Cambio a Disco SSD 1 Tb. [AMP00071]","price":95,"price_type":"quantity_based","image":0,"visibility":true}]},"network-card-upgrades":{"name":"Extens\u00e3o WIFI","type":"multiple_choice","position":0,"required":false,"title_format":"heading","default":"","description_enable":false,"description":"","placeholder_enable":false,"placeholder":"","display":"radiobutton","restrictions_type":"any_text","adjust_price":false,"price":"","price_type":"quantity_based","restrictions":false,"min":"0","max":"0","options":[{"label":"Ampliaci\u00f3n a Wireless nano USB [AMP00018]","price":"12.0000","price_type":"quantity_based","image":0,"visibility":true}]},"os-upgrades":{"name":"Extens\u00e3o OS","type":"multiple_choice","position":0,"required":false,"title_format":"heading","default":"","description_enable":false,"description":"","placeholder_enable":false,"placeholder":"","display":"radiobutton","restrictions_type":"any_text","adjust_price":false,"price":"","price_type":"quantity_based","restrictions":false,"min":"0","max":"0","options":[{"label":"Alterar idioma para franc\u00eas [AMP00125]","price":"0.0000","price_type":"quantity_based","image":0,"visibility":true},{"label":"Alterar idioma para ingl\u00eas [AMP00008]","price":"0.0000","price_type":"quantity_based","image":0,"visibility":true},{"label":"Alterar idioma para o portugu\u00eas [AMP00009]","price":"0.0000","price_type":"quantity_based","image":0,"visibility":true}]},"keyboard-upgrades":{"name":"Extens\u00e3o teclado","type":"multiple_choice","position":0,"required":false,"title_format":"heading","default":"","description_enable":false,"description":"","placeholder_enable":false,"placeholder":"","display":"radiobutton","restrictions_type":"any_text","adjust_price":false,"price":"","price_type":"quantity_based","restrictions":false,"min":"0","max":"0","options":[{"label":"Teclado e Mouse [AMP00020]","price":"8.0000","price_type":"quantity_based","image":0,"visibility":true},{"label":"Teclado e Mouse Portugu\u00e9s Nuevo [AMP00088]","price":"15.0000","price_type":"quantity_based","image":0,"visibility":true},{"label":"Teclado e mouse USB em espanhol (Novo) [AMP00068]","price":"12.0000","price_type":"quantity_based","image":0,"visibility":true}]}},"df_price":327,"df_sale_price":"","df_regular_price":327,"df_image_link":"https:\/\/digalco.com\/wp-content\/uploads\/images\/product\/13974\/winc00071_01-300x225.jpg","_links":{"self":[{"href":"https:\/\/digalco.com\/pt-pt\/wp-json\/wp\/v2\/product\/268946","targetHints":{"allow":["GET"]}}],"collection":[{"href":"https:\/\/digalco.com\/pt-pt\/wp-json\/wp\/v2\/product"}],"about":[{"href":"https:\/\/digalco.com\/pt-pt\/wp-json\/wp\/v2\/types\/product"}],"wp:featuredmedia":[{"embeddable":true,"href":"https:\/\/digalco.com\/pt-pt\/wp-json\/wp\/v2\/media\/268920"}],"wp:attachment":[{"href":"https:\/\/digalco.com\/pt-pt\/wp-json\/wp\/v2\/media?parent=268946"}],"wp:term":[{"taxonomy":"product_brand","embeddable":true,"href":"https:\/\/digalco.com\/pt-pt\/wp-json\/wp\/v2\/product_brand?post=268946"},{"taxonomy":"product_cat","embeddable":true,"href":"https:\/\/digalco.com\/pt-pt\/wp-json\/wp\/v2\/product_cat?post=268946"},{"taxonomy":"product_tag","embeddable":true,"href":"https:\/\/digalco.com\/pt-pt\/wp-json\/wp\/v2\/product_tag?post=268946"}],"curies":[{"name":"wp","href":"https:\/\/api.w.org\/{rel}","templated":true}]}}