{"id":274314,"date":"2025-10-08T17:44:13","date_gmt":"2025-10-08T15:44:13","guid":{"rendered":"https:\/\/digalco.com\/tienda\/dell-e198wfpf-19-lcd-1610-recondicionado-1440x900-pt-14154\/"},"modified":"2026-04-15T15:15:19","modified_gmt":"2026-04-15T13:15:19","slug":"dell-e198wfpf-19-lcd-1610-recondicionado-1440x900-pt-14154","status":"publish","type":"product","link":"https:\/\/digalco.com\/pt-pt\/produto\/dell-e198wfpf-19-lcd-1610-recondicionado-1440x900-pt-14154\/","title":{"rendered":"Dell E198WFPf 19&#8221; LCD 16:10 | Recondicionado | 1440&#215;900"},"content":{"rendered":"<p><strong>Tela<\/strong><br \/>LCD 19 &#8221; HD 16:10 \u00b7 Resolu\u00e7\u00e3o 1440&#215;900<br \/>Resposta 5 ms<br \/>Contraste 1000:1<br \/>Brilho 300 cd\/m2<br \/>\u00c2ngulo vis\u00e3o 160\u00b0v\/160\u00b0h<br \/><strong>Portas de v\u00eddeo<\/strong><br \/>VGA<br \/>DVI<br \/><strong>Espec\u00edfico tela<\/strong><br \/>Apoio VESA<br \/>Pedestal<br \/><strong>Dimens\u00f5es<\/strong><br \/>36.5&#215;44.5&#215;14 cm.<br \/><strong>Peso<\/strong><br \/>5.00 Kg.<br \/><strong>Especifica\u00e7\u00f5es adicionais<\/strong><br \/>O Dell E198WFPf \u00e9 um monitor LCD de 19 polegadas no formato 16:10 com resolu\u00e7\u00e3o HD (1440&#215;900), ideal para escrit\u00f3rios, salas de aula e uso dom\u00e9stico. Seu painel oferece contraste de 1000:1 e brilho de 300 cd\/m\u00b2, garantindo imagens n\u00edtidas e cores equilibradas em qualquer ambiente de trabalho.Com tempo de resposta de 5 ms e \u00e2ngulos de vis\u00e3o de 160\u00b0 na vertical e horizontal, proporciona visualiza\u00e7\u00e3o confort\u00e1vel e sem distor\u00e7\u00f5es de diferentes posi\u00e7\u00f5es. Inclui conex\u00f5es VGA e DVI para integra\u00e7\u00e3o vers\u00e1til com diversos equipamentos e vem com cabo de alimenta\u00e7\u00e3o e cabo VGA para instala\u00e7\u00e3o r\u00e1pida.O Dell E198WFPf combina funcionalidade, efici\u00eancia e design compacto, tornando-se uma escolha pr\u00e1tica e confi\u00e1vel para quem busca um monitor de qualidade para o dia a dia.Bom aspeto exterior. Se tiver alguma d\u00favida, ligue-nos ou utilize o nosso chat para obter mais informa\u00e7\u00f5es ou solicitar mais detalhes.<br \/><strong>Coment\u00e1rios<\/strong><br \/><u>Cabo de alimenta\u00e7\u00e3o e VGA inclu\u00eddo<\/u><\/p>\n","protected":false},"excerpt":{"rendered":"<p>LCD 19 &#8221; HD 16:10 \u00b7 Resolu\u00e7\u00e3o 1440&#215;900 \u00b7 Resposta 5 ms \u00b7 Contraste 1000:1 \u00b7 Brilho 300 cd\/m2 \u00b7 VGA \u00b7 DVI \u00b7<br \/>\n<u>Cabo de alimenta\u00e7\u00e3o e VGA inclu\u00eddo<br \/>\n<\/u> [&#8230;]<\/p>\n<p><a class=\"btn btn-secondary understrap-read-more-link\" href=\"https:\/\/digalco.com\/pt-pt\/produto\/dell-e198wfpf-19-lcd-1610-recondicionado-1440x900-pt-14154\/\">Continuar a ler&#8230;<span class=\"screen-reader-text\"> from Dell E198WFPf 19&#8221; LCD 16:10 | Recondicionado | 1440&#215;900<\/span><\/a><\/p>\n","protected":false},"featured_media":274288,"template":"","meta":[],"product_brand":[3852],"product_cat":[2373,1491],"product_tag":[],"class_list":{"0":"post-274314","1":"product","2":"type-product","3":"status-publish","4":"has-post-thumbnail","6":"product_brand-dell","7":"product_cat-monitores-19-pt","8":"product_cat-monitores-pt","10":"first","11":"instock","12":"taxable","13":"shipping-taxable","14":"purchasable","15":"product-type-simple"},"bundled_by":[],"bundle_stock_status":"instock","bundle_stock_quantity":1,"bundle_virtual":false,"bundle_layout":"","bundle_add_to_cart_form_location":"","bundle_editable_in_cart":false,"bundle_sold_individually_context":"","bundle_item_grouping":"","bundle_min_size":"","bundle_max_size":"","bundle_price":[],"bundled_items":[],"bundle_sell_ids":[],"exclude_global_add_ons":true,"addons":{"webcam-upgrades":{"name":"Extens\u00e3o Webcam","type":"multiple_choice","position":0,"required":false,"title_format":"heading","default":"","description_enable":false,"description":"","placeholder_enable":false,"placeholder":"","display":"radiobutton","restrictions_type":"any_text","adjust_price":false,"price":"","price_type":"quantity_based","restrictions":false,"min":"0","max":"0","options":[{"label":"Conceptronic AMDIS FullHD [AMP00085]","price":"29.0000","price_type":"quantity_based","image":0,"visibility":true}]},"hdmi-upgrades":{"name":"Extens\u00e3o cabo","type":"multiple_choice","position":0,"required":false,"title_format":"heading","default":"","description_enable":false,"description":"","placeholder_enable":false,"placeholder":"","display":"radiobutton","restrictions_type":"any_text","adjust_price":false,"price":"","price_type":"quantity_based","restrictions":false,"min":"0","max":"0","options":[{"label":"Cabo DVI-D M \/ M Dual Link 1,8 mts. [AMP00102]","price":"2.0000","price_type":"quantity_based","image":0,"visibility":true}]}},"df_price":46,"df_sale_price":"","df_regular_price":46,"df_image_link":"https:\/\/digalco.com\/wp-content\/uploads\/images\/product\/14154\/dell01534_01-300x225.jpg","_links":{"self":[{"href":"https:\/\/digalco.com\/pt-pt\/wp-json\/wp\/v2\/product\/274314","targetHints":{"allow":["GET"]}}],"collection":[{"href":"https:\/\/digalco.com\/pt-pt\/wp-json\/wp\/v2\/product"}],"about":[{"href":"https:\/\/digalco.com\/pt-pt\/wp-json\/wp\/v2\/types\/product"}],"wp:featuredmedia":[{"embeddable":true,"href":"https:\/\/digalco.com\/pt-pt\/wp-json\/wp\/v2\/media\/274288"}],"wp:attachment":[{"href":"https:\/\/digalco.com\/pt-pt\/wp-json\/wp\/v2\/media?parent=274314"}],"wp:term":[{"taxonomy":"product_brand","embeddable":true,"href":"https:\/\/digalco.com\/pt-pt\/wp-json\/wp\/v2\/product_brand?post=274314"},{"taxonomy":"product_cat","embeddable":true,"href":"https:\/\/digalco.com\/pt-pt\/wp-json\/wp\/v2\/product_cat?post=274314"},{"taxonomy":"product_tag","embeddable":true,"href":"https:\/\/digalco.com\/pt-pt\/wp-json\/wp\/v2\/product_tag?post=274314"}],"curies":[{"name":"wp","href":"https:\/\/api.w.org\/{rel}","templated":true}]}}