{"id":274699,"date":"2025-10-10T12:09:26","date_gmt":"2025-10-10T10:09:26","guid":{"rendered":"https:\/\/digalco.com\/tienda\/impressora-laser-sharp-mx-2614-recondicionado-pt-14187\/"},"modified":"2026-03-02T17:20:19","modified_gmt":"2026-03-02T16:20:19","slug":"impressora-laser-sharp-mx-2614-recondicionado-pt-14187","status":"publish","type":"product","link":"https:\/\/digalco.com\/pt-pt\/produto\/impressora-laser-sharp-mx-2614-recondicionado-pt-14187\/","title":{"rendered":"Impressora L\u00e1ser Sharp MX-2614 | Recondicionado"},"content":{"rendered":"<p><strong>Geral impressora<\/strong><br \/>Color<br \/>Resolu\u00e7\u00e3o 600x600ppp<br \/>Mem\u00f3ria RAM 2048Mb.<br \/>Linguagem da impressora PCL6<br \/><strong>Multifuncional<\/strong><br \/>Resolu\u00e7\u00e3o do scanner 600dpi<br \/><strong>C\u00f3pias<\/strong><br \/>Preto e branco 26 ppm<br \/>Cor 26 ppm<br \/><strong>Manuseio de papel<\/strong><br \/>Duplo<br \/>ADF: 100 folhas<br \/>Bandeja: 500 folhas<br \/>Bandeja manual: 100 folhas<br \/>Bandeja 2: 500 folhas<br \/><strong>Conectividade impressora<\/strong><br \/>USB, Rede<br \/><strong>Dimens\u00f5es<\/strong><br \/>122x64x62 cm.<br \/><strong>Peso<\/strong><br \/>90.00 Kg.<br \/><strong>Especifica\u00e7\u00f5es adicionais<\/strong><br \/><b>Controlo de qualidade\/testes de laborat\u00f3rio:<\/b><br \/>Funciona corretamente e \u00e9 fornecida completa e sem danos. N\u00e3o inclui cabos.<br \/>P\u00e1gina de teste inclu\u00edda (teste de impress\u00e3o a partir da pr\u00f3pria m\u00e1quina).<br \/>Testes de impress\u00e3o a partir de todas as portas da m\u00e1quina.<br \/>Testes de impress\u00e3o a partir de todas as bandejas.<br \/>Toner usado (original\/compat\u00edvel). Sem garantia.<br \/>Bom aspeto exterior. Se tiver alguma d\u00favida, ligue-nos ou use o nosso chat para obter mais informa\u00e7\u00f5es ou solicitar mais detalhes.<br \/><b>P\u00e1ginas: <\/b>303.124<br \/><b>Toner Preto: <\/b>Quase Esgotado<br \/><b>Toner Cyan: <\/b>25%<br \/><b>Toner Magenta: <\/b>75%<br \/><b>Toner Amarelo:<\/b> 25%<br \/><b>Estas m\u00e1quinas s\u00e3o fornecidas com uma garantia de 7 dias<\/b>. Especialmente direcionadas a profissionais de impress\u00e3o que, atrav\u00e9s da sua qualifica\u00e7\u00e3o, possam acrescentar valor final ao seu cliente.<br \/><strong>Coment\u00e1rios<\/strong><br \/><u>HDD 320 Gb.<\/u><\/p>\n","protected":false},"excerpt":{"rendered":"<p>Tamanho do papel A3 \u00b7 Duplo \u00b7 Preto e branco 26ppm \u00b7 Cor 26ppm \u00b7 Resolu\u00e7\u00e3o 600x600ppp \u00b7 Mem\u00f3ria RAM 2048Mb. \u00b7 USB, Rede \u00b7 Bandejas: 1&#215;500\/1&#215;100\/1&#215;500 folhas \u00b7 <u>HDD 320 Gb.<\/u> [&#8230;]<\/p>\n<p><a class=\"btn btn-secondary understrap-read-more-link\" href=\"https:\/\/digalco.com\/pt-pt\/produto\/impressora-laser-sharp-mx-2614-recondicionado-pt-14187\/\">Continuar a ler&#8230;<span class=\"screen-reader-text\"> from Impressora L\u00e1ser Sharp MX-2614 | Recondicionado<\/span><\/a><\/p>\n","protected":false},"featured_media":274668,"template":"","meta":[],"product_brand":[3938],"product_cat":[1719,1671,1703],"product_tag":[],"class_list":{"0":"post-274699","1":"product","2":"type-product","3":"status-publish","4":"has-post-thumbnail","6":"product_brand-sharp","7":"product_cat-fotocopiadoras-pt","8":"product_cat-impressoras-pt","9":"product_cat-impressoras-multifuncional-pt","11":"first","12":"instock","13":"taxable","14":"shipping-taxable","15":"purchasable","16":"product-type-simple"},"bundled_by":[],"bundle_stock_status":"instock","bundle_stock_quantity":1,"bundle_virtual":false,"bundle_layout":"","bundle_add_to_cart_form_location":"","bundle_editable_in_cart":false,"bundle_sold_individually_context":"","bundle_item_grouping":"","bundle_min_size":"","bundle_max_size":"","bundle_price":[],"bundled_items":[],"bundle_sell_ids":[],"exclude_global_add_ons":[],"addons":[],"df_price":618,"df_sale_price":"","df_regular_price":618,"df_image_link":"https:\/\/digalco.com\/wp-content\/uploads\/images\/product\/14187\/sha00001_01-300x225.jpg","_links":{"self":[{"href":"https:\/\/digalco.com\/pt-pt\/wp-json\/wp\/v2\/product\/274699","targetHints":{"allow":["GET"]}}],"collection":[{"href":"https:\/\/digalco.com\/pt-pt\/wp-json\/wp\/v2\/product"}],"about":[{"href":"https:\/\/digalco.com\/pt-pt\/wp-json\/wp\/v2\/types\/product"}],"wp:featuredmedia":[{"embeddable":true,"href":"https:\/\/digalco.com\/pt-pt\/wp-json\/wp\/v2\/media\/274668"}],"wp:attachment":[{"href":"https:\/\/digalco.com\/pt-pt\/wp-json\/wp\/v2\/media?parent=274699"}],"wp:term":[{"taxonomy":"product_brand","embeddable":true,"href":"https:\/\/digalco.com\/pt-pt\/wp-json\/wp\/v2\/product_brand?post=274699"},{"taxonomy":"product_cat","embeddable":true,"href":"https:\/\/digalco.com\/pt-pt\/wp-json\/wp\/v2\/product_cat?post=274699"},{"taxonomy":"product_tag","embeddable":true,"href":"https:\/\/digalco.com\/pt-pt\/wp-json\/wp\/v2\/product_tag?post=274699"}],"curies":[{"name":"wp","href":"https:\/\/api.w.org\/{rel}","templated":true}]}}