{"id":274869,"date":"2025-10-10T14:04:56","date_gmt":"2025-10-10T12:04:56","guid":{"rendered":"https:\/\/digalco.com\/tienda\/panasonic-th-42tf20er-42-tft-169-recondicionado-1920x1080-pt-14122\/"},"modified":"2025-10-10T14:05:00","modified_gmt":"2025-10-10T12:05:00","slug":"panasonic-th-42tf20er-42-tft-169-recondicionado-1920x1080-pt-14122","status":"publish","type":"product","link":"https:\/\/digalco.com\/pt-pt\/produto\/panasonic-th-42tf20er-42-tft-169-recondicionado-1920x1080-pt-14122\/","title":{"rendered":"Panasonic TH-42TF20ER 42&#8221; TFT 16:9 | Recondicionado | 1920&#215;1080"},"content":{"rendered":"<p><strong>Tela<\/strong><br \/>TFT 42 &#8221; FullHD 16:9 \u00b7 Resolu\u00e7\u00e3o 1920&#215;1080<br \/>Contraste 5000:1<br \/>Brilho 1400 cd\/m2<br \/><strong>Portas de v\u00eddeo<\/strong><br \/>VGA<br \/>HDMI<br \/>DVI<br \/><strong>Espec\u00edfico tela<\/strong><br \/>Apoio VESA<br \/><strong>Outros<\/strong><br \/>hR embalagens<br \/><strong>Dimens\u00f5es<\/strong><br \/>1020x61x9 cm.<br \/><strong>Peso<\/strong><br \/>24.00 Kg.<br \/><strong>Especifica\u00e7\u00f5es adicionais<\/strong><br \/>O Panasonic TH-42TF20ER \u00e9 um monitor profissional de 42 polegadas, formato 16:9 e resolu\u00e7\u00e3o Full HD (1920&#215;1080), ideal para sinaliza\u00e7\u00e3o digital, ambientes comerciais, salas de controlo ou uso corporativo onde \u00e9 necess\u00e1ria grande visibilidade e fiabilidade.Gra\u00e7as ao seu alto contraste de 5000:1 e ao impressionante brilho de 1400 cd\/m\u00b2, oferece uma imagem n\u00edtida, cores intensas e excelente legibilidade mesmo em ambientes muito iluminados. O seu painel TFT garante uma reprodu\u00e7\u00e3o fiel do conte\u00fado e um funcionamento 24\/7 est\u00e1vel e duradouro.Em termos de conectividade, o Panasonic TH-42TF20ER inclui VGA, HDMI e DVI, permitindo ligar computadores, reprodutores multim\u00e9dia ou dispositivos profissionais sem necessidade de adaptadores. Al\u00e9m disso, disp\u00f5e de porta RJ45 para controlo em rede e porta s\u00e9rie para integra\u00e7\u00e3o em sistemas avan\u00e7ados de gest\u00e3o.O Panasonic TH-42TF20ER \u00e9 uma solu\u00e7\u00e3o robusta e vers\u00e1til, perfeita para digital signage, publicidade, salas de reuni\u00f5es ou instala\u00e7\u00f5es industriais onde a qualidade de imagem e a conectividade s\u00e3o essenciais.Bom aspeto exterior. Veja em \u201c+ Fotos\u201d e se tiver alguma d\u00favida ligue-nos ou use o nosso chat para obter mais informa\u00e7\u00f5es ou solicitar mais detalhes.<br \/><strong>Coment\u00e1rios<\/strong><br \/><u>1xRJ45 &#8211; 1x Porta Serial &#8211; Cabo de alimenta\u00e7\u00e3o e VGA inclu\u00eddos<\/u><\/p>\n","protected":false},"excerpt":{"rendered":"<p>TFT 42 &#8221; FullHD 16:9 \u00b7 Resolu\u00e7\u00e3o 1920&#215;1080 \u00b7 Contraste 5000:1 \u00b7 Brilho 1400 cd\/m2 \u00b7 VGA \u00b7 HDMI \u00b7 DVI \u00b7<br \/>\n<u>1xRJ45 &#8211; 1x Porta Serial &#8211; Cabo de alimenta\u00e7\u00e3o e VGA inclu\u00eddos<br \/>\n<\/u> [&#8230;]<\/p>\n<p><a class=\"btn btn-secondary understrap-read-more-link\" href=\"https:\/\/digalco.com\/pt-pt\/produto\/panasonic-th-42tf20er-42-tft-169-recondicionado-1920x1080-pt-14122\/\">Continuar a ler&#8230;<span class=\"screen-reader-text\"> from Panasonic TH-42TF20ER 42&#8221; TFT 16:9 | Recondicionado | 1920&#215;1080<\/span><\/a><\/p>\n","protected":false},"featured_media":274848,"template":"","meta":[],"product_brand":[3873],"product_cat":[2393,1491],"product_tag":[],"class_list":{"0":"post-274869","1":"product","2":"type-product","3":"status-publish","4":"has-post-thumbnail","6":"product_brand-panasonic","7":"product_cat-monitores-27-pt","8":"product_cat-monitores-pt","10":"first","11":"instock","12":"taxable","13":"shipping-taxable","14":"purchasable","15":"product-type-simple"},"bundled_by":[],"bundle_stock_status":"instock","bundle_stock_quantity":3,"bundle_virtual":false,"bundle_layout":"","bundle_add_to_cart_form_location":"","bundle_editable_in_cart":false,"bundle_sold_individually_context":"","bundle_item_grouping":"","bundle_min_size":"","bundle_max_size":"","bundle_price":[],"bundled_items":[],"bundle_sell_ids":[],"exclude_global_add_ons":true,"addons":{"hdmi-upgrades":{"name":"Extens\u00e3o cabo","type":"multiple_choice","position":0,"required":false,"title_format":"heading","default":"","description_enable":false,"description":"","placeholder_enable":false,"placeholder":"","display":"radiobutton","restrictions_type":"any_text","adjust_price":false,"price":"","price_type":"quantity_based","restrictions":false,"min":"0","max":"0","options":[{"label":"Cabo DVI-D M \/ M Dual Link 1,8 mts. [AMP00102]","price":"2.0000","price_type":"quantity_based","image":0,"visibility":true},{"label":"Cabo HDMI 2 mts. [AMP00104]","price":"6.0000","price_type":"quantity_based","image":0,"visibility":true}]}},"df_price":246,"df_sale_price":"","df_regular_price":246,"df_image_link":"https:\/\/digalco.com\/wp-content\/uploads\/images\/product\/14122\/pana00130_01-300x225.jpg","_links":{"self":[{"href":"https:\/\/digalco.com\/pt-pt\/wp-json\/wp\/v2\/product\/274869","targetHints":{"allow":["GET"]}}],"collection":[{"href":"https:\/\/digalco.com\/pt-pt\/wp-json\/wp\/v2\/product"}],"about":[{"href":"https:\/\/digalco.com\/pt-pt\/wp-json\/wp\/v2\/types\/product"}],"wp:featuredmedia":[{"embeddable":true,"href":"https:\/\/digalco.com\/pt-pt\/wp-json\/wp\/v2\/media\/274848"}],"wp:attachment":[{"href":"https:\/\/digalco.com\/pt-pt\/wp-json\/wp\/v2\/media?parent=274869"}],"wp:term":[{"taxonomy":"product_brand","embeddable":true,"href":"https:\/\/digalco.com\/pt-pt\/wp-json\/wp\/v2\/product_brand?post=274869"},{"taxonomy":"product_cat","embeddable":true,"href":"https:\/\/digalco.com\/pt-pt\/wp-json\/wp\/v2\/product_cat?post=274869"},{"taxonomy":"product_tag","embeddable":true,"href":"https:\/\/digalco.com\/pt-pt\/wp-json\/wp\/v2\/product_tag?post=274869"}],"curies":[{"name":"wp","href":"https:\/\/api.w.org\/{rel}","templated":true}]}}